{"id":393,"date":"2020-04-03T16:46:29","date_gmt":"2020-04-03T15:46:29","guid":{"rendered":"https:\/\/adriadapt.eu\/?page_id=393"},"modified":"2021-04-22T15:42:22","modified_gmt":"2021-04-22T14:42:22","slug":"ukljucivanje-dionika","status":"publish","type":"page","link":"http:\/\/adriadapt.eu\/hr\/alat-za-integralno-planiranje-prilagodbe\/ukljucivanje-dionika\/","title":{"rendered":"Uklju\u010divanje dionika"},"content":{"rendered":"\n<p><strong>Me\u0111ukoraci. Uklju\u010divanje dionika<\/strong><\/p>\n\n\n\n<p>Uklju\u010divanje dionika bitna je sastavnica ve\u0107ine <em>policy <\/em>procesa ili procesa planiranja. To se svakako odnosi na prilagodbu, s obzirom na njezinu horizontalnu i me\u0111usektorsku narav. Uklju\u010divanje dionika u procese prilagodbe ima veliku vrijednost u mogu\u0107nostima edukacije o klimatskim promjenama i potrebi za poduzimanjem akcije za klimu. Sudjelovanje u izradi planova prilagodbe ili planova i projekata poveznih s akcijom za klimu poma\u017ee u stvaranju klimatski pismene zajednice, spremne za suo\u010davanje sa zahtjevnim izazovima koje klimatske promjene predstavljaju za dru\u0161tvo u cjelini. Prilagodba je u interesu \u0161irokog spektra dionika od kojih se o\u010dekuje sudjelovanje u zajedni\u010dkom stvaranju potrebnog znanja i odluka koje treba donositi tijekom cjelokupnog procesa. Uklju\u010divanje dionika igra va\u017enu ulogu u svim koracima prilagodbe (kao \u0161to je ve\u0107 navedeno u opisu svakog koraka). Me\u0111utim, postoji jasna potreba za jasnijim usmjeravanjem njihova doprinosa, posebno zato da bi se ostvarilo najvi\u0161e koristi iz procesa uklju\u010divanja. Uklju\u010divanje dionika potrebno je organizirati od samog po\u010detka (korak 1) i taj proces povjeriti stru\u010dnjacima za komunikaciju i posredovanje. O\u010dekuje se da \u0107e dobro osmi\u0161ljen proces uklju\u010divanja posvetiti pa\u017enju transparentnosti, otvorenoj komunikaciji, povjerenju i odnosima, jasnom utvr\u0111ivanju uloga i odgovornosti i predanosti svih sudionika.&nbsp;<\/p>\n\n\n\n<ul><li>Za\u0161to i kada je va\u017eno uklju\u010divanje dionika<\/li><\/ul>\n\n\n\n<p>Proces prilagodbe treba biti otvoren prema doprinosu dionika u svakom pojedinom koraku. Me\u0111utim, uklju\u010divanje dionika u sve aktivnosti vrlo je te\u0161ko izvedivo. Glavne koristi mogu\u0107e je ostvariti putem jasnog definiranja ciljeva vezanih za uklju\u010divanje dionika i identificiranjem trenutka u kojem je njihov doprinos najkorisniji za cjelokupni proces. Odlu\u010divanje o uklju\u010divanju dionika ovisi o kontekstu, premda mo\u017eemo o\u010dekivati da je posebno va\u017eno u sljede\u0107im aktivnostima: razmjeni podataka i informacija o opasnostima i rizicima od klimatskih promjena, identificiranju prioritetnih utjecaja klimatskih promjena, zajedni\u010dkom stvaranju vizije, postavljanju ciljeva koji proizlaze iz vizije, razmjeni iskustava o mogu\u0107nostima prilagodbe, predlaganju specifi\u010dnih mjera prilagodbe, izradi plana pra\u0107enja, izvje\u0161tavanja i vrednovanja (MRE) i izradi programa za <em>governance<\/em> prilagodbe na klimatske promjene. Uklju\u010divanje dionika ne prestaje odobrenjem plana prilagodbe, ve\u0107 je presudno i za uspje\u0161nost faza provedbe i pra\u0107enja.<\/p>\n\n\n\n<ul><li>Koga uklju\u010diti<\/li><\/ul>\n\n\n\n<p>Mapiranje i analiza dionika ima za cilj utvrditi dionike koji \u0107e se uklju\u010diti u proces prilagodbe. To je korisno jer se na taj na\u010din svim sudionicima predstavljaju interesi i stavovi dionika i njihovi me\u0111usobni odnosi. Odabir dionika temelji se na transparentnim kriterijima i ima za cilj osigurati uravnote\u017eeno sudjelovanje razli\u010ditih kategorija dionika, uklju\u010duju\u0107i uprave zadu\u017eene za prilagodbu na razli\u010ditim razinama (od lokalne do dr\u017eavne razine, prema potrebi), razli\u010dite odjele nadle\u017ene organizacije, sektorska tijela, akademsku zajednicu i istra\u017eiva\u010dke institute, nevladine organizacije, druge interesne skupine i predstavnike poslovnog sektora. Ne postoji idealan broj uklju\u010denih dionika; preporu\u010duje se uravnote\u017eenost u smislu udovoljavanja potrebi za davanjem glasa svim kategorijama dionika, s time da je potrebno da taj broj ostane dovoljno malen kako bi se mogla osigurati u\u010dinkovitost postupka i posve\u0107enost dionika tijekom cjelokupnog trajanja procesa. Nakon identificiranja dionika, razjasnit \u0107e se konkretna razina njihove uklju\u010denosti, koja se kre\u0107e u rasponu od informiranja, dvosmjerne komunikacije, savjetovanja, zajedni\u010dkog stvaranja, sve do zajedni\u010dkog odlu\u010divanja itd. Razina uklju\u010denosti razlikovat \u0107e se od jedne do druge skupine dionika, a mo\u017ee se \u010dak i promijeniti u tijeku procesa. Me\u0111utim, definiranje uloga i odgovornosti svakog dionika od samog po\u010detka klju\u010dno je radi osiguravanja uspje\u0161nog uklju\u010divanja dionika. Kona\u010dno, preporu\u010duje se kori\u0161tenje postoje\u0107ih platformi dionika (na primjer, neki su gradovi mo\u017eda ve\u0107 uspostavili proces odr\u017eivog razvoja ili urbanog planiranja s posebnim naglaskom na dionike).&nbsp;<\/p>\n\n\n\n<ul><li>Evidencija kori\u0161tenja doprinosa dionika<\/li><\/ul>\n\n\n\n<p>Da bi se pove\u0107ala razina povjerenja, dionike treba redovito obavje\u0161tavati o kori\u0161tenju rezultata proiza\u0161lih iz njihovog sudjelovanja. Prilagodba treba biti&nbsp; zajedni\u010dki osmi\u0161ljen proces, a strategija ili plan koji proizlaze iz tog procesa zajedni\u010dki ishod suradnje svih uklju\u010denih dionika. U evidenciji rasprave mogu se koristiti razli\u010dite metode i instrumenti, kao \u0161to su zapisnici sa sastanaka, priru\u010dnici, plakati ili infografike koji sa\u017eeto prikazuju klju\u010dne postignute rezultate, web stranice o konkretnoj tematici, itd. Tako\u0111er, va\u017eno je definirati potrebnu razinu formalizacije doprinosa dionika. Kada se sudjelovanje dionika odnosi na op\u0107enitu razmjenu znanja i iskustava, nije potrebno inzistirati na formalizaciji. Me\u0111utim, kada se o\u010dekuje da sudionici iznesu svoje strate\u0161ke interese i izraze s njima povezane ciljeve, mogu\u0107e je da \u0107e biti potreban vi\u0161i stupanj formalizacije. Me\u0111utim, kona\u010dna odluka o razini formalizacije ovisi o konkretnom slu\u010daju. U nekim kontekstima, mo\u017ee se dati prednost neformalnim procesima kako bi se sprije\u010dilo blokiranje procesa i izbjeglo odvra\u0107anje dionika od aktivnog sudjelovanja.&nbsp;<\/p>\n\n\n\n<ul><li>Izrada plana komunikacije i podizanja svijesti.<\/li><\/ul>\n\n\n\n<p>Uspje\u0161na komunikacija o prilagodbi na klimatske promjene \u010desto je klju\u010dna za osiguravanje podr\u0161ke javnosti, daljnje ja\u010danje sudjelovanja javnosti i ja\u010danja razine svijesti o izazovima klimatskih promjena i mogu\u0107im rje\u0161enjima. Potreban je stabilan komunikacijski plan kako bi se glavni rezultati procesa prilagodbe uspje\u0161no prenijeli razli\u010ditim ciljanim skupinama. Da bi se to ostvarilo, trebalo bi:<\/p>\n\n\n\n<ul><li>pojasniti terminologiju; zna\u010denje pojmova kao \u0161to su ranjivost, rizik, ubla\u017eavanje, prilagodba, koji mo\u017eda nisu svima jasni na prvi pogled<\/li><li>formulirati prenesene poruke na na\u010din blizak korisnicima (u smislu jezika, sadr\u017eaja i formata) uzimaju\u0107i u obzir da razli\u010dite skupine ciljane publike zahtijevaju razli\u010dite pristupe<\/li><li>zajedno s rezultatima, tako\u0111er prenijeti i s njima povezane pretpostavke i neizvjesnosti (npr. o budu\u0107im scenarijima i projekcijama klimatskih promjena)<\/li><li>usredoto\u010diti se i na primjere dobre prakse, a ne samo na metodolo\u0161ke i teorijske aspekte<\/li><li>na najbolji mogu\u0107i na\u010din iskoristiti kombinaciju komunikacijskih pristupa (izravno sudjelovanje, masovni mediji, internet, dru\u0161tvene mre\u017ee) i sredstava (kratki tekstovi, infografike, video i audio materijali, razmjena iskustava na sastancima, itd.) kako bi se moglo doprijeti do \u0161to ve\u0107eg broja ljudi<\/li><\/ul>\n\n\n\n<p><em><strong>Rezultati uklju\u010divanja dionika:<\/strong><\/em><\/p>\n\n\n\n<ul><li>Dokument s rezultatima mapiranja i analize dionika\u00a0<\/li><li>Dokument s planom aktivnosti uklju\u010divanja dionika<\/li><li>Evidencija o rezultatima procesa uklju\u010divanja dionika<\/li><li>Plan komunikacije i podizanja svijesti o prilagodbi<\/li><\/ul>\n\n\n\n<p>STUDIJA SLU\u010cAJA: Radionice \u201eClimagine\u201c iz Obalnog plana \u0160K\u017d-a.<\/p>\n","protected":false},"excerpt":{"rendered":"<p>Me\u0111ukoraci. Uklju\u010divanje dionika Uklju\u010divanje dionika bitna je sastavnica ve\u0107ine policy procesa ili procesa planiranja. To se svakako odnosi na prilagodbu, s obzirom na njezinu horizontalnu i me\u0111usektorsku narav. Uklju\u010divanje dionika u procese prilagodbe ima<\/p>\n","protected":false},"author":1,"featured_media":0,"parent":391,"menu_order":6,"comment_status":"closed","ping_status":"closed","template":"","meta":[],"acf":[],"yoast_head":"<!-- This site is optimized with the Yoast SEO plugin v19.14 - https:\/\/yoast.com\/wordpress\/plugins\/seo\/ -->\n<title>Uklju\u010divanje dionika - AdriAdapt<\/title>\n<meta name=\"description\" content=\"Me\u0111ukoraci. Uklju\u010divanje dionika Uklju\u010divanje dionika bitna je sastavnica ve\u0107ine policy procesa ili procesa planiranja. To se svakako odnosi na\" \/>\n<meta name=\"robots\" content=\"index, follow, max-snippet:-1, max-image-preview:large, max-video-preview:-1\" \/>\n<link rel=\"canonical\" href=\"http:\/\/adriadapt.eu\/hr\/alat-za-integralno-planiranje-prilagodbe\/ukljucivanje-dionika\/\" \/>\n<meta property=\"og:locale\" content=\"hr_HR\" \/>\n<meta property=\"og:type\" content=\"article\" \/>\n<meta property=\"og:title\" content=\"Uklju\u010divanje dionika - AdriAdapt\" \/>\n<meta property=\"og:description\" content=\"Me\u0111ukoraci. Uklju\u010divanje dionika Uklju\u010divanje dionika bitna je sastavnica ve\u0107ine policy procesa ili procesa planiranja. To se svakako odnosi na\" \/>\n<meta property=\"og:url\" content=\"http:\/\/adriadapt.eu\/hr\/alat-za-integralno-planiranje-prilagodbe\/ukljucivanje-dionika\/\" \/>\n<meta property=\"og:site_name\" content=\"AdriAdapt\" \/>\n<meta property=\"article:modified_time\" content=\"2021-04-22T14:42:22+00:00\" \/>\n<meta name=\"twitter:card\" content=\"summary_large_image\" \/>\n<meta name=\"twitter:label1\" content=\"Procijenjeno vrijeme \u010ditanja\" \/>\n\t<meta name=\"twitter:data1\" content=\"5 minuta\" \/>\n<script type=\"application\/ld+json\" class=\"yoast-schema-graph\">{\"@context\":\"https:\/\/schema.org\",\"@graph\":[{\"@type\":\"WebPage\",\"@id\":\"http:\/\/adriadapt.eu\/hr\/alat-za-integralno-planiranje-prilagodbe\/ukljucivanje-dionika\/\",\"url\":\"http:\/\/adriadapt.eu\/hr\/alat-za-integralno-planiranje-prilagodbe\/ukljucivanje-dionika\/\",\"name\":\"Uklju\u010divanje dionika - AdriAdapt\",\"isPartOf\":{\"@id\":\"http:\/\/adriadapt.eu\/hr\/#website\"},\"datePublished\":\"2020-04-03T15:46:29+00:00\",\"dateModified\":\"2021-04-22T14:42:22+00:00\",\"description\":\"Me\u0111ukoraci. Uklju\u010divanje dionika Uklju\u010divanje dionika bitna je sastavnica ve\u0107ine policy procesa ili procesa planiranja. To se svakako odnosi na\",\"breadcrumb\":{\"@id\":\"http:\/\/adriadapt.eu\/hr\/alat-za-integralno-planiranje-prilagodbe\/ukljucivanje-dionika\/#breadcrumb\"},\"inLanguage\":\"hr\",\"potentialAction\":[{\"@type\":\"ReadAction\",\"target\":[\"http:\/\/adriadapt.eu\/hr\/alat-za-integralno-planiranje-prilagodbe\/ukljucivanje-dionika\/\"]}]},{\"@type\":\"BreadcrumbList\",\"@id\":\"http:\/\/adriadapt.eu\/hr\/alat-za-integralno-planiranje-prilagodbe\/ukljucivanje-dionika\/#breadcrumb\",\"itemListElement\":[{\"@type\":\"ListItem\",\"position\":1,\"name\":\"Home\",\"item\":\"http:\/\/adriadapt.eu\/hr\/\"},{\"@type\":\"ListItem\",\"position\":2,\"name\":\"Alat za integralno planiranje prilagodbe\",\"item\":\"http:\/\/adriadapt.eu\/hr\/alat-za-integralno-planiranje-prilagodbe\/\"},{\"@type\":\"ListItem\",\"position\":3,\"name\":\"Uklju\u010divanje dionika\"}]},{\"@type\":\"WebSite\",\"@id\":\"http:\/\/adriadapt.eu\/hr\/#website\",\"url\":\"http:\/\/adriadapt.eu\/hr\/\",\"name\":\"AdriAdapt\",\"description\":\"a Resilience information platform for Adriatic cities and towns\",\"potentialAction\":[{\"@type\":\"SearchAction\",\"target\":{\"@type\":\"EntryPoint\",\"urlTemplate\":\"http:\/\/adriadapt.eu\/hr\/?s={search_term_string}\"},\"query-input\":\"required name=search_term_string\"}],\"inLanguage\":\"hr\"}]}<\/script>\n<!-- \/ Yoast SEO plugin. -->","yoast_head_json":{"title":"Uklju\u010divanje dionika - AdriAdapt","description":"Me\u0111ukoraci. Uklju\u010divanje dionika Uklju\u010divanje dionika bitna je sastavnica ve\u0107ine policy procesa ili procesa planiranja. To se svakako odnosi na","robots":{"index":"index","follow":"follow","max-snippet":"max-snippet:-1","max-image-preview":"max-image-preview:large","max-video-preview":"max-video-preview:-1"},"canonical":"http:\/\/adriadapt.eu\/hr\/alat-za-integralno-planiranje-prilagodbe\/ukljucivanje-dionika\/","og_locale":"hr_HR","og_type":"article","og_title":"Uklju\u010divanje dionika - AdriAdapt","og_description":"Me\u0111ukoraci. Uklju\u010divanje dionika Uklju\u010divanje dionika bitna je sastavnica ve\u0107ine policy procesa ili procesa planiranja. To se svakako odnosi na","og_url":"http:\/\/adriadapt.eu\/hr\/alat-za-integralno-planiranje-prilagodbe\/ukljucivanje-dionika\/","og_site_name":"AdriAdapt","article_modified_time":"2021-04-22T14:42:22+00:00","twitter_card":"summary_large_image","twitter_misc":{"Procijenjeno vrijeme \u010ditanja":"5 minuta"},"schema":{"@context":"https:\/\/schema.org","@graph":[{"@type":"WebPage","@id":"http:\/\/adriadapt.eu\/hr\/alat-za-integralno-planiranje-prilagodbe\/ukljucivanje-dionika\/","url":"http:\/\/adriadapt.eu\/hr\/alat-za-integralno-planiranje-prilagodbe\/ukljucivanje-dionika\/","name":"Uklju\u010divanje dionika - AdriAdapt","isPartOf":{"@id":"http:\/\/adriadapt.eu\/hr\/#website"},"datePublished":"2020-04-03T15:46:29+00:00","dateModified":"2021-04-22T14:42:22+00:00","description":"Me\u0111ukoraci. Uklju\u010divanje dionika Uklju\u010divanje dionika bitna je sastavnica ve\u0107ine policy procesa ili procesa planiranja. To se svakako odnosi na","breadcrumb":{"@id":"http:\/\/adriadapt.eu\/hr\/alat-za-integralno-planiranje-prilagodbe\/ukljucivanje-dionika\/#breadcrumb"},"inLanguage":"hr","potentialAction":[{"@type":"ReadAction","target":["http:\/\/adriadapt.eu\/hr\/alat-za-integralno-planiranje-prilagodbe\/ukljucivanje-dionika\/"]}]},{"@type":"BreadcrumbList","@id":"http:\/\/adriadapt.eu\/hr\/alat-za-integralno-planiranje-prilagodbe\/ukljucivanje-dionika\/#breadcrumb","itemListElement":[{"@type":"ListItem","position":1,"name":"Home","item":"http:\/\/adriadapt.eu\/hr\/"},{"@type":"ListItem","position":2,"name":"Alat za integralno planiranje prilagodbe","item":"http:\/\/adriadapt.eu\/hr\/alat-za-integralno-planiranje-prilagodbe\/"},{"@type":"ListItem","position":3,"name":"Uklju\u010divanje dionika"}]},{"@type":"WebSite","@id":"http:\/\/adriadapt.eu\/hr\/#website","url":"http:\/\/adriadapt.eu\/hr\/","name":"AdriAdapt","description":"a Resilience information platform for Adriatic cities and towns","potentialAction":[{"@type":"SearchAction","target":{"@type":"EntryPoint","urlTemplate":"http:\/\/adriadapt.eu\/hr\/?s={search_term_string}"},"query-input":"required name=search_term_string"}],"inLanguage":"hr"}]}},"_links":{"self":[{"href":"http:\/\/adriadapt.eu\/hr\/wp-json\/wp\/v2\/pages\/393"}],"collection":[{"href":"http:\/\/adriadapt.eu\/hr\/wp-json\/wp\/v2\/pages"}],"about":[{"href":"http:\/\/adriadapt.eu\/hr\/wp-json\/wp\/v2\/types\/page"}],"author":[{"embeddable":true,"href":"http:\/\/adriadapt.eu\/hr\/wp-json\/wp\/v2\/users\/1"}],"replies":[{"embeddable":true,"href":"http:\/\/adriadapt.eu\/hr\/wp-json\/wp\/v2\/comments?post=393"}],"version-history":[{"count":4,"href":"http:\/\/adriadapt.eu\/hr\/wp-json\/wp\/v2\/pages\/393\/revisions"}],"predecessor-version":[{"id":1204,"href":"http:\/\/adriadapt.eu\/hr\/wp-json\/wp\/v2\/pages\/393\/revisions\/1204"}],"up":[{"embeddable":true,"href":"http:\/\/adriadapt.eu\/hr\/wp-json\/wp\/v2\/pages\/391"}],"wp:attachment":[{"href":"http:\/\/adriadapt.eu\/hr\/wp-json\/wp\/v2\/media?parent=393"}],"curies":[{"name":"wp","href":"https:\/\/api.w.org\/{rel}","templated":true}]}}