{"id":551,"date":"2020-04-22T16:59:11","date_gmt":"2020-04-22T15:59:11","guid":{"rendered":"https:\/\/adriadapt.eu\/?page_id=551"},"modified":"2021-04-22T15:39:09","modified_gmt":"2021-04-22T14:39:09","slug":"izrada-plana","status":"publish","type":"page","link":"http:\/\/adriadapt.eu\/hr\/alat-za-integralno-planiranje-prilagodbe\/izrada-plana\/","title":{"rendered":"Izrada plana"},"content":{"rendered":"\n<p><strong>Korak 4. Procjena mogu\u0107nosti i izrada plana prilagodbe<\/strong><\/p>\n\n\n\n<p>Prethodni koraci trebali bi osigurati ulazne podatke za izradu plana prilagodbe, \u010dime \u0107e se istaknuti prioritetne mogu\u0107nosti prilagodbe. Mogu\u0107nosti prilagodbe mjere su kojima se \u017eeli smanjiti ranjivost na glavne klimatske izazove i iskoristiti nove mogu\u0107nosti koje proizlaze iz promijenjenih klimatskih uvjeta. Mogu se kretati u rasponu od mjera usmjerenih na izgradnju kapaciteta prilagodbe i uspostavu mehanizama <em>governancea<\/em> i potpore do mjera koje se provode na terenu radi rje\u0161avanja me\u0111usektorskih ili sektorskih ranjivosti. Me\u0111utim, iluzorno je o\u010dekivati prilagodbu bez odr\u017eivosti. Stoga prilikom izrade plana prilagodbe i utvr\u0111ivanja mjera prilagodbe treba imati na umu \u0161iri kontekst odr\u017eivosti.&nbsp;<\/p>\n\n\n\n<ul><li>Odabir mogu\u0107nosti prilagodbe<\/li><\/ul>\n\n\n\n<p>Razvijanje cijelog niza mogu\u0107nosti prilagodbe mo\u017ee pomo\u0107i u sistematizaciji mogu\u0107ih mjera za smanjenje ranjivosti i pove\u0107anje otpornosti odre\u0111enog teritorija i zajednice. Platforma AdriAdapt nudi vlastiti katalog mogu\u0107nosti prilagodbe, koje su podijeljene po kategorijama u socijetalne, zelene i sive (in\u017eenjerske) mogu\u0107nosti, zajedno s primjerima dobrih praksi njihove provedbe. Socijetalne mogu\u0107nosti uklju\u010duju politike, pravne, dru\u0161tvene, upravlja\u010dke i financijske mjere koje mogu promijeniti ljudsko pona\u0161anje i stilove upravljanja i doprinijeti ja\u010danju sposobnosti prilagodbe i odr\u017eivom razvoju. Zelene mogu\u0107nosti koriste prirodne procese ili procese srodne ekosustavima radi ja\u010danja otpornosti i sposobnosti prilagodbe. Sive mogu\u0107nosti odnose se na tehnolo\u0161ka i in\u017eenjerska rje\u0161enja za pobolj\u0161anje prilagodbe teritorija, infrastrukture i ljudi. Katalog AdriAdapta mo\u017ee poslu\u017eiti kao inspiracija za izradu specifi\u010dnih rje\u0161enja prilagodbe.&nbsp;<\/p>\n\n\n\n<ul><li>Procjena mogu\u0107nosti prilagodbe<\/li><\/ul>\n\n\n\n<p>Na temelju strate\u0161kih i specifi\u010dnih ciljeva postavljenih u koracima 1 i 3, potencijalne mogu\u0107nosti prilagodbe procjenjuju se prema njihovoj primjerenosti u odnosu na lokalni kontekst, izvedivosti, u\u010dinkovitosti u smanjenju ranjivosti ili pove\u0107anju otpornosti i \u0161irem utjecaju na odr\u017eivost. Vrlo je va\u017eno procjenu mogu\u0107nosti prilagodbe temeljiti na zajedni\u010dkim i transparentnim kriterijima, koji mogu uklju\u010divati: sklonost <em>no-regret<\/em> mjerama (radi se o neupitnim mjerama koje \u0107e biti korisne bez obzira na opseg budu\u0107ih klimatskih promjena) ili <em>low-regret<\/em> mjerama (rije\u010d je o mjerama s relativno niskim tro\u0161kovima i zna\u010dajnim koristima), sklonost rje\u0161enjima temeljenima na prirodi (zelene mjere), jednostavnosti provedbe, visokom omjeru koristi i tro\u0161kova, minimiziranju sukoba i \u0161tetnih kompromisa itd. Procjenu mogu podr\u017eati razli\u010diti metodolo\u0161ki pristupi, uklju\u010duju\u0107i analizu tro\u0161kova i koristi (<em>cost-benefit analysis<\/em> <em>&#8211; CBA<\/em>), analizu isplativosti (<em>cost-effectiveness analysis &#8211; CEA<\/em>) i vi\u0161ekriterijsku analizu (<em>multi-criteria analysis &#8211; MCA<\/em>). Rezultat ove faze jasno su identificirane prioritetne mogu\u0107nosti prilagodbe.<\/p>\n\n\n\n<ul><li>Izrada plana<\/li><\/ul>\n\n\n\n<p>Nakon procjene rizika i ranjivosti klimatskih promjena (korak 2), osmi\u0161ljavanja vizije \u017eeljene budu\u0107nosti (korak 3) i utvr\u0111ivanja specifi\u010dnih ciljeva i politika (koraci 1 i 3), slijedi&nbsp; dogovor o pojedina\u010dnim mjerama prilagodbe (korak 4), a okvir za provedbu prilagodbe mo\u017ee se razviti u obliku plana. O\u010dekuje se da \u0107e se u planu prilagodbe utvrditi koraci koje treba poduzeti kako bi se prioritetne mogu\u0107nosti prilagodbe pretvorile u konkretne akcije. Plan se mo\u017ee voditi prethodno razvijenom strategijom prilagodbe (na lokalnoj, podnacionalnoj ili \u010dak nacionalnoj razini), navode\u0107i smjer djelovanja i o\u010dekivane ishode. Me\u0111utim, to nije uvijek slu\u010daj, a strate\u0161ki ciljevi prilagodbe tako\u0111er se mogu razviti zajedno s planom, ovisno o kontekstu. O o\u010dekivanome sadr\u017eaju plana prilagodbe usuglasit \u0107e se svi stru\u010dnjaci koji su doprinijeli njegovu razvoju. Plan prilagodbe nije samo popis po\u017eeljnih mjera prilagodbe, ve\u0107 se radi o jasno artikuliranome dokumentu koji mora sadr\u017eavati:<\/p>\n\n\n\n<ul><li>sa\u017eetak glavnih izazova klimatskih promjena kojima se plan bavi<\/li><li>viziju i strate\u0161ke i specifi\u010dne ciljeve procesa prilagodbe&nbsp;<\/li><li>pojedinosti o svakoj odabranoj mjeri prilagodbe, uklju\u010duju\u0107i preliminarni sadr\u017eaj mjera, po potrebi<\/li><li>tro\u0161kove, koristi od prilagodbe i kompromise koje zahtijevaju mjere prilagodbe<\/li><li>uloge i odgovornosti u provedbi plana, uklju\u010duju\u0107i one koje se odnose na koordinaciju<\/li><li>veze s drugim strate\u0161kim dokumentima i planovima koji nisu usredoto\u010deni na prilagodbu<\/li><li>vremenski okvir za provedbu mjera prilagodbe<\/li><li>ukupne tro\u0161kove provedbe plana<\/li><li>dostupne mogu\u0107nosti financiranja<\/li><li>sustav pra\u0107enja, izvje\u0161tavanja i vrednovanja (MRE) (vidi korak 5)<\/li><li>Financiranje plana<\/li><\/ul>\n\n\n\n<p>U sklopu plana preporu\u010duje se utvrditi dostupne mogu\u0107nosti za financiranje provedbe prioritetnih mjera prilagodbe. Neke se mjere mogu provesti u okviru odredaba postavljenih u drugim me\u0111usektorskim ili sektorskim instrumentima planiranja (vidi korak 5 vezano za integraciju prilagodbi u planove i programe). Kod ostalih mjera, klju\u010dno je osigurati namjenska sredstva. EU-ovi programi financiranja, posebice <a href=\"https:\/\/ec.europa.eu\/easme\/en\/life\" target=\"_blank\" rel=\"noreferrer noopener\">LIFE<\/a>, <a href=\"https:\/\/www.interregeurope.eu\/about-us\/2021-2027\/\" target=\"_blank\" rel=\"noreferrer noopener\">INTERREG<\/a> i <a href=\"https:\/\/ec.europa.eu\/info\/horizon-europe_en\" target=\"_blank\" rel=\"noreferrer noopener\">Horizon Europe <\/a>zasigurno mogu pridonijeti financijskoj potpori za provedbu prilagodbe na lokalnoj razini.\u00a0 <a href=\"https:\/\/ec.europa.eu\/info\/strategy\/priorities-2019-2024\/european-green-deal_en\" target=\"_blank\" rel=\"noreferrer noopener\">Europski zeleni plan<\/a> dodatno \u0107e otvoriti europske kanale financiranja. Ostale prilike mogu proiza\u0107i iz nacionalnih i podnacionalnih programa financiranja, namjenskih op\u0107inskih fondova, inicijativa koje promi\u010de privatni sektor (uklju\u010duju\u0107i donatorske organizacije), zajmova financijskih institucija (kao \u0161to je Europska investicijska banka), <em>crowdfundinga<\/em>, vlastitih sredstava ku\u0107anstava (tj. privatne inicijative s ciljem ja\u010danja vlastite otpornosti) i sektorskih mehanizama financiranja (u kojima dostupna sredstva ne moraju nu\u017eno biti svedena na stavku \u201eprilagodbe\u201c, ali joj mogu pridonijeti). Preporu\u010duje se fleksibilnost i kombinacija razli\u010ditih izvora financiranja, posebno u slu\u010dajevima kada je te\u0161ko osigurati namjenske prora\u010dunske stavke na razini op\u0107ine. Za vi\u0161e o ovoj temi vidi Vodi\u010d za mogu\u0107nosti financiranja prilagodbe.<\/p>\n\n\n\n<p><em><strong>Ishodi koraka 4:<\/strong><\/em><\/p>\n\n\n\n<ul><li>Katalog mogu\u0107nosti prilagodbe<\/li><li>Prioritetne mogu\u0107nosti prilagodbe<\/li><li>Plan prilagodbe<\/li><li>Program provedbe plana<\/li><\/ul>\n","protected":false},"excerpt":{"rendered":"<p>Korak 4. Procjena mogu\u0107nosti i izrada plana prilagodbe Prethodni koraci trebali bi osigurati ulazne podatke za izradu plana prilagodbe, \u010dime \u0107e se istaknuti prioritetne mogu\u0107nosti prilagodbe. Mogu\u0107nosti prilagodbe mjere su kojima se \u017eeli smanjiti<\/p>\n","protected":false},"author":1,"featured_media":0,"parent":391,"menu_order":4,"comment_status":"closed","ping_status":"closed","template":"","meta":[],"acf":[],"yoast_head":"<!-- This site is optimized with the Yoast SEO plugin v19.14 - https:\/\/yoast.com\/wordpress\/plugins\/seo\/ -->\n<title>Izrada plana - AdriAdapt<\/title>\n<meta name=\"description\" content=\"Korak 4. Procjena mogu\u0107nosti i izrada plana prilagodbe Prethodni koraci trebali bi osigurati ulazne podatke za izradu plana prilagodbe, \u010dime \u0107e se\" \/>\n<meta name=\"robots\" content=\"index, follow, max-snippet:-1, max-image-preview:large, max-video-preview:-1\" \/>\n<link rel=\"canonical\" href=\"http:\/\/www.adriadapt.eu\/hr\/alat-za-integralno-planiranje-prilagodbe\/izrada-plana\/\" \/>\n<meta property=\"og:locale\" content=\"hr_HR\" \/>\n<meta property=\"og:type\" content=\"article\" \/>\n<meta property=\"og:title\" content=\"Izrada plana - AdriAdapt\" \/>\n<meta property=\"og:description\" content=\"Korak 4. Procjena mogu\u0107nosti i izrada plana prilagodbe Prethodni koraci trebali bi osigurati ulazne podatke za izradu plana prilagodbe, \u010dime \u0107e se\" \/>\n<meta property=\"og:url\" content=\"http:\/\/www.adriadapt.eu\/hr\/alat-za-integralno-planiranje-prilagodbe\/izrada-plana\/\" \/>\n<meta property=\"og:site_name\" content=\"AdriAdapt\" \/>\n<meta property=\"article:modified_time\" content=\"2021-04-22T14:39:09+00:00\" \/>\n<meta name=\"twitter:card\" content=\"summary_large_image\" \/>\n<meta name=\"twitter:label1\" content=\"Procijenjeno vrijeme \u010ditanja\" \/>\n\t<meta name=\"twitter:data1\" content=\"4 minute\" \/>\n<script type=\"application\/ld+json\" class=\"yoast-schema-graph\">{\"@context\":\"https:\/\/schema.org\",\"@graph\":[{\"@type\":\"WebPage\",\"@id\":\"http:\/\/www.adriadapt.eu\/hr\/alat-za-integralno-planiranje-prilagodbe\/izrada-plana\/\",\"url\":\"http:\/\/www.adriadapt.eu\/hr\/alat-za-integralno-planiranje-prilagodbe\/izrada-plana\/\",\"name\":\"Izrada plana - AdriAdapt\",\"isPartOf\":{\"@id\":\"http:\/\/adriadapt.eu\/hr\/#website\"},\"datePublished\":\"2020-04-22T15:59:11+00:00\",\"dateModified\":\"2021-04-22T14:39:09+00:00\",\"description\":\"Korak 4. Procjena mogu\u0107nosti i izrada plana prilagodbe Prethodni koraci trebali bi osigurati ulazne podatke za izradu plana prilagodbe, \u010dime \u0107e se\",\"breadcrumb\":{\"@id\":\"http:\/\/www.adriadapt.eu\/hr\/alat-za-integralno-planiranje-prilagodbe\/izrada-plana\/#breadcrumb\"},\"inLanguage\":\"hr\",\"potentialAction\":[{\"@type\":\"ReadAction\",\"target\":[\"http:\/\/www.adriadapt.eu\/hr\/alat-za-integralno-planiranje-prilagodbe\/izrada-plana\/\"]}]},{\"@type\":\"BreadcrumbList\",\"@id\":\"http:\/\/www.adriadapt.eu\/hr\/alat-za-integralno-planiranje-prilagodbe\/izrada-plana\/#breadcrumb\",\"itemListElement\":[{\"@type\":\"ListItem\",\"position\":1,\"name\":\"Home\",\"item\":\"http:\/\/adriadapt.eu\/hr\/\"},{\"@type\":\"ListItem\",\"position\":2,\"name\":\"Alat za integralno planiranje prilagodbe\",\"item\":\"http:\/\/adriadapt.eu\/hr\/alat-za-integralno-planiranje-prilagodbe\/\"},{\"@type\":\"ListItem\",\"position\":3,\"name\":\"Izrada plana\"}]},{\"@type\":\"WebSite\",\"@id\":\"http:\/\/adriadapt.eu\/hr\/#website\",\"url\":\"http:\/\/adriadapt.eu\/hr\/\",\"name\":\"AdriAdapt\",\"description\":\"a Resilience information platform for Adriatic cities and towns\",\"potentialAction\":[{\"@type\":\"SearchAction\",\"target\":{\"@type\":\"EntryPoint\",\"urlTemplate\":\"http:\/\/adriadapt.eu\/hr\/?s={search_term_string}\"},\"query-input\":\"required name=search_term_string\"}],\"inLanguage\":\"hr\"}]}<\/script>\n<!-- \/ Yoast SEO plugin. -->","yoast_head_json":{"title":"Izrada plana - AdriAdapt","description":"Korak 4. Procjena mogu\u0107nosti i izrada plana prilagodbe Prethodni koraci trebali bi osigurati ulazne podatke za izradu plana prilagodbe, \u010dime \u0107e se","robots":{"index":"index","follow":"follow","max-snippet":"max-snippet:-1","max-image-preview":"max-image-preview:large","max-video-preview":"max-video-preview:-1"},"canonical":"http:\/\/www.adriadapt.eu\/hr\/alat-za-integralno-planiranje-prilagodbe\/izrada-plana\/","og_locale":"hr_HR","og_type":"article","og_title":"Izrada plana - AdriAdapt","og_description":"Korak 4. Procjena mogu\u0107nosti i izrada plana prilagodbe Prethodni koraci trebali bi osigurati ulazne podatke za izradu plana prilagodbe, \u010dime \u0107e se","og_url":"http:\/\/www.adriadapt.eu\/hr\/alat-za-integralno-planiranje-prilagodbe\/izrada-plana\/","og_site_name":"AdriAdapt","article_modified_time":"2021-04-22T14:39:09+00:00","twitter_card":"summary_large_image","twitter_misc":{"Procijenjeno vrijeme \u010ditanja":"4 minute"},"schema":{"@context":"https:\/\/schema.org","@graph":[{"@type":"WebPage","@id":"http:\/\/www.adriadapt.eu\/hr\/alat-za-integralno-planiranje-prilagodbe\/izrada-plana\/","url":"http:\/\/www.adriadapt.eu\/hr\/alat-za-integralno-planiranje-prilagodbe\/izrada-plana\/","name":"Izrada plana - AdriAdapt","isPartOf":{"@id":"http:\/\/adriadapt.eu\/hr\/#website"},"datePublished":"2020-04-22T15:59:11+00:00","dateModified":"2021-04-22T14:39:09+00:00","description":"Korak 4. Procjena mogu\u0107nosti i izrada plana prilagodbe Prethodni koraci trebali bi osigurati ulazne podatke za izradu plana prilagodbe, \u010dime \u0107e se","breadcrumb":{"@id":"http:\/\/www.adriadapt.eu\/hr\/alat-za-integralno-planiranje-prilagodbe\/izrada-plana\/#breadcrumb"},"inLanguage":"hr","potentialAction":[{"@type":"ReadAction","target":["http:\/\/www.adriadapt.eu\/hr\/alat-za-integralno-planiranje-prilagodbe\/izrada-plana\/"]}]},{"@type":"BreadcrumbList","@id":"http:\/\/www.adriadapt.eu\/hr\/alat-za-integralno-planiranje-prilagodbe\/izrada-plana\/#breadcrumb","itemListElement":[{"@type":"ListItem","position":1,"name":"Home","item":"http:\/\/adriadapt.eu\/hr\/"},{"@type":"ListItem","position":2,"name":"Alat za integralno planiranje prilagodbe","item":"http:\/\/adriadapt.eu\/hr\/alat-za-integralno-planiranje-prilagodbe\/"},{"@type":"ListItem","position":3,"name":"Izrada plana"}]},{"@type":"WebSite","@id":"http:\/\/adriadapt.eu\/hr\/#website","url":"http:\/\/adriadapt.eu\/hr\/","name":"AdriAdapt","description":"a Resilience information platform for Adriatic cities and towns","potentialAction":[{"@type":"SearchAction","target":{"@type":"EntryPoint","urlTemplate":"http:\/\/adriadapt.eu\/hr\/?s={search_term_string}"},"query-input":"required name=search_term_string"}],"inLanguage":"hr"}]}},"_links":{"self":[{"href":"http:\/\/adriadapt.eu\/hr\/wp-json\/wp\/v2\/pages\/551"}],"collection":[{"href":"http:\/\/adriadapt.eu\/hr\/wp-json\/wp\/v2\/pages"}],"about":[{"href":"http:\/\/adriadapt.eu\/hr\/wp-json\/wp\/v2\/types\/page"}],"author":[{"embeddable":true,"href":"http:\/\/adriadapt.eu\/hr\/wp-json\/wp\/v2\/users\/1"}],"replies":[{"embeddable":true,"href":"http:\/\/adriadapt.eu\/hr\/wp-json\/wp\/v2\/comments?post=551"}],"version-history":[{"count":4,"href":"http:\/\/adriadapt.eu\/hr\/wp-json\/wp\/v2\/pages\/551\/revisions"}],"predecessor-version":[{"id":1201,"href":"http:\/\/adriadapt.eu\/hr\/wp-json\/wp\/v2\/pages\/551\/revisions\/1201"}],"up":[{"embeddable":true,"href":"http:\/\/adriadapt.eu\/hr\/wp-json\/wp\/v2\/pages\/391"}],"wp:attachment":[{"href":"http:\/\/adriadapt.eu\/hr\/wp-json\/wp\/v2\/media?parent=551"}],"curies":[{"name":"wp","href":"https:\/\/api.w.org\/{rel}","templated":true}]}}