{"id":1075,"date":"2021-04-19T12:53:20","date_gmt":"2021-04-19T11:53:20","guid":{"rendered":"https:\/\/adriadapt.eu\/?page_id=1075"},"modified":"2022-02-11T14:27:57","modified_gmt":"2022-02-11T14:27:57","slug":"o-platformi","status":"publish","type":"page","link":"https:\/\/adriadapt.eu\/hr\/o-platformi\/","title":{"rendered":"O platformi"},"content":{"rendered":"\n<p><strong>AdriAdapt &#8211; informacijska platforma o otpornosti na klimatske promjene za jadranske lokalne zajednice<\/strong><\/p>\n\n\n\n<p class=\"has-text-align-left\">Projekt Adriadapt je imao za cilj podr\u017eati izgradnju lokalne i regionalne otpornosti razvijanjem baze znanja potrebne za identifikaciju i planiranje odgovaraju\u0107ih mogu\u0107nosti prilagodbe klimatskim promjenama. Da bi se postigao taj cilj od po\u010detka 2019. do lipnja 2021. provedene su brojne aktivnosti. Proizvedene su klimatske projekcije visoke razlu\u010divosti s detaljnim informacijama o klimatskim parametrima za jadranske regije i te su informacije dostupne na platformi.<\/p>\n\n\n\n<p>Projektni partneri <a href=\"http:\/\/www.paprac.org\/\">PAP\/RAC<\/a> i <a href=\"http:\/\/www.cmcc.it\/\">CMCC<\/a>, uz pomo\u0107 <a href=\"http:\/\/www5.iuav.it\/homepage\/\">IUAV<\/a>-a, pripremili su sadr\u017eaje ove platforme. <a href=\"https:\/\/www.arpae.it\/it\">ARPAE<\/a>, <a href=\"https:\/\/meteo.hr\/\">DHMZ<\/a> i <a href=\"https:\/\/www.cmcc.it\/\">CMCC<\/a> proizveli su klimatske projekcije visoke razlu\u010divosti s detaljnim informacijama o klimatskim parametrima za jadranske regije. <a href=\"https:\/\/door.hr\/\">DOOR<\/a> je zaslu\u017ean za strukturu platforme.<\/p>\n\n\n\n<p>Ova platforma znanja za jadransku regiju sadr\u017ei pregled razli\u010ditih mogu\u0107nosti prilagodbe, slu\u010dajeve iz prakse, dokumente sa smjernicama, zakonske okvire te druge korisne materijale o prilagodbi na klimatske promjene. Platforma znanja je testirana tijekom provedbe pilot projekata Adriadapt (<a href=\"https:\/\/www.unionevallesavio.it\/\">Cesena<\/a>, <a href=\"https:\/\/www.comunecervia.it\/\">Cervia<\/a>, <a href=\"https:\/\/www.comune.udine.it\/\">Udine<\/a>, <a href=\"https:\/\/www.sibensko-kninska-zupanija.hr\/\">\u0160ibensko-kninska \u017eupanija<\/a> i <a href=\"https:\/\/www.grad-vodice.hr\/\">Vodice<\/a>).<\/p>\n\n\n\n<p>S obzirom da su obalna podru\u010dja posebno izlo\u017eena utjecajima klimatskih promjena, a urbanizirani prostor ranjiv na promjene sila koje se doga\u0111aju s porastom razine mora, nu\u017eno je ja\u010dati otpornost obalnog podru\u010dja koja treba biti planska i upravljana, uz stalni monitoring i suradnju svih aktera. Zbog goleme neizvjesnosti koja prati klimatske promjene, sustav upravljanja treba biti prilagodljiv i brz, u stanju se suo\u010diti s novim okolnostima. Rje\u0161enja trebaju biti etapna i prilagodljiva u budu\u0107nosti, a suradnja sa znanstvenicima osigurana na dnevnoj razini. Radi veli\u010dine rizika koje klimatske promjene donose obalnim podru\u010djima, stanovnici obalnih podru\u010dja bi trebali biti glavni ambasadori borbe protiv klimatskih promjena.<\/p>\n\n\n\n<p>Znanje o klimatskim promjenama je nepobitno. Manje je izvjesna snaga politi\u010dke volje. Stra\u0161an teret odgovornosti sada le\u017ei na ovoj generaciji politi\u010dkih lidera. Iskustvo pandemije Covid-19 nau\u010dilo nas je da se lideri mogu suo\u010diti s najzahtjevnijim izazovima kad uvi\u0111aju da iznimna vremena zahtijevaju iznimne mjere. Znanost je nedvosmislena. Presuda je jasna. Nema vi\u0161e prostora za manevar, odga\u0111anje ili odugovla\u010denje u rje\u0161avanju klimatske krize, a odgovornost je na svima nama. Ideje i rje\u0161enja za ja\u010danje otpornosti obalnih podru\u010dja Jadrana mo\u017eete potra\u017eiti na Adriadapt platformi znanja koja upravo \u010deka na Va\u0161e istra\u017eivanje.<\/p>\n\n\n\n<figure class=\"wp-block-embed is-type-video is-provider-youtube wp-block-embed-youtube wp-embed-aspect-16-9 wp-has-aspect-ratio\"><div class=\"wp-block-embed__wrapper\">\n<iframe loading=\"lazy\" title=\"Adriadapt promotional video - 1ST PART (HRVATSKI)\" width=\"500\" height=\"281\" src=\"https:\/\/www.youtube.com\/embed\/7AT512S4lks?list=PLxHQIo4o-QnWKQeSin4BvGOJPvlrYFz0O\" frameborder=\"0\" allow=\"accelerometer; autoplay; clipboard-write; encrypted-media; gyroscope; picture-in-picture\" allowfullscreen><\/iframe>\n<\/div><figcaption>Animirani video<\/figcaption><\/figure>\n\n\n\n<figure class=\"wp-block-embed is-type-rich is-provider-twitter wp-block-embed-twitter\"><div class=\"wp-block-embed__wrapper\">\n<a class=\"twitter-timeline\" data-width=\"500\" data-height=\"750\" data-dnt=\"true\" href=\"https:\/\/twitter.com\/adriadapt?ref_src=twsrc%5Etfw\">Tweets by adriadapt<\/a><script async src=\"https:\/\/platform.twitter.com\/widgets.js\" charset=\"utf-8\"><\/script>\n<\/div><\/figure>\n","protected":false},"excerpt":{"rendered":"<p>AdriAdapt &#8211; informacijska platforma o otpornosti na klimatske promjene za jadranske lokalne zajednice Projekt Adriadapt je imao za cilj podr\u017eati izgradnju lokalne i regionalne otpornosti razvijanjem baze znanja potrebne za identifikaciju i planiranje odgovaraju\u0107ih<\/p>\n","protected":false},"author":3,"featured_media":0,"parent":0,"menu_order":0,"comment_status":"closed","ping_status":"closed","template":"","meta":[],"acf":[],"yoast_head":"<!-- This site is optimized with the Yoast SEO plugin v19.14 - https:\/\/yoast.com\/wordpress\/plugins\/seo\/ -->\n<title>O platformi - AdriAdapt<\/title>\n<meta name=\"description\" content=\"AdriAdapt - informacijska platforma o otpornosti na klimatske promjene za jadranske lokalne zajednice Projekt Adriadapt je imao za cilj podr\u017eati izgradnju\" \/>\n<meta name=\"robots\" content=\"index, follow, max-snippet:-1, max-image-preview:large, max-video-preview:-1\" \/>\n<link rel=\"canonical\" href=\"http:\/\/adriadapt.eu\/hr\/o-platformi\/\" \/>\n<meta property=\"og:locale\" content=\"hr_HR\" \/>\n<meta property=\"og:type\" content=\"article\" \/>\n<meta property=\"og:title\" content=\"O platformi - AdriAdapt\" \/>\n<meta property=\"og:description\" content=\"AdriAdapt - informacijska platforma o otpornosti na klimatske promjene za jadranske lokalne zajednice Projekt Adriadapt je imao za cilj podr\u017eati izgradnju\" \/>\n<meta property=\"og:url\" content=\"http:\/\/adriadapt.eu\/hr\/o-platformi\/\" \/>\n<meta property=\"og:site_name\" content=\"AdriAdapt\" \/>\n<meta property=\"article:modified_time\" content=\"2022-02-11T14:27:57+00:00\" \/>\n<meta name=\"twitter:card\" content=\"summary_large_image\" \/>\n<meta name=\"twitter:label1\" content=\"Procijenjeno vrijeme \u010ditanja\" \/>\n\t<meta name=\"twitter:data1\" content=\"2 minute\" \/>\n<script type=\"application\/ld+json\" class=\"yoast-schema-graph\">{\"@context\":\"https:\/\/schema.org\",\"@graph\":[{\"@type\":\"WebPage\",\"@id\":\"http:\/\/adriadapt.eu\/hr\/o-platformi\/\",\"url\":\"http:\/\/adriadapt.eu\/hr\/o-platformi\/\",\"name\":\"O platformi - AdriAdapt\",\"isPartOf\":{\"@id\":\"https:\/\/www.adriadapt.eu\/it\/#website\"},\"datePublished\":\"2021-04-19T11:53:20+00:00\",\"dateModified\":\"2022-02-11T14:27:57+00:00\",\"description\":\"AdriAdapt - informacijska platforma o otpornosti na klimatske promjene za jadranske lokalne zajednice Projekt Adriadapt je imao za cilj podr\u017eati izgradnju\",\"breadcrumb\":{\"@id\":\"http:\/\/adriadapt.eu\/hr\/o-platformi\/#breadcrumb\"},\"inLanguage\":\"hr\",\"potentialAction\":[{\"@type\":\"ReadAction\",\"target\":[\"http:\/\/adriadapt.eu\/hr\/o-platformi\/\"]}]},{\"@type\":\"BreadcrumbList\",\"@id\":\"http:\/\/adriadapt.eu\/hr\/o-platformi\/#breadcrumb\",\"itemListElement\":[{\"@type\":\"ListItem\",\"position\":1,\"name\":\"Home\",\"item\":\"http:\/\/adriadapt.eu\/hr\/\"},{\"@type\":\"ListItem\",\"position\":2,\"name\":\"O platformi\"}]},{\"@type\":\"WebSite\",\"@id\":\"https:\/\/www.adriadapt.eu\/it\/#website\",\"url\":\"https:\/\/www.adriadapt.eu\/it\/\",\"name\":\"AdriAdapt\",\"description\":\"a Resilience information platform for Adriatic cities and towns\",\"potentialAction\":[{\"@type\":\"SearchAction\",\"target\":{\"@type\":\"EntryPoint\",\"urlTemplate\":\"https:\/\/www.adriadapt.eu\/it\/?s={search_term_string}\"},\"query-input\":\"required name=search_term_string\"}],\"inLanguage\":\"hr\"}]}<\/script>\n<!-- \/ Yoast SEO plugin. -->","yoast_head_json":{"title":"O platformi - AdriAdapt","description":"AdriAdapt - informacijska platforma o otpornosti na klimatske promjene za jadranske lokalne zajednice Projekt Adriadapt je imao za cilj podr\u017eati izgradnju","robots":{"index":"index","follow":"follow","max-snippet":"max-snippet:-1","max-image-preview":"max-image-preview:large","max-video-preview":"max-video-preview:-1"},"canonical":"http:\/\/adriadapt.eu\/hr\/o-platformi\/","og_locale":"hr_HR","og_type":"article","og_title":"O platformi - AdriAdapt","og_description":"AdriAdapt - informacijska platforma o otpornosti na klimatske promjene za jadranske lokalne zajednice Projekt Adriadapt je imao za cilj podr\u017eati izgradnju","og_url":"http:\/\/adriadapt.eu\/hr\/o-platformi\/","og_site_name":"AdriAdapt","article_modified_time":"2022-02-11T14:27:57+00:00","twitter_card":"summary_large_image","twitter_misc":{"Procijenjeno vrijeme \u010ditanja":"2 minute"},"schema":{"@context":"https:\/\/schema.org","@graph":[{"@type":"WebPage","@id":"http:\/\/adriadapt.eu\/hr\/o-platformi\/","url":"http:\/\/adriadapt.eu\/hr\/o-platformi\/","name":"O platformi - AdriAdapt","isPartOf":{"@id":"https:\/\/www.adriadapt.eu\/it\/#website"},"datePublished":"2021-04-19T11:53:20+00:00","dateModified":"2022-02-11T14:27:57+00:00","description":"AdriAdapt - informacijska platforma o otpornosti na klimatske promjene za jadranske lokalne zajednice Projekt Adriadapt je imao za cilj podr\u017eati izgradnju","breadcrumb":{"@id":"http:\/\/adriadapt.eu\/hr\/o-platformi\/#breadcrumb"},"inLanguage":"hr","potentialAction":[{"@type":"ReadAction","target":["http:\/\/adriadapt.eu\/hr\/o-platformi\/"]}]},{"@type":"BreadcrumbList","@id":"http:\/\/adriadapt.eu\/hr\/o-platformi\/#breadcrumb","itemListElement":[{"@type":"ListItem","position":1,"name":"Home","item":"http:\/\/adriadapt.eu\/hr\/"},{"@type":"ListItem","position":2,"name":"O platformi"}]},{"@type":"WebSite","@id":"https:\/\/www.adriadapt.eu\/it\/#website","url":"https:\/\/www.adriadapt.eu\/it\/","name":"AdriAdapt","description":"a Resilience information platform for Adriatic cities and towns","potentialAction":[{"@type":"SearchAction","target":{"@type":"EntryPoint","urlTemplate":"https:\/\/www.adriadapt.eu\/it\/?s={search_term_string}"},"query-input":"required name=search_term_string"}],"inLanguage":"hr"}]}},"_links":{"self":[{"href":"https:\/\/adriadapt.eu\/hr\/wp-json\/wp\/v2\/pages\/1075"}],"collection":[{"href":"https:\/\/adriadapt.eu\/hr\/wp-json\/wp\/v2\/pages"}],"about":[{"href":"https:\/\/adriadapt.eu\/hr\/wp-json\/wp\/v2\/types\/page"}],"author":[{"embeddable":true,"href":"https:\/\/adriadapt.eu\/hr\/wp-json\/wp\/v2\/users\/3"}],"replies":[{"embeddable":true,"href":"https:\/\/adriadapt.eu\/hr\/wp-json\/wp\/v2\/comments?post=1075"}],"version-history":[{"count":7,"href":"https:\/\/adriadapt.eu\/hr\/wp-json\/wp\/v2\/pages\/1075\/revisions"}],"predecessor-version":[{"id":2512,"href":"https:\/\/adriadapt.eu\/hr\/wp-json\/wp\/v2\/pages\/1075\/revisions\/2512"}],"wp:attachment":[{"href":"https:\/\/adriadapt.eu\/hr\/wp-json\/wp\/v2\/media?parent=1075"}],"curies":[{"name":"wp","href":"https:\/\/api.w.org\/{rel}","templated":true}]}}