{"id":391,"date":"2020-04-03T16:45:53","date_gmt":"2020-04-03T15:45:53","guid":{"rendered":"https:\/\/adriadapt.eu\/?page_id=391"},"modified":"2021-04-22T15:46:42","modified_gmt":"2021-04-22T14:46:42","slug":"alat-za-integralno-planiranje-prilagodbe","status":"publish","type":"page","link":"https:\/\/adriadapt.eu\/hr\/alat-za-integralno-planiranje-prilagodbe\/","title":{"rendered":"Alat za integralno planiranje prilagodbe"},"content":{"rendered":"\n<figure class=\"wp-block-embed is-type-video is-provider-youtube wp-block-embed-youtube wp-embed-aspect-16-9 wp-has-aspect-ratio\"><div class=\"wp-block-embed__wrapper\">\n<iframe loading=\"lazy\" title=\"Adriadapt promotional video - 2ND PART (HRVATSKI)\" width=\"500\" height=\"281\" src=\"https:\/\/www.youtube.com\/embed\/79LnnkQcqpA?feature=oembed\" frameborder=\"0\" allow=\"accelerometer; autoplay; clipboard-write; encrypted-media; gyroscope; picture-in-picture\" allowfullscreen><\/iframe>\n<\/div><\/figure>\n\n\n\n<p><strong>Uvod<\/strong><\/p>\n\n\n\n<p>Idealno vrijeme za po\u010detak planiranja prilagodbe na klimatske promjene bilo je jo\u0161 ju\u010der. Sad imamo drugu priliku. Bez obzira na to u kojoj se fazi nalazi va\u0161 grad ili regija, utjecaji dana\u0161njih ekstremnih klimatskih uvjeta i budu\u0107ih klimatskih promjena ne ostavljaju vremena za pripremu.&nbsp;<\/p>\n\n\n\n<p>Gradovi i regije koji se dobro pripreme za klimatske promjene svojim gra\u0111anima, teritorijima i imovini osigurat \u0107e dodatnu sigurnost. Pobolj\u0161ana otpornost i oja\u010dani kapaciteti prilagodbe smanjit \u0107e potencijalne tro\u0161kove i \u0161tete od utjecaja klimatskih promjena. Koriste\u0107i integralni pristup, gradovi i regije mogu istodobno pobolj\u0161ati kvalitetu \u017eivota svojih gra\u0111ana i posjetitelja i i\u0107i u smjeru odr\u017eivosti.<\/p>\n\n\n\n<p>Prilagodba je te\u0161ko ostvariva bez integralnog planiranja. U po\u010detku, grad ili regija mogu se usredoto\u010diti na odre\u0111enu mjeru prilagodbe, me\u0111utim, op\u0107i integralni plan prilagodbe neophodan je za rje\u0161avanje slo\u017eene naravi klimatskih promjena i njihovih u\u010dinaka. Sektorski pristup mo\u017ee pobolj\u0161ati prilagodbu u odre\u0111enom podru\u010dju, ali i pove\u0107ati rizike od klimatskih promjena u drugim sektorima ili podru\u010djima. Osim toga, integralni pristup prilagodbi na klimatske promjene mo\u017ee omogu\u0107iti postizanje maksimalnih koristi uz minimalne tro\u0161kove, op\u0107enito uzimaju\u0107i u obzir otpornost na klimatske promjene (prilagodba), smanjenje doprinosa grada ili regije problemu klimatskih promjena (ubla\u017eavanje) i \u0161irok raspon popratnih sukoristi (npr. za\u0161tita zdravlja gra\u0111ana, mogu\u0107nosti rekreacije, o\u010duvanje prirodnih stani\u0161ta i bioraznolikosti, itd.). Da bi prilagodba bila odr\u017eiva, ona treba pridonijeti cjelokupnom procesu ubla\u017eavanja klimatskih promjena, i to pru\u017eanjem mjera koje smanjuju emisije stakleni\u010dkih plinova i pove\u0107avaju sekvestraciju ugljika, kao \u0161to je slu\u010daj kod mogu\u0107nosti prilagodbe temeljenih na ekosustavu.<\/p>\n\n\n\n<p>Nije jednostavno donositi odluke o rje\u0161enjima i pripremi planova prilagodbe. U tako izazovnom procesu potreban je novi oblik <em>governancea<\/em> akcije za klimu. Iako je <em>governance<\/em> sposobnost tijela vlasti da u\u010dinkovito odgovore na promjenjive uvjete i probleme koji se mogu javiti, za taj proces nisu zadu\u017eene samo vlade. Da bi postigli dru\u0161tveno jedinstvo u rje\u0161avanju pitanja klimatskih promjena, gradovi i regije trebaju \u0161iroku podr\u0161ku \u0161to ve\u0107eg broja dru\u0161tvenih skupina. Stoga, <em>governance<\/em> akcije za klimu zahtijeva uklju\u010divanje svih dionika koji djeluju kao klju\u010dni akteri u lokalnim i regionalnim dru\u0161tvima i gospodarstvima. Kvalitetan <em>governance<\/em> dugoro\u010dan je proces: izgradnja povjerenja, odnosa i podr\u0161ke zajednice nalaze se u samoj njegovoj sr\u017ei. Novi oblici vi\u0161estranih sporazuma me\u0111u svim dionicima presudni su za u\u010dinkovit <em>governance<\/em> akcije za klimu.<\/p>\n\n\n\n<p>AdriAdapt pru\u017ea jednostavan, postupni pristup koji vas vodi kroz proces izrade lokalnog ili regionalnog plana prilagodbe. Takav je pristup detaljno opisan u publikaciji \u201cStrate\u0161ke smjernice za klimatske politike u Jadranskim gradovima&#8221;.<\/p>\n","protected":false},"excerpt":{"rendered":"<p>Uvod Idealno vrijeme za po\u010detak planiranja prilagodbe na klimatske promjene bilo je jo\u0161 ju\u010der. Sad imamo drugu priliku. Bez obzira na to u kojoj se fazi nalazi va\u0161 grad ili regija, utjecaji dana\u0161njih ekstremnih<\/p>\n","protected":false},"author":3,"featured_media":0,"parent":0,"menu_order":0,"comment_status":"closed","ping_status":"closed","template":"","meta":[],"acf":[],"yoast_head":"<!-- This site is optimized with the Yoast SEO plugin v19.14 - https:\/\/yoast.com\/wordpress\/plugins\/seo\/ -->\n<title>Alat za integralno planiranje prilagodbe - AdriAdapt<\/title>\n<meta name=\"description\" content=\"https:\/\/www.youtube.com\/watch?v=79LnnkQcqpA Uvod Idealno vrijeme za po\u010detak planiranja prilagodbe na klimatske promjene bilo je jo\u0161 ju\u010der. Sad imamo drugu\" \/>\n<meta name=\"robots\" content=\"index, follow, max-snippet:-1, max-image-preview:large, max-video-preview:-1\" \/>\n<link rel=\"canonical\" href=\"http:\/\/www.adriadapt.eu\/hr\/alat-za-integralno-planiranje-prilagodbe\/\" \/>\n<meta property=\"og:locale\" content=\"hr_HR\" \/>\n<meta property=\"og:type\" content=\"article\" \/>\n<meta property=\"og:title\" content=\"Alat za integralno planiranje prilagodbe - AdriAdapt\" \/>\n<meta property=\"og:description\" content=\"https:\/\/www.youtube.com\/watch?v=79LnnkQcqpA Uvod Idealno vrijeme za po\u010detak planiranja prilagodbe na klimatske promjene bilo je jo\u0161 ju\u010der. Sad imamo drugu\" \/>\n<meta property=\"og:url\" content=\"http:\/\/www.adriadapt.eu\/hr\/alat-za-integralno-planiranje-prilagodbe\/\" \/>\n<meta property=\"og:site_name\" content=\"AdriAdapt\" \/>\n<meta property=\"article:modified_time\" content=\"2021-04-22T14:46:42+00:00\" \/>\n<meta name=\"twitter:card\" content=\"summary_large_image\" \/>\n<meta name=\"twitter:label1\" content=\"Procijenjeno vrijeme \u010ditanja\" \/>\n\t<meta name=\"twitter:data1\" content=\"2 minute\" \/>\n<script type=\"application\/ld+json\" class=\"yoast-schema-graph\">{\"@context\":\"https:\/\/schema.org\",\"@graph\":[{\"@type\":\"WebPage\",\"@id\":\"http:\/\/www.adriadapt.eu\/hr\/alat-za-integralno-planiranje-prilagodbe\/\",\"url\":\"http:\/\/www.adriadapt.eu\/hr\/alat-za-integralno-planiranje-prilagodbe\/\",\"name\":\"Alat za integralno planiranje prilagodbe - AdriAdapt\",\"isPartOf\":{\"@id\":\"http:\/\/www.adriadapt.eu\/it\/#website\"},\"datePublished\":\"2020-04-03T15:45:53+00:00\",\"dateModified\":\"2021-04-22T14:46:42+00:00\",\"description\":\"https:\/\/www.youtube.com\/watch?v=79LnnkQcqpA Uvod Idealno vrijeme za po\u010detak planiranja prilagodbe na klimatske promjene bilo je jo\u0161 ju\u010der. Sad imamo drugu\",\"breadcrumb\":{\"@id\":\"http:\/\/www.adriadapt.eu\/hr\/alat-za-integralno-planiranje-prilagodbe\/#breadcrumb\"},\"inLanguage\":\"hr\",\"potentialAction\":[{\"@type\":\"ReadAction\",\"target\":[\"http:\/\/www.adriadapt.eu\/hr\/alat-za-integralno-planiranje-prilagodbe\/\"]}]},{\"@type\":\"BreadcrumbList\",\"@id\":\"http:\/\/www.adriadapt.eu\/hr\/alat-za-integralno-planiranje-prilagodbe\/#breadcrumb\",\"itemListElement\":[{\"@type\":\"ListItem\",\"position\":1,\"name\":\"Home\",\"item\":\"https:\/\/www.adriadapt.eu\/hr\/\"},{\"@type\":\"ListItem\",\"position\":2,\"name\":\"Alat za integralno planiranje prilagodbe\"}]},{\"@type\":\"WebSite\",\"@id\":\"http:\/\/www.adriadapt.eu\/it\/#website\",\"url\":\"http:\/\/www.adriadapt.eu\/it\/\",\"name\":\"AdriAdapt\",\"description\":\"a Resilience information platform for Adriatic cities and towns\",\"potentialAction\":[{\"@type\":\"SearchAction\",\"target\":{\"@type\":\"EntryPoint\",\"urlTemplate\":\"http:\/\/www.adriadapt.eu\/it\/?s={search_term_string}\"},\"query-input\":\"required name=search_term_string\"}],\"inLanguage\":\"hr\"}]}<\/script>\n<!-- \/ Yoast SEO plugin. -->","yoast_head_json":{"title":"Alat za integralno planiranje prilagodbe - AdriAdapt","description":"https:\/\/www.youtube.com\/watch?v=79LnnkQcqpA Uvod Idealno vrijeme za po\u010detak planiranja prilagodbe na klimatske promjene bilo je jo\u0161 ju\u010der. Sad imamo drugu","robots":{"index":"index","follow":"follow","max-snippet":"max-snippet:-1","max-image-preview":"max-image-preview:large","max-video-preview":"max-video-preview:-1"},"canonical":"http:\/\/www.adriadapt.eu\/hr\/alat-za-integralno-planiranje-prilagodbe\/","og_locale":"hr_HR","og_type":"article","og_title":"Alat za integralno planiranje prilagodbe - AdriAdapt","og_description":"https:\/\/www.youtube.com\/watch?v=79LnnkQcqpA Uvod Idealno vrijeme za po\u010detak planiranja prilagodbe na klimatske promjene bilo je jo\u0161 ju\u010der. Sad imamo drugu","og_url":"http:\/\/www.adriadapt.eu\/hr\/alat-za-integralno-planiranje-prilagodbe\/","og_site_name":"AdriAdapt","article_modified_time":"2021-04-22T14:46:42+00:00","twitter_card":"summary_large_image","twitter_misc":{"Procijenjeno vrijeme \u010ditanja":"2 minute"},"schema":{"@context":"https:\/\/schema.org","@graph":[{"@type":"WebPage","@id":"http:\/\/www.adriadapt.eu\/hr\/alat-za-integralno-planiranje-prilagodbe\/","url":"http:\/\/www.adriadapt.eu\/hr\/alat-za-integralno-planiranje-prilagodbe\/","name":"Alat za integralno planiranje prilagodbe - AdriAdapt","isPartOf":{"@id":"http:\/\/www.adriadapt.eu\/it\/#website"},"datePublished":"2020-04-03T15:45:53+00:00","dateModified":"2021-04-22T14:46:42+00:00","description":"https:\/\/www.youtube.com\/watch?v=79LnnkQcqpA Uvod Idealno vrijeme za po\u010detak planiranja prilagodbe na klimatske promjene bilo je jo\u0161 ju\u010der. Sad imamo drugu","breadcrumb":{"@id":"http:\/\/www.adriadapt.eu\/hr\/alat-za-integralno-planiranje-prilagodbe\/#breadcrumb"},"inLanguage":"hr","potentialAction":[{"@type":"ReadAction","target":["http:\/\/www.adriadapt.eu\/hr\/alat-za-integralno-planiranje-prilagodbe\/"]}]},{"@type":"BreadcrumbList","@id":"http:\/\/www.adriadapt.eu\/hr\/alat-za-integralno-planiranje-prilagodbe\/#breadcrumb","itemListElement":[{"@type":"ListItem","position":1,"name":"Home","item":"https:\/\/www.adriadapt.eu\/hr\/"},{"@type":"ListItem","position":2,"name":"Alat za integralno planiranje prilagodbe"}]},{"@type":"WebSite","@id":"http:\/\/www.adriadapt.eu\/it\/#website","url":"http:\/\/www.adriadapt.eu\/it\/","name":"AdriAdapt","description":"a Resilience information platform for Adriatic cities and towns","potentialAction":[{"@type":"SearchAction","target":{"@type":"EntryPoint","urlTemplate":"http:\/\/www.adriadapt.eu\/it\/?s={search_term_string}"},"query-input":"required name=search_term_string"}],"inLanguage":"hr"}]}},"_links":{"self":[{"href":"https:\/\/adriadapt.eu\/hr\/wp-json\/wp\/v2\/pages\/391"}],"collection":[{"href":"https:\/\/adriadapt.eu\/hr\/wp-json\/wp\/v2\/pages"}],"about":[{"href":"https:\/\/adriadapt.eu\/hr\/wp-json\/wp\/v2\/types\/page"}],"author":[{"embeddable":true,"href":"https:\/\/adriadapt.eu\/hr\/wp-json\/wp\/v2\/users\/3"}],"replies":[{"embeddable":true,"href":"https:\/\/adriadapt.eu\/hr\/wp-json\/wp\/v2\/comments?post=391"}],"version-history":[{"count":7,"href":"https:\/\/adriadapt.eu\/hr\/wp-json\/wp\/v2\/pages\/391\/revisions"}],"predecessor-version":[{"id":1211,"href":"https:\/\/adriadapt.eu\/hr\/wp-json\/wp\/v2\/pages\/391\/revisions\/1211"}],"wp:attachment":[{"href":"https:\/\/adriadapt.eu\/hr\/wp-json\/wp\/v2\/media?parent=391"}],"curies":[{"name":"wp","href":"https:\/\/api.w.org\/{rel}","templated":true}]}}