{"id":548,"date":"2020-04-22T16:58:30","date_gmt":"2020-04-22T15:58:30","guid":{"rendered":"https:\/\/adriadapt.eu\/?page_id=548"},"modified":"2021-04-22T15:36:26","modified_gmt":"2021-04-22T14:36:26","slug":"procjena-ranjivosti","status":"publish","type":"page","link":"https:\/\/adriadapt.eu\/hr\/alat-za-integralno-planiranje-prilagodbe\/procjena-ranjivosti\/","title":{"rendered":"Procjena ranjivosti"},"content":{"rendered":"\n<p><strong>Korak 2. Procjena ranjivosti i rizika od klimatskih promjena<\/strong><\/p>\n\n\n\n<p>Klimatske promjene uzrokovat \u0107e brojne utjecaje na jadranske zajednice. Ne samo da se ekstremni doga\u0111aji (npr. vru\u0107ine, ekstremne oborine, poplave, \u0161umski po\u017eari) poja\u010davaju po ja\u010dini i u\u010destalosti, ve\u0107 se javljaju i spore, postupne promjene (npr. porast temperatura, promjena u obrascima oborina, porast razine mora), \u0161to \u0107e uglavnom dovesti do nepovoljnih klimatskih uvjeta, uz s njima povezane \u0161tete i gubitke. Razumijevanje sada\u0161njih i budu\u0107ih ranjivosti na opasnosti od klimatskih promjena klju\u010dno je za oblikovanje odgovora i akcija kojima je cilj oja\u010dati otpornost&nbsp; i sposobnost prilagodbe dru\u0161tva. Zajednica nije izolirana od okolnih regija. Opasnosti od klimatskih promjena koje nemaju izravan utjecaj na razmatrani teritorij i dalje mogu imati ozbiljne posljedice na podru\u010dja koja pru\u017eaju osnovne usluge za taj teritorij. Suprotno tome, klimatski utjecaji koji se javljaju u odre\u0111enoj zajednici mogu utjecati na okolna podru\u010dja. Dakle, procjena ranjivosti i rizika zahtijeva integralni pristup i promatranje povezanosti sa susjednim podru\u010djima.<\/p>\n\n\n\n<ul><li>Utvr\u0111ivanje i procjena trenutnih i budu\u0107ih klimatskih opasnosti<\/li><\/ul>\n\n\n\n<p>Nijedna procjena ne mo\u017ee jednako detaljno uzeti u obzir sve opasnosti od klimatskih promjena. Odabir i odre\u0111ivanje prioriteta relevantnih za promatrani lokalni kontekst mo\u017ee pomo\u0107i u usmjeravanju napora na procjenu i povezivanje sveobuhvatnih ciljeva prilagodbe postavljenih u koraku 1. Nakon \u0161to ih se prepozna, relevantne opasnosti od klimatskih promjena moraju se analizirati u smislu prethodnih trendova, trenutnog stanja i o\u010dekivanih promjena u budu\u0107nosti. Iako nema sumnje o smjeru u kojem se kre\u0107u globalne klimatske promjene, o opsegu i pojedinostima promjena ne mo\u017ee se govoriti sa sigurno\u0161\u0107u, posebno na lokalnoj razini. Scenariji klimatskih promjena poma\u017eu u opisivanju mogu\u0107ih budu\u0107ih klimatskih uvjeta i razlika koje ovise o razli\u010ditim stopama pove\u0107anja globalnih emisija stakleni\u010dkih plinova. Takvi scenariji klimatskih promjena izra\u0111uju se uzimaju\u0107i u obzir globalne uvjete i mogu se \u201eprenijeti\u201c (prilagoditi) u specifi\u010dne lokalne ili regionalne uvjete. Analiza trenutnih i budu\u0107ih opasnosti od klimatskih promjena relevantnih za lokalni kontekst aktivnost je koja zahtijeva visoku razinu stru\u010dnog znanja. Ono naj\u010de\u0161\u0107e nije dostupno u upravama nadle\u017enima za prilagodbu. Suradnja sa sveu\u010dili\u0161tima i istra\u017eiva\u010dkim centrima, kao i sinergija s inicijativama za analizu klimatskih promjena koje se poduzimaju na vi\u0161oj razini (npr. scenariji i projekcije klimatskih promjena razvijeni u sklopu regionalnih ili nacionalnih strategija ili planova prilagodbe) u tom smislu mogu biti korisni. Scenariji ne pru\u017eaju predvi\u0111anja klimatskih promjena; oni prije svega predstavljaju mogu\u0107i razvoj klimatskog sustava. Stoga, bez obzira na to tko je zadu\u017een za njihovu procjenu, najva\u017enije je da scenariji vezani za klimatske promjene prate i pomo\u0107ne informacije potrebne za njihovo razumijevanje i ispravnu upotrebu (prostorna rezolucija, po\u010detno referentno razdoblje, vremenski okvir projekcija, potpora scenarijima emisije stakleni\u010dkih plinova, neizvjesnosti itd.).&nbsp;<\/p>\n\n\n\n<ul><li>Odabir prioritetnih utjecaja klimatskih promjena<\/li><\/ul>\n\n\n\n<p>Nakon \u0161to se utvrde relevantne opasnosti od klimatskih promjena, preporu\u010duje se da se uzastopna procjena ranjivosti i rizika usmjeri na njihove glavne izravne i neizravne utjecaje. Prioritetni utjecaji su oni za koje se o\u010dekuje da \u0107e zna\u010dajno utjecati na promatrani teritorij u cjelini (npr. utjecaj poplave na naselja i njihove&nbsp; stanovnike, usluge i infrastrukturu) ili neke od njegovih prirodnih i umjetnih elemenata i ljudskih djelatnosti (npr. poljoprivreda, \u0161umarstvo, bioraznolikost, zgrade i infrastruktura, energetski sustavi, promet, turizam, morska stani\u0161ta, ribarstvo i druge morske djelatnosti, upravljanje vodama itd.). \u0160to se ti\u010de prethodnog koraka, suradnja sa sveu\u010dili\u0161tima i istra\u017eiva\u010dkim centrima, kao i \u0161ira rasprava sa svim dionicima (vidi Governance za vi\u0161e detalja), mo\u017ee podr\u017eati zada\u0107u odre\u0111ivanja prioriteta.<\/p>\n\n\n\n<ul><li>Procjena ranjivosti i rizika od klimatskih promjena<\/li><\/ul>\n\n\n\n<p>Za svaki relevantni utjecaj klimatskih promjena procjenjuju se ranjivost i rizici kako bi se dobilo potrebne informacije za utvr\u0111ivanje dugoro\u010dnih aktivnosti prilagodbe i odgovora na klimatske promjene. U kontekstu klimatskih promjena, prema IPCC-u, ranjivost se mo\u017ee definirati kao stupanj u kojemu teritorij, njegova zajednica i djelatnosti nisu u stanju nositi se s negativnim u\u010dincima klimatskih promjena, uklju\u010duju\u0107i klimatsku varijabilnost i ekstreme. Procjena ranjivosti sustava stoga zahtijeva prou\u010davanje njegove izlo\u017eenosti i osjetljivosti na pojedinu opasnost od klimatskih promjena kao i ve\u0107 ste\u010denih sposobnosti prilagodbe. Kombinirana procjena ranjivosti, razmjera klimatske opasnosti i vrijednosti najizlo\u017eenijih receptora pru\u017ea procjenu klimatskog rizika koji se povezuje s promatranim opasnostima i podru\u010djem. Dostupne su razli\u010dite metode za procjenu ranjivosti i rizika vezanih za klimatske promjene. Mo\u017ee ih se okvirno kategorizirati u skladu s pristupom odozgo prema dolje (<em>top-down<\/em>) i odozdo prema gore (<em>bottom-up<\/em>). Procjene izra\u0111ene sukladno pristupu odozgo prema dolje obi\u010dno se temelje na podacima i koriste mapiranje i druge kvantitativne alate za procjenu socioekonomskih podataka i podataka o okoli\u0161u. Primjerice, mogu dati procjenu \u0161teta koje se o\u010dekuju na \u010ditavom teritoriju ili nekim njegovim dijelovima. Procjene izra\u0111ene sukladno pristupu odozdo prema gore op\u0107enito se oslanjaju na lokalna znanja i kvalitativne su prirode. \u010cesto se oslanjaju na sudjelovanje lokalnih dionika. Preporu\u010duje se kombinacija dvaju pristupa, kad god je to mogu\u0107e.<\/p>\n\n\n\n<ul><li>Prijenos rezultata u korake izrade vizije i planova<\/li><\/ul>\n\n\n\n<p>Procjena ranjivosti i rizika od klimatskih promjena zahtijeva analizu bogate i \u0161iroke lepeze razli\u010ditih podataka i informacija. Prilagodba mo\u017ee uspjeti samo ako okoli\u0161 uspje\u0161no pru\u017ea usluge ekosustava; stoga je tako\u0111er potrebno obaviti procjenu glavnih rizika za odr\u017eivi razvoj. Izrazito je va\u017eno da se rezultati takve analize lako mogu prenijeti u fazu postavljanja vizije (korak 3) i fazu izrade plana (korak 4) procesa prilagodbe. U tu svrhu, podaci i informacije moraju biti profesionalno sa\u017eeti kako bi se odmah mogli pravilno koristiti u prepoznavanju, izradi i provedbi mjera prilagodbe. Ovaj korak podrazumijeva usvajanje jednostavnog pristupa za predstavljanje rezultata koraka 2 \u0161iroj publici, pri \u010demu je tako\u0111er potrebno istaknuti povezane pretpostavke i neizvjesnosti.<\/p>\n\n\n\n<p><em><strong>Ishodi koraka 2:<\/strong><\/em><\/p>\n\n\n\n<ul><li>Pro\u0161irena i sa\u017eeta izvje\u0161\u0107a o pro\u0161lim trendovima, trenutnom stanju i budu\u0107im projekcijama najva\u017enijih opasnosti od klimatskih promjena<\/li><li>Pro\u0161ireno i sa\u017eeto izvje\u0161\u0107e o procjeni ranjivosti i rizika povezanih s glavnim utjecajima klimatskih promjena<\/li><li>Klju\u010dne poruke za fazu izrade plana: najva\u017enije opasnosti od klimatskih promjena i s njima povezane ranjivosti i rizici<\/li><\/ul>\n","protected":false},"excerpt":{"rendered":"<p>Korak 2. Procjena ranjivosti i rizika od klimatskih promjena Klimatske promjene uzrokovat \u0107e brojne utjecaje na jadranske zajednice. Ne samo da se ekstremni doga\u0111aji (npr. vru\u0107ine, ekstremne oborine, poplave, \u0161umski po\u017eari) poja\u010davaju po ja\u010dini<\/p>\n","protected":false},"author":1,"featured_media":0,"parent":391,"menu_order":2,"comment_status":"closed","ping_status":"closed","template":"","meta":[],"acf":[],"yoast_head":"<!-- This site is optimized with the Yoast SEO plugin v19.14 - https:\/\/yoast.com\/wordpress\/plugins\/seo\/ -->\n<title>Procjena ranjivosti - AdriAdapt<\/title>\n<meta name=\"description\" content=\"Korak 2. Procjena ranjivosti i rizika od klimatskih promjena Klimatske promjene uzrokovat \u0107e brojne utjecaje na jadranske zajednice. Ne samo da se\" \/>\n<meta name=\"robots\" content=\"index, follow, max-snippet:-1, max-image-preview:large, max-video-preview:-1\" \/>\n<link rel=\"canonical\" href=\"https:\/\/adriadapt.eu\/hr\/alat-za-integralno-planiranje-prilagodbe\/procjena-ranjivosti\/\" \/>\n<meta property=\"og:locale\" content=\"hr_HR\" \/>\n<meta property=\"og:type\" content=\"article\" \/>\n<meta property=\"og:title\" content=\"Procjena ranjivosti - AdriAdapt\" \/>\n<meta property=\"og:description\" content=\"Korak 2. Procjena ranjivosti i rizika od klimatskih promjena Klimatske promjene uzrokovat \u0107e brojne utjecaje na jadranske zajednice. Ne samo da se\" \/>\n<meta property=\"og:url\" content=\"https:\/\/adriadapt.eu\/hr\/alat-za-integralno-planiranje-prilagodbe\/procjena-ranjivosti\/\" \/>\n<meta property=\"og:site_name\" content=\"AdriAdapt\" \/>\n<meta property=\"article:modified_time\" content=\"2021-04-22T14:36:26+00:00\" \/>\n<meta name=\"twitter:card\" content=\"summary_large_image\" \/>\n<meta name=\"twitter:label1\" content=\"Procijenjeno vrijeme \u010ditanja\" \/>\n\t<meta name=\"twitter:data1\" content=\"5 minuta\" \/>\n<script type=\"application\/ld+json\" class=\"yoast-schema-graph\">{\"@context\":\"https:\/\/schema.org\",\"@graph\":[{\"@type\":\"WebPage\",\"@id\":\"https:\/\/adriadapt.eu\/hr\/alat-za-integralno-planiranje-prilagodbe\/procjena-ranjivosti\/\",\"url\":\"https:\/\/adriadapt.eu\/hr\/alat-za-integralno-planiranje-prilagodbe\/procjena-ranjivosti\/\",\"name\":\"Procjena ranjivosti - AdriAdapt\",\"isPartOf\":{\"@id\":\"http:\/\/www.adriadapt.eu\/hr\/#website\"},\"datePublished\":\"2020-04-22T15:58:30+00:00\",\"dateModified\":\"2021-04-22T14:36:26+00:00\",\"description\":\"Korak 2. Procjena ranjivosti i rizika od klimatskih promjena Klimatske promjene uzrokovat \u0107e brojne utjecaje na jadranske zajednice. Ne samo da se\",\"breadcrumb\":{\"@id\":\"https:\/\/adriadapt.eu\/hr\/alat-za-integralno-planiranje-prilagodbe\/procjena-ranjivosti\/#breadcrumb\"},\"inLanguage\":\"hr\",\"potentialAction\":[{\"@type\":\"ReadAction\",\"target\":[\"https:\/\/adriadapt.eu\/hr\/alat-za-integralno-planiranje-prilagodbe\/procjena-ranjivosti\/\"]}]},{\"@type\":\"BreadcrumbList\",\"@id\":\"https:\/\/adriadapt.eu\/hr\/alat-za-integralno-planiranje-prilagodbe\/procjena-ranjivosti\/#breadcrumb\",\"itemListElement\":[{\"@type\":\"ListItem\",\"position\":1,\"name\":\"Home\",\"item\":\"http:\/\/www.adriadapt.eu\/hr\/\"},{\"@type\":\"ListItem\",\"position\":2,\"name\":\"Alat za integralno planiranje prilagodbe\",\"item\":\"https:\/\/adriadapt.eu\/hr\/alat-za-integralno-planiranje-prilagodbe\/\"},{\"@type\":\"ListItem\",\"position\":3,\"name\":\"Procjena ranjivosti\"}]},{\"@type\":\"WebSite\",\"@id\":\"http:\/\/www.adriadapt.eu\/hr\/#website\",\"url\":\"http:\/\/www.adriadapt.eu\/hr\/\",\"name\":\"AdriAdapt\",\"description\":\"a Resilience information platform for Adriatic cities and towns\",\"potentialAction\":[{\"@type\":\"SearchAction\",\"target\":{\"@type\":\"EntryPoint\",\"urlTemplate\":\"http:\/\/www.adriadapt.eu\/hr\/?s={search_term_string}\"},\"query-input\":\"required name=search_term_string\"}],\"inLanguage\":\"hr\"}]}<\/script>\n<!-- \/ Yoast SEO plugin. -->","yoast_head_json":{"title":"Procjena ranjivosti - AdriAdapt","description":"Korak 2. Procjena ranjivosti i rizika od klimatskih promjena Klimatske promjene uzrokovat \u0107e brojne utjecaje na jadranske zajednice. Ne samo da se","robots":{"index":"index","follow":"follow","max-snippet":"max-snippet:-1","max-image-preview":"max-image-preview:large","max-video-preview":"max-video-preview:-1"},"canonical":"https:\/\/adriadapt.eu\/hr\/alat-za-integralno-planiranje-prilagodbe\/procjena-ranjivosti\/","og_locale":"hr_HR","og_type":"article","og_title":"Procjena ranjivosti - AdriAdapt","og_description":"Korak 2. Procjena ranjivosti i rizika od klimatskih promjena Klimatske promjene uzrokovat \u0107e brojne utjecaje na jadranske zajednice. Ne samo da se","og_url":"https:\/\/adriadapt.eu\/hr\/alat-za-integralno-planiranje-prilagodbe\/procjena-ranjivosti\/","og_site_name":"AdriAdapt","article_modified_time":"2021-04-22T14:36:26+00:00","twitter_card":"summary_large_image","twitter_misc":{"Procijenjeno vrijeme \u010ditanja":"5 minuta"},"schema":{"@context":"https:\/\/schema.org","@graph":[{"@type":"WebPage","@id":"https:\/\/adriadapt.eu\/hr\/alat-za-integralno-planiranje-prilagodbe\/procjena-ranjivosti\/","url":"https:\/\/adriadapt.eu\/hr\/alat-za-integralno-planiranje-prilagodbe\/procjena-ranjivosti\/","name":"Procjena ranjivosti - AdriAdapt","isPartOf":{"@id":"http:\/\/www.adriadapt.eu\/hr\/#website"},"datePublished":"2020-04-22T15:58:30+00:00","dateModified":"2021-04-22T14:36:26+00:00","description":"Korak 2. Procjena ranjivosti i rizika od klimatskih promjena Klimatske promjene uzrokovat \u0107e brojne utjecaje na jadranske zajednice. Ne samo da se","breadcrumb":{"@id":"https:\/\/adriadapt.eu\/hr\/alat-za-integralno-planiranje-prilagodbe\/procjena-ranjivosti\/#breadcrumb"},"inLanguage":"hr","potentialAction":[{"@type":"ReadAction","target":["https:\/\/adriadapt.eu\/hr\/alat-za-integralno-planiranje-prilagodbe\/procjena-ranjivosti\/"]}]},{"@type":"BreadcrumbList","@id":"https:\/\/adriadapt.eu\/hr\/alat-za-integralno-planiranje-prilagodbe\/procjena-ranjivosti\/#breadcrumb","itemListElement":[{"@type":"ListItem","position":1,"name":"Home","item":"http:\/\/www.adriadapt.eu\/hr\/"},{"@type":"ListItem","position":2,"name":"Alat za integralno planiranje prilagodbe","item":"https:\/\/adriadapt.eu\/hr\/alat-za-integralno-planiranje-prilagodbe\/"},{"@type":"ListItem","position":3,"name":"Procjena ranjivosti"}]},{"@type":"WebSite","@id":"http:\/\/www.adriadapt.eu\/hr\/#website","url":"http:\/\/www.adriadapt.eu\/hr\/","name":"AdriAdapt","description":"a Resilience information platform for Adriatic cities and towns","potentialAction":[{"@type":"SearchAction","target":{"@type":"EntryPoint","urlTemplate":"http:\/\/www.adriadapt.eu\/hr\/?s={search_term_string}"},"query-input":"required name=search_term_string"}],"inLanguage":"hr"}]}},"_links":{"self":[{"href":"https:\/\/adriadapt.eu\/hr\/wp-json\/wp\/v2\/pages\/548"}],"collection":[{"href":"https:\/\/adriadapt.eu\/hr\/wp-json\/wp\/v2\/pages"}],"about":[{"href":"https:\/\/adriadapt.eu\/hr\/wp-json\/wp\/v2\/types\/page"}],"author":[{"embeddable":true,"href":"https:\/\/adriadapt.eu\/hr\/wp-json\/wp\/v2\/users\/1"}],"replies":[{"embeddable":true,"href":"https:\/\/adriadapt.eu\/hr\/wp-json\/wp\/v2\/comments?post=548"}],"version-history":[{"count":4,"href":"https:\/\/adriadapt.eu\/hr\/wp-json\/wp\/v2\/pages\/548\/revisions"}],"predecessor-version":[{"id":1198,"href":"https:\/\/adriadapt.eu\/hr\/wp-json\/wp\/v2\/pages\/548\/revisions\/1198"}],"up":[{"embeddable":true,"href":"https:\/\/adriadapt.eu\/hr\/wp-json\/wp\/v2\/pages\/391"}],"wp:attachment":[{"href":"https:\/\/adriadapt.eu\/hr\/wp-json\/wp\/v2\/media?parent=548"}],"curies":[{"name":"wp","href":"https:\/\/api.w.org\/{rel}","templated":true}]}}