{"id":549,"date":"2020-04-22T16:58:42","date_gmt":"2020-04-22T15:58:42","guid":{"rendered":"https:\/\/adriadapt.eu\/?page_id=549"},"modified":"2021-04-22T15:37:24","modified_gmt":"2021-04-22T14:37:24","slug":"dogovor-o-viziji","status":"publish","type":"page","link":"https:\/\/adriadapt.eu\/hr\/alat-za-integralno-planiranje-prilagodbe\/dogovor-o-viziji\/","title":{"rendered":"Dogovor o viziji"},"content":{"rendered":"\n<p><strong>Korak 3. Postavljanje vizije prilagodbe<\/strong><\/p>\n\n\n\n<p>Prilagodba klimatskim promjenama dugoro\u010dan je proces koji po svojoj prirodi zahtijeva integraciju izme\u0111u razli\u010ditih razina <em>governancea<\/em> i sektora. Ne mo\u017ee se provesti odvojeno od ostalih procesa planiranja i upravljanja. Od presudne je va\u017enosti da prilagodba na klimatske promjene pridonosi sveobuhvatnoj, \u0161iroj viziji koja se odnosi na teritorij i njegovu zajednicu i koja nadilazi okvire opsega same prilagodbe.&nbsp;<\/p>\n\n\n\n<ul><li>Doprinosi odr\u017eivom razvoju dru\u0161tva<\/li><\/ul>\n\n\n\n<p>O\u010dekuje se da \u0107e strategija ili plan prilagodbe klimatskim promjenama prvenstveno pove\u0107ati otpornost i smanjiti ranjivost na utjecaje klimatskih promjena odre\u0111enog teritorija ili zajednice. Me\u0111utim, tom se cilju mora te\u017eiti uz istovremeno osiguravanje dugoro\u010dnog odr\u017eivog razvoja dru\u0161tva u cjelini.&nbsp; Stoga je potrebno osigurati da odluke donesene radi prilagodbe ne kompromitiraju odre\u0111ene aspekte odr\u017eivosti (npr. okoli\u0161, socijalna i ekonomska dobrobit i me\u0111ugeneracijska pravednost). Istovremeno, ulaganja u prilagodbu zajednice i njezinu otpornost trebala bi maksimizirati sinergije i sukoristi (npr. pove\u0107anje ili za\u0161tita bioraznolikosti i o\u010duvanje stani\u0161ta, smanjenje one\u010di\u0161\u0107enja zraka, pobolj\u0161anje zdravstvenih uvjeta, stvaranje novih radnih mjesta, pobolj\u0161anje kvalitete \u017eivota). Da bi se to postiglo, prilagodba treba poticati dugoro\u010dni transformativni pristup i radikalno mijenjati uvjete koji uzrokuju ozbiljne ranjivosti. Na primjeru obalnih zajednica, usvajanje transformativnog pristupa zahtijeva pravovremeno istra\u017eivanje dugoro\u010dnih u\u010dinaka porasta razine mora i promjene intenziteta i u\u010destalosti ekstremnih olujnih uspora, kako bi se sa\u010duvalo dovoljno vremena za rje\u0161enja \u010dija provedba mo\u017ee dulje potrajati. Takva rje\u0161enja razmotrit \u0107e i do kojeg je roka stvarna za\u0161tita obalnih podru\u010dja mogu\u0107a ili kad ona postaje preskupa, u kojem se slu\u010daju sugerira prelazak na organizirano povla\u010denje infrastrukture i ljudskih djelatnosti podlo\u017enijih porastu razine mora i utjecajima klimatskih promjena. U ovoj fazi koraka 3, poja\u0161njavaju se poveznice izme\u0111u prilagodbe i ciljeva odr\u017eivog razvoja i o njima se obavje\u0161tava osobe uklju\u010dene u izradu i provedbu strategije ili plana. Tako\u0111er, istaknut \u0107e se poveznice izme\u0111u ciljeva ubla\u017eavanja i mjera usmjerenih na smanjenje emisija stakleni\u010dkih plinova.<\/p>\n\n\n\n<ul><li>Pokretanje procesa razrade vizije<\/li><\/ul>\n\n\n\n<p>Vizija se mo\u017ee definirati kao optimalna, \u017eeljena budu\u0107nost kojom se ilustrira ono \u0161to bismo \u017eeljeli posti\u0107i u upravljanju nekim teritorijem i njegovom zajednicom u srednjoro\u010dnom ili dugoro\u010dnom razdoblju. Vizija obvezuje na dugoro\u010dno razmi\u0161ljanje. Mo\u017ee&nbsp; se dogoditi da \u0161ira, dugoro\u010dna odr\u017eiva vizija ve\u0107 postoji. U tom slu\u010daju, proces prilagodbe vodi se u skladu s postoje\u0107om vizijom. Potrebno je osigurati da ciljevi prilagodbe ne budu u suprotnosti sa \u0161irom vizijom. U ovom koraku procesa mogu se formulirati preporuke za pobolj\u0161anje koherentnosti izme\u0111u razli\u010ditih procesa te osigurati postizanje vizije i u promjenjivim klimatskim uvjetima (vizija otpornosti na klimatske promjene). U velikom broju slu\u010dajeva vizija ne postoji i potrebno ju je razviti u sklopu procesa prilagodbe. O\u010dekuje se da \u0107e se u po\u010detnoj fazi procesa koji vodi prema stvaranju vizije prikupiti i sistematizirati informacije o postoje\u0107im relevantnim planovima i politikama te o onima koje se upravo razvijaju, a odre\u0111uju budu\u0107a kretanja.<\/p>\n\n\n\n<ul><li>Zajedni\u010dko stvaranje vizije<\/li><\/ul>\n\n\n\n<p>Dostupni su razli\u010diti pristupi stvaranju vizije (prediktivni, normativni, istra\u017eiva\u010dki, itd.) i alati, u rasponu od onih koji se sna\u017eno oslanjaju na podatke i kvantitativnu procjenu (npr. analiza trendova i predvi\u0111anja) do onih kvalitativnije naravi (npr. izrada scenarija, strate\u0161ki program). Bez obzira na kori\u0161tenu metodu, razrada vizije sna\u017eno se oslanja na uklju\u010divanje \u0161irokog spektra dionika (vidi ovdje za vi\u0161e informacija o tome kako organizirati uklju\u010divanje dionika u procesu prilagodbe); uistinu, vizija je rezultat procesa zajedni\u010dkog stvaranja. S obzirom na to da je opseg vizije \u0161irok, uklju\u010divanje dionika ne mo\u017ee se ograni\u010diti samo na one koji su strogo uklju\u010deni u proces prilagodbe, ve\u0107 se treba pro\u0161iriti na sve subjekte zadu\u017eene za planiranje i upravljanje. Robusnost vizije ja\u010da usporedbom razli\u010ditih alternativa, procjenom srodnih kompromisa i koristi i te\u017enjom prema dogovoru o konkretnoj mogu\u0107nosti. Rezultati procesa zajedni\u010dkog stvaranja opis su \u017eeljene odr\u017eive budu\u0107nosti (vizije), kao i utvr\u0111ivanje njezina geografskog opsega, vremenskog okvira, o\u010dekivanih koristi i sukoristi, kao i o\u010dekivanih implikacija na okolna podru\u010dja. Radi boljeg informiranja o narednom koraku procesa, preporu\u010duje se da se vizija podijeli na jasne specifi\u010dne ciljeve prilagodbe, u skladu sa strate\u0161kim ciljevima postavljenim u koraku 1.<\/p>\n\n\n\n<p><strong><em>Ishodi koraka 3:<\/em><\/strong><\/p>\n\n\n\n<ul><li>Vizija za odr\u017eivu i bolje prilago\u0111enu budu\u0107nost<\/li><li>Specifi\u010dni ciljevi procesa prilagodbe<\/li><\/ul>\n","protected":false},"excerpt":{"rendered":"<p>Korak 3. Postavljanje vizije prilagodbe Prilagodba klimatskim promjenama dugoro\u010dan je proces koji po svojoj prirodi zahtijeva integraciju izme\u0111u razli\u010ditih razina governancea i sektora. Ne mo\u017ee se provesti odvojeno od ostalih procesa planiranja i upravljanja.<\/p>\n","protected":false},"author":1,"featured_media":0,"parent":391,"menu_order":3,"comment_status":"closed","ping_status":"closed","template":"","meta":[],"acf":[],"yoast_head":"<!-- This site is optimized with the Yoast SEO plugin v19.14 - https:\/\/yoast.com\/wordpress\/plugins\/seo\/ -->\n<title>Dogovor o viziji - AdriAdapt<\/title>\n<meta name=\"description\" content=\"Korak 3. Postavljanje vizije prilagodbe Prilagodba klimatskim promjenama dugoro\u010dan je proces koji po svojoj prirodi zahtijeva integraciju izme\u0111u\" \/>\n<meta name=\"robots\" content=\"index, follow, max-snippet:-1, max-image-preview:large, max-video-preview:-1\" \/>\n<link rel=\"canonical\" href=\"https:\/\/adriadapt.eu\/hr\/alat-za-integralno-planiranje-prilagodbe\/dogovor-o-viziji\/\" \/>\n<meta property=\"og:locale\" content=\"hr_HR\" \/>\n<meta property=\"og:type\" content=\"article\" \/>\n<meta property=\"og:title\" content=\"Dogovor o viziji - AdriAdapt\" \/>\n<meta property=\"og:description\" content=\"Korak 3. Postavljanje vizije prilagodbe Prilagodba klimatskim promjenama dugoro\u010dan je proces koji po svojoj prirodi zahtijeva integraciju izme\u0111u\" \/>\n<meta property=\"og:url\" content=\"https:\/\/adriadapt.eu\/hr\/alat-za-integralno-planiranje-prilagodbe\/dogovor-o-viziji\/\" \/>\n<meta property=\"og:site_name\" content=\"AdriAdapt\" \/>\n<meta property=\"article:modified_time\" content=\"2021-04-22T14:37:24+00:00\" \/>\n<meta name=\"twitter:card\" content=\"summary_large_image\" \/>\n<meta name=\"twitter:label1\" content=\"Procijenjeno vrijeme \u010ditanja\" \/>\n\t<meta name=\"twitter:data1\" content=\"3 minute\" \/>\n<script type=\"application\/ld+json\" class=\"yoast-schema-graph\">{\"@context\":\"https:\/\/schema.org\",\"@graph\":[{\"@type\":\"WebPage\",\"@id\":\"https:\/\/adriadapt.eu\/hr\/alat-za-integralno-planiranje-prilagodbe\/dogovor-o-viziji\/\",\"url\":\"https:\/\/adriadapt.eu\/hr\/alat-za-integralno-planiranje-prilagodbe\/dogovor-o-viziji\/\",\"name\":\"Dogovor o viziji - AdriAdapt\",\"isPartOf\":{\"@id\":\"https:\/\/adriadapt.eu\/#website\"},\"datePublished\":\"2020-04-22T15:58:42+00:00\",\"dateModified\":\"2021-04-22T14:37:24+00:00\",\"description\":\"Korak 3. Postavljanje vizije prilagodbe Prilagodba klimatskim promjenama dugoro\u010dan je proces koji po svojoj prirodi zahtijeva integraciju izme\u0111u\",\"breadcrumb\":{\"@id\":\"https:\/\/adriadapt.eu\/hr\/alat-za-integralno-planiranje-prilagodbe\/dogovor-o-viziji\/#breadcrumb\"},\"inLanguage\":\"hr\",\"potentialAction\":[{\"@type\":\"ReadAction\",\"target\":[\"https:\/\/adriadapt.eu\/hr\/alat-za-integralno-planiranje-prilagodbe\/dogovor-o-viziji\/\"]}]},{\"@type\":\"BreadcrumbList\",\"@id\":\"https:\/\/adriadapt.eu\/hr\/alat-za-integralno-planiranje-prilagodbe\/dogovor-o-viziji\/#breadcrumb\",\"itemListElement\":[{\"@type\":\"ListItem\",\"position\":1,\"name\":\"Home\",\"item\":\"https:\/\/adriadapt.eu\/hr\/\"},{\"@type\":\"ListItem\",\"position\":2,\"name\":\"Alat za integralno planiranje prilagodbe\",\"item\":\"http:\/\/adriadapt.eu\/hr\/alat-za-integralno-planiranje-prilagodbe\/\"},{\"@type\":\"ListItem\",\"position\":3,\"name\":\"Dogovor o viziji\"}]},{\"@type\":\"WebSite\",\"@id\":\"https:\/\/adriadapt.eu\/#website\",\"url\":\"https:\/\/adriadapt.eu\/\",\"name\":\"AdriAdapt\",\"description\":\"a Resilience information platform for Adriatic cities and towns\",\"potentialAction\":[{\"@type\":\"SearchAction\",\"target\":{\"@type\":\"EntryPoint\",\"urlTemplate\":\"https:\/\/adriadapt.eu\/?s={search_term_string}\"},\"query-input\":\"required name=search_term_string\"}],\"inLanguage\":\"hr\"}]}<\/script>\n<!-- \/ Yoast SEO plugin. -->","yoast_head_json":{"title":"Dogovor o viziji - AdriAdapt","description":"Korak 3. Postavljanje vizije prilagodbe Prilagodba klimatskim promjenama dugoro\u010dan je proces koji po svojoj prirodi zahtijeva integraciju izme\u0111u","robots":{"index":"index","follow":"follow","max-snippet":"max-snippet:-1","max-image-preview":"max-image-preview:large","max-video-preview":"max-video-preview:-1"},"canonical":"https:\/\/adriadapt.eu\/hr\/alat-za-integralno-planiranje-prilagodbe\/dogovor-o-viziji\/","og_locale":"hr_HR","og_type":"article","og_title":"Dogovor o viziji - AdriAdapt","og_description":"Korak 3. Postavljanje vizije prilagodbe Prilagodba klimatskim promjenama dugoro\u010dan je proces koji po svojoj prirodi zahtijeva integraciju izme\u0111u","og_url":"https:\/\/adriadapt.eu\/hr\/alat-za-integralno-planiranje-prilagodbe\/dogovor-o-viziji\/","og_site_name":"AdriAdapt","article_modified_time":"2021-04-22T14:37:24+00:00","twitter_card":"summary_large_image","twitter_misc":{"Procijenjeno vrijeme \u010ditanja":"3 minute"},"schema":{"@context":"https:\/\/schema.org","@graph":[{"@type":"WebPage","@id":"https:\/\/adriadapt.eu\/hr\/alat-za-integralno-planiranje-prilagodbe\/dogovor-o-viziji\/","url":"https:\/\/adriadapt.eu\/hr\/alat-za-integralno-planiranje-prilagodbe\/dogovor-o-viziji\/","name":"Dogovor o viziji - AdriAdapt","isPartOf":{"@id":"https:\/\/adriadapt.eu\/#website"},"datePublished":"2020-04-22T15:58:42+00:00","dateModified":"2021-04-22T14:37:24+00:00","description":"Korak 3. Postavljanje vizije prilagodbe Prilagodba klimatskim promjenama dugoro\u010dan je proces koji po svojoj prirodi zahtijeva integraciju izme\u0111u","breadcrumb":{"@id":"https:\/\/adriadapt.eu\/hr\/alat-za-integralno-planiranje-prilagodbe\/dogovor-o-viziji\/#breadcrumb"},"inLanguage":"hr","potentialAction":[{"@type":"ReadAction","target":["https:\/\/adriadapt.eu\/hr\/alat-za-integralno-planiranje-prilagodbe\/dogovor-o-viziji\/"]}]},{"@type":"BreadcrumbList","@id":"https:\/\/adriadapt.eu\/hr\/alat-za-integralno-planiranje-prilagodbe\/dogovor-o-viziji\/#breadcrumb","itemListElement":[{"@type":"ListItem","position":1,"name":"Home","item":"https:\/\/adriadapt.eu\/hr\/"},{"@type":"ListItem","position":2,"name":"Alat za integralno planiranje prilagodbe","item":"http:\/\/adriadapt.eu\/hr\/alat-za-integralno-planiranje-prilagodbe\/"},{"@type":"ListItem","position":3,"name":"Dogovor o viziji"}]},{"@type":"WebSite","@id":"https:\/\/adriadapt.eu\/#website","url":"https:\/\/adriadapt.eu\/","name":"AdriAdapt","description":"a Resilience information platform for Adriatic cities and towns","potentialAction":[{"@type":"SearchAction","target":{"@type":"EntryPoint","urlTemplate":"https:\/\/adriadapt.eu\/?s={search_term_string}"},"query-input":"required name=search_term_string"}],"inLanguage":"hr"}]}},"_links":{"self":[{"href":"https:\/\/adriadapt.eu\/hr\/wp-json\/wp\/v2\/pages\/549"}],"collection":[{"href":"https:\/\/adriadapt.eu\/hr\/wp-json\/wp\/v2\/pages"}],"about":[{"href":"https:\/\/adriadapt.eu\/hr\/wp-json\/wp\/v2\/types\/page"}],"author":[{"embeddable":true,"href":"https:\/\/adriadapt.eu\/hr\/wp-json\/wp\/v2\/users\/1"}],"replies":[{"embeddable":true,"href":"https:\/\/adriadapt.eu\/hr\/wp-json\/wp\/v2\/comments?post=549"}],"version-history":[{"count":4,"href":"https:\/\/adriadapt.eu\/hr\/wp-json\/wp\/v2\/pages\/549\/revisions"}],"predecessor-version":[{"id":1199,"href":"https:\/\/adriadapt.eu\/hr\/wp-json\/wp\/v2\/pages\/549\/revisions\/1199"}],"up":[{"embeddable":true,"href":"https:\/\/adriadapt.eu\/hr\/wp-json\/wp\/v2\/pages\/391"}],"wp:attachment":[{"href":"https:\/\/adriadapt.eu\/hr\/wp-json\/wp\/v2\/media?parent=549"}],"curies":[{"name":"wp","href":"https:\/\/api.w.org\/{rel}","templated":true}]}}