{"id":552,"date":"2020-04-22T16:59:25","date_gmt":"2020-04-22T15:59:25","guid":{"rendered":"https:\/\/adriadapt.eu\/?page_id=552"},"modified":"2021-04-22T15:35:13","modified_gmt":"2021-04-22T14:35:13","slug":"pokretanje-procesa","status":"publish","type":"page","link":"https:\/\/adriadapt.eu\/hr\/alat-za-integralno-planiranje-prilagodbe\/pokretanje-procesa\/","title":{"rendered":"Pokretanje procesa"},"content":{"rendered":"\n<p><strong>Korak 1. Postavljanje temelja za prilagodbu i pokretanje procesa<\/strong><\/p>\n\n\n\n<p>Proces prilagodbe dugotrajan je i artikuliran; istovremeno, potrebno je djelovati odmah jer su u\u010dinci klimatskih promjena ve\u0107 vidljivi. Pristupanje ovom slo\u017eenom izazovu zahtijeva pravilnu i pravodobnu pripremu. Usprkos njegovoj va\u017enosti, \u010desto se podcjenjuje napor koji je potrebno ulo\u017eiti u ovom koraku. Uistinu je potrebno osigurati dovoljno vremena i resursa za postavljanje terena za prilagodbu i prijelaz na sljede\u0107e korake.<\/p>\n\n\n\n<ul><li>Dobivanje potpore na visokoj razini i postavljanje okvira governancea<\/li><\/ul>\n\n\n\n<p>Politi\u010dka podr\u0161ka prilagodbi na visokoj razini preduvjet je uspje\u0161nog osmi\u0161ljavanja i provedbe aktivnosti prilagodbe. Dobivanje i osiguravanje ove vrste podr\u0161ke klju\u010dno je od po\u010detka procesa i, po mogu\u0107nosti, treba biti formalizirano u <em>policy<\/em> dokumentu ili pridru\u017eivanjem strukturiranoj inicijativi prilagodbe (npr. kroz <a href=\"https:\/\/eumayors.eu\/about\/covenant-initiative\/objectives-and-scope.html\" target=\"_blank\" rel=\"noreferrer noopener\">Sporazum gradona\u010delnika<\/a>, \u201eProtokol o integralnom upravljanju obalnim podru\u010djem Sredozemlja, ili \u201eSmjernice za integriranje prilagodbe u upravljanje jadranskim obalama\u201c). Politi\u010dku potporu mogu pokrenuti pokreta\u010di odozgo prema dolje i odozdo prema gore. Primjerice, prvu vrstu pokreta\u010da \u010dine propisi ili preporuke na nacionalnoj ili podnacionalnoj razini, dok drugu vrstu pokreta\u010da \u010dine inicijative koje promi\u010de civilno dru\u0161tvo ili privatni sektor, koje se tako\u0111er javljaju kao reakcija na posljedice ili utjecaje ekstremnih doga\u0111aja (npr. poplave).<\/p>\n\n\n\n<p>Politi\u010dka podr\u0161ka mora se odraziti na transparentan i uklju\u010div <em>governance<\/em> akcije za klimu. O\u010dekuje se da \u0107e se u ovoj fazi identificirati ostala javna tijela i drugi dionici iz privatnog sektora koje \u0107e se uklju\u010diti u te aktivnosti. Nesigurnost koja je svojstvena prilagodbi na klimatske promjene zahtijeva visoku stru\u010dnost. Stoga bi bilo idealno uklju\u010diti lokalne znanstvenike, mo\u017eda \u010dak i stvaranjem znanstveno-politi\u010dke platforme koja \u0107e podr\u017eati \u010ditav proces prilagodbe. Nakon \u0161to se identificiraju dionici, razjasnit \u0107e se i njihove uloge: tko je zadu\u017een za izradu plana, tko izra\u017eava mi\u0161ljenja i vrednuje plan, tko odobrava plan, tko provodi plan, tko nadzire provedbu plana, itd. Odre\u0111ivanje naju\u017eeg tima (koji se nu\u017eno ne sastoji samo od predstavnika tijela javne vlasti) unutar cjelokupnog sustava <em>governancea<\/em> mo\u017ee u velikoj mjeri unaprijediti koordinirano upravljanje procesom prilagodbe. Ovisno o lokalnom kontekstu, zada\u0107e naju\u017eeg tima mogao bi obavljati novoosnovani tim ili postoje\u0107a radna skupina.<\/p>\n\n\n\n<ul><li>Organizacija procesa koji vodi do kona\u010dnog plana<\/li><\/ul>\n\n\n\n<p>Na temelju svojih ovlasti, naju\u017ei tim \u0107e transparentno definirati svoju ulogu, na\u010din interakcije s ostalim uklju\u010denim akterima i program rada (aktivnosti, raspored i klju\u010dne etape) procesa izrade plana. Razina ljudskih i tehni\u010dkih resursa potrebnih za prilagodbu presudan je \u010dimbenik koji se mora pa\u017eljivo procijeniti na temelju ambicija i ciljeva procesa. Dostupnost ovih resursa ovisi o uvjetima lokalnog konteksta (npr. jesu li uloge povezane s klimatskim promjenama ili odr\u017eivo\u0161\u0107u op\u0107enito ve\u0107 dodijeljene stru\u010dnjacima), ali na njih tako\u0111er sna\u017eno utje\u010de dostupnost financijskih sredstava. Ovaj korak procesa pomo\u0107i \u0107e u osiguravanju potrebnih sredstava za izradu plana. U kontekstu ograni\u010denja prora\u010duna, potrebe za resursima mogu se smanjiti raznim aktivnostima, npr. nadogradnjom na temelju postoje\u0107ih inicijativa, uklju\u010divanjem prilagodbe u druge procese (planiranja), sudjelovanjem u mre\u017eama i inicijativama podr\u0161ke, suradnjom s privatnim sektorom ili sa sveu\u010dili\u0161tima. \u0160tovi\u0161e, u ovoj \u0107e se fazi istra\u017eiti svi mogu\u0107i izvori financiranja, uklju\u010duju\u0107i nacionalne i programe financiranja iz fondova EU-a, kao \u0161to su LIFE, INTERREG i Europski fond za regionalni razvoj i Kohezijski fond, itd.<\/p>\n\n\n\n<ul><li>Planiranje uklju\u010divanja dionika<\/li><\/ul>\n\n\n\n<p>Prilagodba je multidisciplinarni, me\u0111usektorski i vi\u0161erazinski proces i va\u017ean je za \u0161irok i raznolik krug dionika. Od po\u010detka je va\u017eno mapirati klju\u010dne aktere koji \u0107e biti aktivno uklju\u010deni i razumjeti koji su njihovi interesi, odgovornosti i stavovi prema pitanjima klimatskih promjena. Ova po\u010detna aktivnost dovest \u0107e do dobro osmi\u0161ljenog procesa uklju\u010divanja dionika kako bi se njihovim sudjelovanjem postiglo najvi\u0161e dobrobiti. Istovremeno, radit \u0107e se na razvijanju komunikacijske strategije koja podr\u017eava anga\u017eman dionika i aktivnosti podizanja svijesti, kroz identifikaciju komunikacijskih ciljeva, ciljanih skupina, sredstava komunikacije, na\u010dina provedbe i rasporeda aktivnosti. Organizacija uklju\u010divanja dionika detaljnije je opisana ovdje.<\/p>\n\n\n\n<ul><li>Utvr\u0111ivanje strate\u0161kih ciljeva procesa prilagodbe<\/li><\/ul>\n\n\n\n<p>Prilagodba je usmjerena na pobolj\u0161anje sposobnosti odgovora i otpornosti teritorija i zajednice koja na odre\u0111enom teritoriju \u017eivi na sada\u0161nje i budu\u0107e u\u010dinke klimatskih promjena. Unutar ovog podru\u010dja primjene, mogu se identificirati razli\u010diti ciljevi prilagodbe, od izrade mjera kojima je cilj rije\u0161iti odre\u0111ene probleme povezane s klimatskim promjenama do sustavne transformacije podru\u010dja i njegovih zajednica u novi otporan i odr\u017eiv sustav. Dionici moraju identificirati i usuglasiti strate\u0161ke ciljeve prilagodbe na samom po\u010detku procesa, jer \u0107e upravo oni biti zadu\u017eeni za usmjeravanje sljede\u0107ih koraka, posebice formulacije budu\u0107e vizije (korak 3). Moraju biti u skladu s postoje\u0107im sveobuhvatnim ciljevima, kao \u0161to su ciljevi postavljeni nacionalnim ili regionalnim strategijama prilagodbe i planovima ili <em>policy<\/em> dokumentima na svim razinama, uklju\u010duju\u0107i lokalnu razinu koja se odnosi na \u0161iri kontekst odr\u017eivosti (uklju\u010duju\u0107i SGD-ove). U ovoj fazi tako\u0111er \u0107e se izrijekom navesti o\u010dekivane koristi od pojedine prilagodbe.<\/p>\n\n\n\n<p><em><strong>Ishodi koraka 1:<\/strong><\/em><\/p>\n\n\n\n<ul><li><em>Policy<\/em> dokument ili izjava koji podupiru inicijativu vezanu za prilagodbu<\/li><li>Definiran kontekst <em>governancea<\/em><\/li><li>Plan procesa prilagodbe, identificiranje ljudskih resursa, uloga, aktivnosti, rasporeda i klju\u010dnih etapa<\/li><li>Osiguranje izvora financiranja<\/li><li>Analiza dionika, strategija anga\u017emana i plan komunikacije<\/li><li>Strate\u0161ki ciljevi prilagodbe i o\u010dekivane koristi<\/li><\/ul>\n\n\n\n<p><em><strong>Alati:<\/strong><\/em><\/p>\n\n\n\n<p>RESIN &#8211; Analiza dionika u prilagodbi klimatskim promjenama u gradovima \u2013 Smjernice za analizu i odabir dionika te njihovo uklju\u010divanje u cjelokupni proces planiranja prilagodbe.&nbsp;<\/p>\n\n\n\n<p>URBINAT &#8211; Strategijska izrada i kori\u0161tenje participativnih rje\u0161enja i relevantnih digitalnih alata kao podr\u0161ka uvo\u0111enju NBS-aMASTER ADAPT &#8211; <em>Policy<\/em> smjernice za postavljanje ciljeva prilagodbe, detaljan vodi\u010d za postavljanje ciljeva prilagodbe.<\/p>\n","protected":false},"excerpt":{"rendered":"<p>Korak 1. Postavljanje temelja za prilagodbu i pokretanje procesa Proces prilagodbe dugotrajan je i artikuliran; istovremeno, potrebno je djelovati odmah jer su u\u010dinci klimatskih promjena ve\u0107 vidljivi. Pristupanje ovom slo\u017eenom izazovu zahtijeva pravilnu i<\/p>\n","protected":false},"author":1,"featured_media":0,"parent":391,"menu_order":1,"comment_status":"closed","ping_status":"closed","template":"","meta":[],"acf":[],"yoast_head":"<!-- This site is optimized with the Yoast SEO plugin v19.14 - https:\/\/yoast.com\/wordpress\/plugins\/seo\/ -->\n<title>Pokretanje procesa - AdriAdapt<\/title>\n<meta name=\"description\" content=\"Korak 1. Postavljanje temelja za prilagodbu i pokretanje procesa Proces prilagodbe dugotrajan je i artikuliran; istovremeno, potrebno je djelovati odmah\" \/>\n<meta name=\"robots\" content=\"index, follow, max-snippet:-1, max-image-preview:large, max-video-preview:-1\" \/>\n<link rel=\"canonical\" href=\"https:\/\/adriadapt.eu\/hr\/alat-za-integralno-planiranje-prilagodbe\/pokretanje-procesa\/\" \/>\n<meta property=\"og:locale\" content=\"hr_HR\" \/>\n<meta property=\"og:type\" content=\"article\" \/>\n<meta property=\"og:title\" content=\"Pokretanje procesa - AdriAdapt\" \/>\n<meta property=\"og:description\" content=\"Korak 1. Postavljanje temelja za prilagodbu i pokretanje procesa Proces prilagodbe dugotrajan je i artikuliran; istovremeno, potrebno je djelovati odmah\" \/>\n<meta property=\"og:url\" content=\"https:\/\/adriadapt.eu\/hr\/alat-za-integralno-planiranje-prilagodbe\/pokretanje-procesa\/\" \/>\n<meta property=\"og:site_name\" content=\"AdriAdapt\" \/>\n<meta property=\"article:modified_time\" content=\"2021-04-22T14:35:13+00:00\" \/>\n<meta name=\"twitter:card\" content=\"summary_large_image\" \/>\n<meta name=\"twitter:label1\" content=\"Procijenjeno vrijeme \u010ditanja\" \/>\n\t<meta name=\"twitter:data1\" content=\"4 minute\" \/>\n<script type=\"application\/ld+json\" class=\"yoast-schema-graph\">{\"@context\":\"https:\/\/schema.org\",\"@graph\":[{\"@type\":\"WebPage\",\"@id\":\"https:\/\/adriadapt.eu\/hr\/alat-za-integralno-planiranje-prilagodbe\/pokretanje-procesa\/\",\"url\":\"https:\/\/adriadapt.eu\/hr\/alat-za-integralno-planiranje-prilagodbe\/pokretanje-procesa\/\",\"name\":\"Pokretanje procesa - AdriAdapt\",\"isPartOf\":{\"@id\":\"https:\/\/adriadapt.eu\/#website\"},\"datePublished\":\"2020-04-22T15:59:25+00:00\",\"dateModified\":\"2021-04-22T14:35:13+00:00\",\"description\":\"Korak 1. Postavljanje temelja za prilagodbu i pokretanje procesa Proces prilagodbe dugotrajan je i artikuliran; istovremeno, potrebno je djelovati odmah\",\"breadcrumb\":{\"@id\":\"https:\/\/adriadapt.eu\/hr\/alat-za-integralno-planiranje-prilagodbe\/pokretanje-procesa\/#breadcrumb\"},\"inLanguage\":\"hr\",\"potentialAction\":[{\"@type\":\"ReadAction\",\"target\":[\"https:\/\/adriadapt.eu\/hr\/alat-za-integralno-planiranje-prilagodbe\/pokretanje-procesa\/\"]}]},{\"@type\":\"BreadcrumbList\",\"@id\":\"https:\/\/adriadapt.eu\/hr\/alat-za-integralno-planiranje-prilagodbe\/pokretanje-procesa\/#breadcrumb\",\"itemListElement\":[{\"@type\":\"ListItem\",\"position\":1,\"name\":\"Home\",\"item\":\"https:\/\/adriadapt.eu\/hr\/\"},{\"@type\":\"ListItem\",\"position\":2,\"name\":\"Alat za integralno planiranje prilagodbe\",\"item\":\"http:\/\/adriadapt.eu\/hr\/alat-za-integralno-planiranje-prilagodbe\/\"},{\"@type\":\"ListItem\",\"position\":3,\"name\":\"Pokretanje procesa\"}]},{\"@type\":\"WebSite\",\"@id\":\"https:\/\/adriadapt.eu\/#website\",\"url\":\"https:\/\/adriadapt.eu\/\",\"name\":\"AdriAdapt\",\"description\":\"a Resilience information platform for Adriatic cities and towns\",\"potentialAction\":[{\"@type\":\"SearchAction\",\"target\":{\"@type\":\"EntryPoint\",\"urlTemplate\":\"https:\/\/adriadapt.eu\/?s={search_term_string}\"},\"query-input\":\"required name=search_term_string\"}],\"inLanguage\":\"hr\"}]}<\/script>\n<!-- \/ Yoast SEO plugin. -->","yoast_head_json":{"title":"Pokretanje procesa - AdriAdapt","description":"Korak 1. Postavljanje temelja za prilagodbu i pokretanje procesa Proces prilagodbe dugotrajan je i artikuliran; istovremeno, potrebno je djelovati odmah","robots":{"index":"index","follow":"follow","max-snippet":"max-snippet:-1","max-image-preview":"max-image-preview:large","max-video-preview":"max-video-preview:-1"},"canonical":"https:\/\/adriadapt.eu\/hr\/alat-za-integralno-planiranje-prilagodbe\/pokretanje-procesa\/","og_locale":"hr_HR","og_type":"article","og_title":"Pokretanje procesa - AdriAdapt","og_description":"Korak 1. Postavljanje temelja za prilagodbu i pokretanje procesa Proces prilagodbe dugotrajan je i artikuliran; istovremeno, potrebno je djelovati odmah","og_url":"https:\/\/adriadapt.eu\/hr\/alat-za-integralno-planiranje-prilagodbe\/pokretanje-procesa\/","og_site_name":"AdriAdapt","article_modified_time":"2021-04-22T14:35:13+00:00","twitter_card":"summary_large_image","twitter_misc":{"Procijenjeno vrijeme \u010ditanja":"4 minute"},"schema":{"@context":"https:\/\/schema.org","@graph":[{"@type":"WebPage","@id":"https:\/\/adriadapt.eu\/hr\/alat-za-integralno-planiranje-prilagodbe\/pokretanje-procesa\/","url":"https:\/\/adriadapt.eu\/hr\/alat-za-integralno-planiranje-prilagodbe\/pokretanje-procesa\/","name":"Pokretanje procesa - AdriAdapt","isPartOf":{"@id":"https:\/\/adriadapt.eu\/#website"},"datePublished":"2020-04-22T15:59:25+00:00","dateModified":"2021-04-22T14:35:13+00:00","description":"Korak 1. Postavljanje temelja za prilagodbu i pokretanje procesa Proces prilagodbe dugotrajan je i artikuliran; istovremeno, potrebno je djelovati odmah","breadcrumb":{"@id":"https:\/\/adriadapt.eu\/hr\/alat-za-integralno-planiranje-prilagodbe\/pokretanje-procesa\/#breadcrumb"},"inLanguage":"hr","potentialAction":[{"@type":"ReadAction","target":["https:\/\/adriadapt.eu\/hr\/alat-za-integralno-planiranje-prilagodbe\/pokretanje-procesa\/"]}]},{"@type":"BreadcrumbList","@id":"https:\/\/adriadapt.eu\/hr\/alat-za-integralno-planiranje-prilagodbe\/pokretanje-procesa\/#breadcrumb","itemListElement":[{"@type":"ListItem","position":1,"name":"Home","item":"https:\/\/adriadapt.eu\/hr\/"},{"@type":"ListItem","position":2,"name":"Alat za integralno planiranje prilagodbe","item":"http:\/\/adriadapt.eu\/hr\/alat-za-integralno-planiranje-prilagodbe\/"},{"@type":"ListItem","position":3,"name":"Pokretanje procesa"}]},{"@type":"WebSite","@id":"https:\/\/adriadapt.eu\/#website","url":"https:\/\/adriadapt.eu\/","name":"AdriAdapt","description":"a Resilience information platform for Adriatic cities and towns","potentialAction":[{"@type":"SearchAction","target":{"@type":"EntryPoint","urlTemplate":"https:\/\/adriadapt.eu\/?s={search_term_string}"},"query-input":"required name=search_term_string"}],"inLanguage":"hr"}]}},"_links":{"self":[{"href":"https:\/\/adriadapt.eu\/hr\/wp-json\/wp\/v2\/pages\/552"}],"collection":[{"href":"https:\/\/adriadapt.eu\/hr\/wp-json\/wp\/v2\/pages"}],"about":[{"href":"https:\/\/adriadapt.eu\/hr\/wp-json\/wp\/v2\/types\/page"}],"author":[{"embeddable":true,"href":"https:\/\/adriadapt.eu\/hr\/wp-json\/wp\/v2\/users\/1"}],"replies":[{"embeddable":true,"href":"https:\/\/adriadapt.eu\/hr\/wp-json\/wp\/v2\/comments?post=552"}],"version-history":[{"count":5,"href":"https:\/\/adriadapt.eu\/hr\/wp-json\/wp\/v2\/pages\/552\/revisions"}],"predecessor-version":[{"id":1197,"href":"https:\/\/adriadapt.eu\/hr\/wp-json\/wp\/v2\/pages\/552\/revisions\/1197"}],"up":[{"embeddable":true,"href":"https:\/\/adriadapt.eu\/hr\/wp-json\/wp\/v2\/pages\/391"}],"wp:attachment":[{"href":"https:\/\/adriadapt.eu\/hr\/wp-json\/wp\/v2\/media?parent=552"}],"curies":[{"name":"wp","href":"https:\/\/api.w.org\/{rel}","templated":true}]}}