{"id":1080,"date":"2021-04-19T13:34:23","date_gmt":"2021-04-19T12:34:23","guid":{"rendered":"https:\/\/adriadapt.eu\/?page_id=1080"},"modified":"2022-02-11T14:29:27","modified_gmt":"2022-02-11T14:29:27","slug":"chi-siamo","status":"publish","type":"page","link":"https:\/\/adriadapt.eu\/it\/chi-siamo\/","title":{"rendered":"Chi siamo"},"content":{"rendered":"\n<p><strong>AdriAdapt &#8211; una piattaforma di conoscenze sulla resilienza per le citt\u00e0 dell&#8217;Adriatico<\/strong><\/p>\n\n\n\n<p>Il progetto Adriadapt mirava a sostenere la costruzione della resilienza locale e regionale sviluppando la base di conoscenza necessaria per identificare e pianificare le opzioni appropriate di adattamento ai cambiamenti climatici. Al fine di raggiungere questo obiettivo, dall&#8217;inizio del 2019 a giugno 2021, \u00e8 stata realizzata una serie di attivit\u00e0. Sono state prodotte proiezioni climatiche ad alta risoluzione con informazioni dettagliate sui parametri climatici per le regioni adriatiche, e queste informazioni sono disponibili sulla piattaforma.<\/p>\n\n\n\n<p>Questa piattaforma di conoscenza per la regione adriatica contiene una panoramica delle diverse opzioni di adattamento, casi di studio, documenti di orientamento, quadri giuridici e altro materiale utile sull&#8217;adattamento ai cambiamenti climatici. La piattaforma di ciniscenza \u00e8 stata testata durante l&#8217;implementazione dei progetti pilota Adriadapt.<\/p>\n\n\n\n<p><a href=\"http:\/\/www.paprac.org\/\">PAP\/RAC<\/a> e <a href=\"http:\/\/www.cmcc.it\/\">CMCC<\/a>, con l\u2019assistenza di <a href=\"http:\/\/www5.iuav.it\/homepage\/\">IUAV<\/a>, hanno preparato il contenuto di questa piattaforma. <a href=\"https:\/\/www.arpae.it\/it\">ARPAE<\/a>, <a href=\"https:\/\/meteo.hr\/\">DHMZ<\/a> i <a href=\"https:\/\/www.cmcc.it\/\">CMCC<\/a> hanno prodotto proiezioni climatiche ad alta risoluzione con informazioni dettagliate sui parametri climatici per le regioni adriatiche. Il merito di DOOR \u00e8 la struttura della piattaforma.<\/p>\n\n\n\n<p>Questa piattaforma di conoscenza per la regione adriatica contiene una panoramica delle diverse opzioni di adattamento, casi di studio, documenti di orientamento, quadri giuridici e altro materiale utile sull\u2019adattamento ai cambiamenti climatici. La piattaforma di conoscenza \u00e8 stata testata durante l\u2019implementazione dei progetti pilota Adriadapt (<a href=\"https:\/\/www.unionevallesavio.it\/\">Cesena<\/a>, <a href=\"https:\/\/www.comunecervia.it\/\">Cervia<\/a>, <a href=\"https:\/\/www.comune.udine.it\/\">Udine<\/a>, <a href=\"https:\/\/www.sibensko-kninska-zupanija.hr\/\">\u0160ibensko-kninska \u017eupanija<\/a> e <a href=\"https:\/\/www.grad-vodice.hr\/\">Vodice<\/a>).<\/p>\n\n\n\n<p>Dato che le aree costiere sono particolarmente esposte agli effetti del cambiamento climatico, e le aree urbane sono vulnerabili ai cambiamenti delle forze che si verificano con l&#8217;innalzamento del livello del mare, \u00e8 necessario rafforzare la resilienza dell&#8217;area costiera da pianificare e gestire, con un monitoraggio costante e la cooperazione di tutte le parti interessate. A causa dell&#8217;enorme incertezza che accompagna il cambiamento climatico, il sistema di gestione deve essere adattabile e veloce, in grado di far fronte alle nuove circostanze. Le soluzioni devono essere graduali e adattabili in futuro, e la collaborazione con gli scienziati deve essere garantita quotidianamente. A causa dell&#8217;ampiezza dei rischi che il cambiamento climatico pone alle zone costiere, i residenti costieri dovrebbero essere i principali ambasciatori della lotta al cambiamento climatico.<\/p>\n\n\n\n<p>La conoscenza del cambiamento climatico \u00e8 innegabile. La forza della volont\u00e0 politica, tuttavia, \u00e8 meno certa. Il terribile peso della responsabilit\u00e0 ricade ora su questa generazione di leader politici. L&#8217;esperienza della pandemia Covid-19 ci ha insegnato che i leader possono affrontare le sfide pi\u00f9 impegnative quando si rendono conto che tempi eccezionali richiedono misure eccezionali. La scienza \u00e8 inequivocabile. Il verdetto \u00e8 chiaro. Non c&#8217;\u00e8 pi\u00f9 spazio per manovre, ritardi o procrastinazioni nel risolvere la crisi climatica, e la responsabilit\u00e0 \u00e8 di tutti noi. Potete trovare idee e soluzioni per rafforzare la resilienza delle aree costiere dell&#8217;Adriatico sulla piattaforma di conoscenza Adriadapt, che aspetta solo la vostra scoperta.<\/p>\n\n\n\n<figure class=\"wp-block-embed is-type-video is-provider-youtube wp-block-embed-youtube wp-embed-aspect-16-9 wp-has-aspect-ratio\"><div class=\"wp-block-embed__wrapper\">\n<iframe loading=\"lazy\" title=\"Adriadapt promotional video - 1ST PART (ITALIANO)\" width=\"500\" height=\"281\" src=\"https:\/\/www.youtube.com\/embed\/pEiDqdfwxN0?list=PLxHQIo4o-QnX_Iyxe9Y3qpCE5_lctNQos\" frameborder=\"0\" allow=\"accelerometer; autoplay; clipboard-write; encrypted-media; gyroscope; picture-in-picture\" allowfullscreen><\/iframe>\n<\/div><\/figure>\n\n\n\n<figure class=\"wp-block-embed is-type-rich is-provider-twitter wp-block-embed-twitter\"><div class=\"wp-block-embed__wrapper\">\n<a class=\"twitter-timeline\" data-width=\"500\" data-height=\"750\" data-dnt=\"true\" href=\"https:\/\/twitter.com\/adriadapt?ref_src=twsrc%5Etfw\">Tweets by adriadapt<\/a><script async src=\"https:\/\/platform.twitter.com\/widgets.js\" charset=\"utf-8\"><\/script>\n<\/div><\/figure>\n","protected":false},"excerpt":{"rendered":"<p>AdriAdapt &#8211; una piattaforma di conoscenze sulla resilienza per le citt\u00e0 dell&#8217;Adriatico Il progetto Adriadapt mirava a sostenere la costruzione della resilienza locale e regionale sviluppando la base di conoscenza necessaria per identificare e<\/p>\n","protected":false},"author":3,"featured_media":0,"parent":0,"menu_order":0,"comment_status":"closed","ping_status":"closed","template":"","meta":[],"acf":[],"yoast_head":"<!-- This site is optimized with the Yoast SEO plugin v19.14 - https:\/\/yoast.com\/wordpress\/plugins\/seo\/ -->\n<title>Chi siamo - ADRIADAPT<\/title>\n<meta name=\"description\" content=\"AdriAdapt - una piattaforma di conoscenze sulla resilienza per le citt\u00e0 dell&#039;Adriatico Il progetto Adriadapt mirava a sostenere la costruzione della\" \/>\n<meta name=\"robots\" content=\"index, follow, max-snippet:-1, max-image-preview:large, max-video-preview:-1\" \/>\n<link rel=\"canonical\" href=\"https:\/\/www.adriadapt.eu\/it\/chi-siamo\/\" \/>\n<meta property=\"og:locale\" content=\"it_IT\" \/>\n<meta property=\"og:type\" content=\"article\" \/>\n<meta property=\"og:title\" content=\"Chi siamo - ADRIADAPT\" \/>\n<meta property=\"og:description\" content=\"AdriAdapt - una piattaforma di conoscenze sulla resilienza per le citt\u00e0 dell&#039;Adriatico Il progetto Adriadapt mirava a sostenere la costruzione della\" \/>\n<meta property=\"og:url\" content=\"https:\/\/www.adriadapt.eu\/it\/chi-siamo\/\" \/>\n<meta property=\"og:site_name\" content=\"ADRIADAPT\" \/>\n<meta property=\"article:modified_time\" content=\"2022-02-11T14:29:27+00:00\" \/>\n<meta name=\"twitter:card\" content=\"summary_large_image\" \/>\n<meta name=\"twitter:label1\" content=\"Tempo di lettura stimato\" \/>\n\t<meta name=\"twitter:data1\" content=\"3 minuti\" \/>\n<script type=\"application\/ld+json\" class=\"yoast-schema-graph\">{\"@context\":\"https:\/\/schema.org\",\"@graph\":[{\"@type\":\"WebPage\",\"@id\":\"https:\/\/www.adriadapt.eu\/it\/chi-siamo\/\",\"url\":\"https:\/\/www.adriadapt.eu\/it\/chi-siamo\/\",\"name\":\"Chi siamo - ADRIADAPT\",\"isPartOf\":{\"@id\":\"https:\/\/www.adriadapt.eu\/it\/#website\"},\"datePublished\":\"2021-04-19T12:34:23+00:00\",\"dateModified\":\"2022-02-11T14:29:27+00:00\",\"description\":\"AdriAdapt - una piattaforma di conoscenze sulla resilienza per le citt\u00e0 dell'Adriatico Il progetto Adriadapt mirava a sostenere la costruzione della\",\"breadcrumb\":{\"@id\":\"https:\/\/www.adriadapt.eu\/it\/chi-siamo\/#breadcrumb\"},\"inLanguage\":\"it-IT\",\"potentialAction\":[{\"@type\":\"ReadAction\",\"target\":[\"https:\/\/www.adriadapt.eu\/it\/chi-siamo\/\"]}]},{\"@type\":\"BreadcrumbList\",\"@id\":\"https:\/\/www.adriadapt.eu\/it\/chi-siamo\/#breadcrumb\",\"itemListElement\":[{\"@type\":\"ListItem\",\"position\":1,\"name\":\"Home\",\"item\":\"https:\/\/www.adriadapt.eu\/it\/\"},{\"@type\":\"ListItem\",\"position\":2,\"name\":\"Chi siamo\"}]},{\"@type\":\"WebSite\",\"@id\":\"https:\/\/www.adriadapt.eu\/it\/#website\",\"url\":\"https:\/\/www.adriadapt.eu\/it\/\",\"name\":\"ADRIADAPT\",\"description\":\"a Resilience information platform for Adriatic cities and towns\",\"potentialAction\":[{\"@type\":\"SearchAction\",\"target\":{\"@type\":\"EntryPoint\",\"urlTemplate\":\"https:\/\/www.adriadapt.eu\/it\/?s={search_term_string}\"},\"query-input\":\"required name=search_term_string\"}],\"inLanguage\":\"it-IT\"}]}<\/script>\n<!-- \/ Yoast SEO plugin. -->","yoast_head_json":{"title":"Chi siamo - ADRIADAPT","description":"AdriAdapt - una piattaforma di conoscenze sulla resilienza per le citt\u00e0 dell'Adriatico Il progetto Adriadapt mirava a sostenere la costruzione della","robots":{"index":"index","follow":"follow","max-snippet":"max-snippet:-1","max-image-preview":"max-image-preview:large","max-video-preview":"max-video-preview:-1"},"canonical":"https:\/\/www.adriadapt.eu\/it\/chi-siamo\/","og_locale":"it_IT","og_type":"article","og_title":"Chi siamo - ADRIADAPT","og_description":"AdriAdapt - una piattaforma di conoscenze sulla resilienza per le citt\u00e0 dell'Adriatico Il progetto Adriadapt mirava a sostenere la costruzione della","og_url":"https:\/\/www.adriadapt.eu\/it\/chi-siamo\/","og_site_name":"ADRIADAPT","article_modified_time":"2022-02-11T14:29:27+00:00","twitter_card":"summary_large_image","twitter_misc":{"Tempo di lettura stimato":"3 minuti"},"schema":{"@context":"https:\/\/schema.org","@graph":[{"@type":"WebPage","@id":"https:\/\/www.adriadapt.eu\/it\/chi-siamo\/","url":"https:\/\/www.adriadapt.eu\/it\/chi-siamo\/","name":"Chi siamo - ADRIADAPT","isPartOf":{"@id":"https:\/\/www.adriadapt.eu\/it\/#website"},"datePublished":"2021-04-19T12:34:23+00:00","dateModified":"2022-02-11T14:29:27+00:00","description":"AdriAdapt - una piattaforma di conoscenze sulla resilienza per le citt\u00e0 dell'Adriatico Il progetto Adriadapt mirava a sostenere la costruzione della","breadcrumb":{"@id":"https:\/\/www.adriadapt.eu\/it\/chi-siamo\/#breadcrumb"},"inLanguage":"it-IT","potentialAction":[{"@type":"ReadAction","target":["https:\/\/www.adriadapt.eu\/it\/chi-siamo\/"]}]},{"@type":"BreadcrumbList","@id":"https:\/\/www.adriadapt.eu\/it\/chi-siamo\/#breadcrumb","itemListElement":[{"@type":"ListItem","position":1,"name":"Home","item":"https:\/\/www.adriadapt.eu\/it\/"},{"@type":"ListItem","position":2,"name":"Chi siamo"}]},{"@type":"WebSite","@id":"https:\/\/www.adriadapt.eu\/it\/#website","url":"https:\/\/www.adriadapt.eu\/it\/","name":"ADRIADAPT","description":"a Resilience information platform for Adriatic cities and towns","potentialAction":[{"@type":"SearchAction","target":{"@type":"EntryPoint","urlTemplate":"https:\/\/www.adriadapt.eu\/it\/?s={search_term_string}"},"query-input":"required name=search_term_string"}],"inLanguage":"it-IT"}]}},"_links":{"self":[{"href":"https:\/\/adriadapt.eu\/it\/wp-json\/wp\/v2\/pages\/1080"}],"collection":[{"href":"https:\/\/adriadapt.eu\/it\/wp-json\/wp\/v2\/pages"}],"about":[{"href":"https:\/\/adriadapt.eu\/it\/wp-json\/wp\/v2\/types\/page"}],"author":[{"embeddable":true,"href":"https:\/\/adriadapt.eu\/it\/wp-json\/wp\/v2\/users\/3"}],"replies":[{"embeddable":true,"href":"https:\/\/adriadapt.eu\/it\/wp-json\/wp\/v2\/comments?post=1080"}],"version-history":[{"count":5,"href":"https:\/\/adriadapt.eu\/it\/wp-json\/wp\/v2\/pages\/1080\/revisions"}],"predecessor-version":[{"id":2514,"href":"https:\/\/adriadapt.eu\/it\/wp-json\/wp\/v2\/pages\/1080\/revisions\/2514"}],"wp:attachment":[{"href":"https:\/\/adriadapt.eu\/it\/wp-json\/wp\/v2\/media?parent=1080"}],"curies":[{"name":"wp","href":"https:\/\/api.w.org\/{rel}","templated":true}]}}