{"id":565,"date":"2020-04-22T17:48:18","date_gmt":"2020-04-22T16:48:18","guid":{"rendered":"https:\/\/adriadapt.eu\/?page_id=565"},"modified":"2021-07-28T15:00:13","modified_gmt":"2021-07-28T14:00:13","slug":"informazioni-climatiche","status":"publish","type":"page","link":"https:\/\/adriadapt.eu\/it\/informazioni-climatiche\/","title":{"rendered":"Informazioni Climatiche"},"content":{"rendered":"\n<figure class=\"wp-block-image size-large\"><img decoding=\"async\" loading=\"lazy\" width=\"1024\" height=\"768\" src=\"https:\/\/adriadapt.eu\/wp-content\/uploads\/2021\/07\/2100-projections-1-1024x768.jpg\" alt=\"\" class=\"wp-image-1646\" srcset=\"https:\/\/adriadapt.eu\/wp-content\/uploads\/2021\/07\/2100-projections-1-1024x768.jpg 1024w, https:\/\/adriadapt.eu\/wp-content\/uploads\/2021\/07\/2100-projections-1-300x225.jpg 300w, https:\/\/adriadapt.eu\/wp-content\/uploads\/2021\/07\/2100-projections-1-768x576.jpg 768w, https:\/\/adriadapt.eu\/wp-content\/uploads\/2021\/07\/2100-projections-1-1536x1152.jpg 1536w, https:\/\/adriadapt.eu\/wp-content\/uploads\/2021\/07\/2100-projections-1-104x78.jpg 104w, https:\/\/adriadapt.eu\/wp-content\/uploads\/2021\/07\/2100-projections-1.jpg 1596w\" sizes=\"(max-width: 1024px) 100vw, 1024px\" \/><figcaption><em>Anomalia della temperatura dell&#8217;aria di due metri (nel periodo 1986-2005) mediata sul dominio Adriadapt.<\/em><\/figcaption><\/figure>\n\n\n\n<p><strong><em>Breve sommario dei dati e delle proiezioni climatiche:<\/em><\/strong><\/p>\n\n\n\n<p>I dati e le proiezioni climatiche prodotti nell&#8217;ambito del progetto <em>ADRIADAPT <\/em>coprono il periodo che va dal 1986 al 2100, seguendo la forzante climatica storica fino al 2005 e due differenti scenari di emissione per il futuro: <em>uno scenario moderato<\/em> (RCP4.5), che immagina un mondo futuro in cui sono stati compiuti sforzi considerevoli in termini di politiche di mitigazione, ed <em>uno scenario ad alte emissioni <\/em>(RCP8.5) che immagina un mondo futuro in cui non vengono attuate politiche di mitigazione dei cambiamenti climatici.&nbsp;Sono state condotte simulazioni sull\u2019intero dominio<em> ADRIADAPT, <\/em>che comprende il litorale adriatico settentrionale italiano e buona parte del litorale croato<em>, <\/em>e<em> a livello locale (di citt\u00e0) in siti pilota. <\/em>Le simulazioni sono presentate come cambiamenti rispetto alla situazione attuale (<em>periodo di riferimento<\/em> 1986-2005) per differenti finestre temporali future: 2021-2040, 2041-2060, 2061-2080, 2081-2100 e come trend per l&#8217;intero periodo dal 2021 al 2100. Per la valutazione dei cambiamenti in atto sono stati selezionati degli indici climatici, come i valori di temperatura estrema e le precipitazioni, e indici combinati basati su umidit\u00e0 e vento con impatto sulla popolazione e sul territorio. Tutte le proiezioni sono state realizzate utilizzando <em>Modelli climatici regionali<\/em> e <em>Modelli di downscaling statistico.<\/em><\/p>\n\n\n\n<p><strong><em>Messaggi chiave comuni di Adriadapt<\/em><\/strong><\/p>\n\n\n\n<p>\u25cf Entro il 2100 \u00e8 atteso un incremento stagionale e annuale della temperatura media dell&#8217;aria, con cambiamenti pi\u00f9 consistenti previsti nel periodo estivo. Incrementi della temperatura media fino a 2\u00b0C, secondo lo scenario RCP4.5, e 4.5\u00b0C, secondo lo scenario RCP8.5, potrebbero essere raggiunti entro la fine del secolo. <br>\u25cf Entro il 2100 \u00e8 atteso un incremento della temperatura dell&#8217;aria sia massima che minima; i modelli indicano che la temperatura massima annuale aumenter\u00e0 pi\u00f9 della temperatura minima annuale. Entro la fine del secolo, si stima che la temperatura massima annuale aumenter\u00e0 fino a 3.3\u00b0C secondo lo scenario RPC4.5 e fino a 6.5\u00b0C secondo lo scenario RCP8.5. <br>\u25cf Si prevede uno spostamento dell&#8217;intera distribuzione dei valori minimi e massimi della temperatura dell&#8217;aria, verso valori pi\u00f9 elevati in tutte le stagioni, con un picco di intensit\u00e0 durante l&#8217;estate. <br>\u25cf Durante l&#8217;inverno, la primavera e l&#8217;autunno si prevede una diminuzione del numero di giornate di gelo; diminuzioni marcate sono attese sulle pianure e localmente, con tendenza alla scomparsa completa dei giorni di gelo, specialmente nello scenario RCP8.5 e verso la fine del secolo. Durante l&#8217;inverno, quando i giorni di gelo sono pi\u00f9 comuni, il cambiamento atteso a met\u00e0 secolo \u00e8 di circa 7,5 giorni di gelo in meno a stagione (da dicembre a febbraio) rispetto al periodo di riferimento quando erano osservati fino a 30 giorni di gelo, per entrambi gli scenari di emissione. Alla fine del secolo, lo scenario RCP4.5 prevede circa 12,5 giorni di gelo in meno, mentre lo scenario RCP8.5 prospetta addirittura 25 giorni in meno di gelo rispetto al periodo di riferimento; localmente il segnale potrebbe essere pi\u00f9 intenso. <br>\u25cf Per quanto concerne la durata delle ondate di calore stagionali, si prevede un aumento entro il 2100, su tutta la regione, per entrambi gli scenari di emissione. I segnali di picco sono registrati nelle aree urbane dei siti pilota, specialmente durante la stagione estiva. <br>\u25cf Inoltre, si prevede che il numero e l&#8217;intensit\u00e0 delle notti tropicali aumenter\u00e0 su tutto il territorio di interesse, con forte intensit\u00e0 nelle aree urbane, specialmente durante l&#8217;estate (da giugno ad agosto). Le proiezioni indicano un possibile incremento di circa 20 notti tropicali secondo lo scenario RCP4.5, e 30 notti tropicali secondo lo scenario RCP8.5 entro la fine del secolo, pi\u00f9 del doppio rispetto al valore del periodo di riferimento; a livello locale i cambiamenti potrebbero essere pi\u00f9 intensi. <br>\u25cf Le proiezioni delle precipitazioni non sono omogenee sull&#8217;intero territorio di interesse. Gli aspetti comuni possono essere sintetizzati come segue: il segnale dei cambiamenti previsti \u00e8 molto ridotto in inverno secondo lo scenario di emissione moderata (RCP4.5), mentre potrebbe verificarsi un leggero aumento delle precipitazioni nella parte nord-orientale del territorio di interesse secondo lo scenario ad alte emissioni (RCP8.5); le precipitazioni estive sono destinate a diminuire, in modo maggiore entro la fine del secolo. <br>\u25cf La proiezione delle precipitazioni intense ed estreme segue il segnale di cambiamento per le precipitazioni totali. Durante l&#8217;inverno, le precipitazioni intense aumenteranno significativamente secondo lo scenario RCP8.5 &#8211; lungo il versante orientale dell&#8217;Adriatico (ma anche nell&#8217;entroterra croato) di circa 4 mm al giorno e 10 mm al giorno sull&#8217;area montuosa. Segnali opposti sono previsti per il periodo estivo quando la diminuzione di precipitazioni intense sar\u00e0 fino a 4 mm al giorno lungo il versante orientale della costa e dell&#8217;entroterra adriatico e nella parte meridionale italiana, considerate nel dominio dello scenario RCP8.5. Le precipitazioni estreme in estate non mostrano chiari segnali di cambiamento in entrambi gli scenari.<br>\u25cf Si prevede un aumento del numero massimo di giorni consecutivi senza piogge, con un picco nella stagione estiva. <\/p>\n","protected":false},"excerpt":{"rendered":"<p>Breve sommario dei dati e delle proiezioni climatiche: I dati e le proiezioni climatiche prodotti nell&#8217;ambito del progetto ADRIADAPT coprono il periodo che va dal 1986 al 2100, seguendo la forzante climatica storica fino<\/p>\n","protected":false},"author":1,"featured_media":0,"parent":0,"menu_order":0,"comment_status":"closed","ping_status":"closed","template":"","meta":[],"acf":[],"yoast_head":"<!-- This site is optimized with the Yoast SEO plugin v19.14 - https:\/\/yoast.com\/wordpress\/plugins\/seo\/ -->\n<title>Informazioni Climatiche - ADRIADAPT<\/title>\n<meta name=\"description\" content=\"Anomalia della temperatura dell&#039;aria di due metri (nel periodo 1986-2005) mediata sul dominio Adriadapt. Breve sommario dei dati e delle proiezioni\" \/>\n<meta name=\"robots\" content=\"index, follow, max-snippet:-1, max-image-preview:large, max-video-preview:-1\" \/>\n<link rel=\"canonical\" href=\"http:\/\/adriadapt.eu\/it\/informazioni-climatiche\/\" \/>\n<meta property=\"og:locale\" content=\"it_IT\" \/>\n<meta property=\"og:type\" content=\"article\" \/>\n<meta property=\"og:title\" content=\"Informazioni Climatiche - ADRIADAPT\" \/>\n<meta property=\"og:description\" content=\"Anomalia della temperatura dell&#039;aria di due metri (nel periodo 1986-2005) mediata sul dominio Adriadapt. Breve sommario dei dati e delle proiezioni\" \/>\n<meta property=\"og:url\" content=\"http:\/\/adriadapt.eu\/it\/informazioni-climatiche\/\" \/>\n<meta property=\"og:site_name\" content=\"ADRIADAPT\" \/>\n<meta property=\"article:modified_time\" content=\"2021-07-28T14:00:13+00:00\" \/>\n<meta property=\"og:image\" content=\"https:\/\/adriadapt.eu\/wp-content\/uploads\/2021\/07\/2100-projections-1-1024x768.jpg\" \/>\n<meta name=\"twitter:card\" content=\"summary_large_image\" \/>\n<meta name=\"twitter:label1\" content=\"Tempo di lettura stimato\" \/>\n\t<meta name=\"twitter:data1\" content=\"4 minuti\" \/>\n<script type=\"application\/ld+json\" class=\"yoast-schema-graph\">{\"@context\":\"https:\/\/schema.org\",\"@graph\":[{\"@type\":\"WebPage\",\"@id\":\"http:\/\/adriadapt.eu\/it\/informazioni-climatiche\/\",\"url\":\"http:\/\/adriadapt.eu\/it\/informazioni-climatiche\/\",\"name\":\"Informazioni Climatiche - ADRIADAPT\",\"isPartOf\":{\"@id\":\"https:\/\/adriadapt.eu\/#website\"},\"datePublished\":\"2020-04-22T16:48:18+00:00\",\"dateModified\":\"2021-07-28T14:00:13+00:00\",\"description\":\"Anomalia della temperatura dell'aria di due metri (nel periodo 1986-2005) mediata sul dominio Adriadapt. Breve sommario dei dati e delle proiezioni\",\"breadcrumb\":{\"@id\":\"http:\/\/adriadapt.eu\/it\/informazioni-climatiche\/#breadcrumb\"},\"inLanguage\":\"it-IT\",\"potentialAction\":[{\"@type\":\"ReadAction\",\"target\":[\"http:\/\/adriadapt.eu\/it\/informazioni-climatiche\/\"]}]},{\"@type\":\"BreadcrumbList\",\"@id\":\"http:\/\/adriadapt.eu\/it\/informazioni-climatiche\/#breadcrumb\",\"itemListElement\":[{\"@type\":\"ListItem\",\"position\":1,\"name\":\"Home\",\"item\":\"https:\/\/adriadapt.eu\/it\/\"},{\"@type\":\"ListItem\",\"position\":2,\"name\":\"Informazioni Climatiche\"}]},{\"@type\":\"WebSite\",\"@id\":\"https:\/\/adriadapt.eu\/#website\",\"url\":\"https:\/\/adriadapt.eu\/\",\"name\":\"ADRIADAPT\",\"description\":\"a Resilience information platform for Adriatic cities and towns\",\"potentialAction\":[{\"@type\":\"SearchAction\",\"target\":{\"@type\":\"EntryPoint\",\"urlTemplate\":\"https:\/\/adriadapt.eu\/?s={search_term_string}\"},\"query-input\":\"required name=search_term_string\"}],\"inLanguage\":\"it-IT\"}]}<\/script>\n<!-- \/ Yoast SEO plugin. -->","yoast_head_json":{"title":"Informazioni Climatiche - ADRIADAPT","description":"Anomalia della temperatura dell'aria di due metri (nel periodo 1986-2005) mediata sul dominio Adriadapt. Breve sommario dei dati e delle proiezioni","robots":{"index":"index","follow":"follow","max-snippet":"max-snippet:-1","max-image-preview":"max-image-preview:large","max-video-preview":"max-video-preview:-1"},"canonical":"http:\/\/adriadapt.eu\/it\/informazioni-climatiche\/","og_locale":"it_IT","og_type":"article","og_title":"Informazioni Climatiche - ADRIADAPT","og_description":"Anomalia della temperatura dell'aria di due metri (nel periodo 1986-2005) mediata sul dominio Adriadapt. Breve sommario dei dati e delle proiezioni","og_url":"http:\/\/adriadapt.eu\/it\/informazioni-climatiche\/","og_site_name":"ADRIADAPT","article_modified_time":"2021-07-28T14:00:13+00:00","og_image":[{"url":"https:\/\/adriadapt.eu\/wp-content\/uploads\/2021\/07\/2100-projections-1-1024x768.jpg"}],"twitter_card":"summary_large_image","twitter_misc":{"Tempo di lettura stimato":"4 minuti"},"schema":{"@context":"https:\/\/schema.org","@graph":[{"@type":"WebPage","@id":"http:\/\/adriadapt.eu\/it\/informazioni-climatiche\/","url":"http:\/\/adriadapt.eu\/it\/informazioni-climatiche\/","name":"Informazioni Climatiche - ADRIADAPT","isPartOf":{"@id":"https:\/\/adriadapt.eu\/#website"},"datePublished":"2020-04-22T16:48:18+00:00","dateModified":"2021-07-28T14:00:13+00:00","description":"Anomalia della temperatura dell'aria di due metri (nel periodo 1986-2005) mediata sul dominio Adriadapt. Breve sommario dei dati e delle proiezioni","breadcrumb":{"@id":"http:\/\/adriadapt.eu\/it\/informazioni-climatiche\/#breadcrumb"},"inLanguage":"it-IT","potentialAction":[{"@type":"ReadAction","target":["http:\/\/adriadapt.eu\/it\/informazioni-climatiche\/"]}]},{"@type":"BreadcrumbList","@id":"http:\/\/adriadapt.eu\/it\/informazioni-climatiche\/#breadcrumb","itemListElement":[{"@type":"ListItem","position":1,"name":"Home","item":"https:\/\/adriadapt.eu\/it\/"},{"@type":"ListItem","position":2,"name":"Informazioni Climatiche"}]},{"@type":"WebSite","@id":"https:\/\/adriadapt.eu\/#website","url":"https:\/\/adriadapt.eu\/","name":"ADRIADAPT","description":"a Resilience information platform for Adriatic cities and towns","potentialAction":[{"@type":"SearchAction","target":{"@type":"EntryPoint","urlTemplate":"https:\/\/adriadapt.eu\/?s={search_term_string}"},"query-input":"required name=search_term_string"}],"inLanguage":"it-IT"}]}},"_links":{"self":[{"href":"https:\/\/adriadapt.eu\/it\/wp-json\/wp\/v2\/pages\/565"}],"collection":[{"href":"https:\/\/adriadapt.eu\/it\/wp-json\/wp\/v2\/pages"}],"about":[{"href":"https:\/\/adriadapt.eu\/it\/wp-json\/wp\/v2\/types\/page"}],"author":[{"embeddable":true,"href":"https:\/\/adriadapt.eu\/it\/wp-json\/wp\/v2\/users\/1"}],"replies":[{"embeddable":true,"href":"https:\/\/adriadapt.eu\/it\/wp-json\/wp\/v2\/comments?post=565"}],"version-history":[{"count":4,"href":"https:\/\/adriadapt.eu\/it\/wp-json\/wp\/v2\/pages\/565\/revisions"}],"predecessor-version":[{"id":1650,"href":"https:\/\/adriadapt.eu\/it\/wp-json\/wp\/v2\/pages\/565\/revisions\/1650"}],"wp:attachment":[{"href":"https:\/\/adriadapt.eu\/it\/wp-json\/wp\/v2\/media?parent=565"}],"curies":[{"name":"wp","href":"https:\/\/api.w.org\/{rel}","templated":true}]}}