{"id":573,"date":"2020-04-23T07:48:55","date_gmt":"2020-04-23T06:48:55","guid":{"rendered":"https:\/\/adriadapt.eu\/?page_id=573"},"modified":"2021-04-22T15:51:25","modified_gmt":"2021-04-22T14:51:25","slug":"strumento-di-supporto-alla-pianificazione-integrata-delladattamento","status":"publish","type":"page","link":"https:\/\/adriadapt.eu\/it\/strumento-di-supporto-alla-pianificazione-integrata-delladattamento\/","title":{"rendered":"Strumento di supporto alla pianificazione integrata dell\u2019adattamento"},"content":{"rendered":"\n<figure class=\"wp-block-embed is-type-video is-provider-youtube wp-block-embed-youtube wp-embed-aspect-16-9 wp-has-aspect-ratio\"><div class=\"wp-block-embed__wrapper\">\n<iframe loading=\"lazy\" title=\"Adriadapt promotional video - 2ND PART (ITALIANO)\" width=\"500\" height=\"281\" src=\"https:\/\/www.youtube.com\/embed\/2j4-Xb2LFwU?start=2&#038;feature=oembed\" frameborder=\"0\" allow=\"accelerometer; autoplay; clipboard-write; encrypted-media; gyroscope; picture-in-picture\" allowfullscreen><\/iframe>\n<\/div><\/figure>\n\n\n\n<p><strong>Introduzione<\/strong><\/p>\n\n\n\n<p>Il momento migliore per iniziare a pianificare un processo di adattamento ai cambiamenti climatici \u00e8 gi\u00e0 passato. La seconda possibilit\u00e0 \u00e8 iniziare a pianificare l\u2019adattamento ora. Gli impatti degli eventi estremi che gi\u00e0 oggi stiamo sperimentando e i cambiamenti climatici attesi per il futuro non aspettano che noi siamo pronti ad affrontarli.<\/p>\n\n\n\n<p>Citt\u00e0 e regioni meglio adattate ai cambiamenti climatici possono garantire una maggiore resilienza dei cittadini, del territorio e delle risorse ai rischi determinati da tali cambiamenti. Una maggiore resilienza e una rafforzata capacit\u00e0 di adattamento possono ridurre i costi e i danni derivanti dagli impatti dei cambiamenti climatici. Allo stesso tempo, usando un approccio integrato, citt\u00e0 e regioni possono migliorare la qualit\u00e0 della vita dei propri cittadini e ospiti, proseguendo il percorso verso la sostenibilit\u00e0.<\/p>\n\n\n\n<p>L\u2019adattamento \u00e8 difficilmente perseguibile senza un processo di pianificazione integrata. E\u2019 possibile che una citt\u00e0 o una regione inizi il proprio percorso concentrandosi su una specifica misura di adattamento, ma un piano complessivo e integrato \u00e8 indispensabile per affrontare la natura complessa dell\u2019adattamento ai cambiamenti climatici. Un approccio settoriale pu\u00f2 migliorare l\u2019adattamento relativamente ad un aspetto specifico ma pu\u00f2 al contempo aumentare i rischi connessi ai cambiamenti climatici per altri settori o aree specifiche. Inoltre, un approccio integrato all\u2019adattamento pu\u00f2 rendere possibile il raggiungimento di massimi benefici a minimi costi, tenendo conto congiuntamente di temi differenti, quali il rafforzamento della resilienza ai cambiamenti climatici (adattamento), la riduzione del contributo di una citt\u00e0 o di una regione ai cambiamenti climatici (mitigazione) e il perseguimento di un ampio spettro di co-benefici (protezione della salute dei cittadini, creazione di opportunit\u00e0 ricreative, conservazione degli habitat naturali e della biodiversit\u00e0, ecc.). Perch\u00e9 sia sostenibile, \u00e8 quindi opportuno che l\u2019adattamento contribuisca anche al processo complessivo di mitigazione, proponendo misure che riducano le emissioni di gas serra e aumentino la capacit\u00e0 di sequestro del carbonio, come nel caso di varie misure basate su un approccio ecosistemico.<\/p>\n\n\n\n<p>Elaborare un piano di adattamento e decidere in merito alle migliori soluzioni da adottare non \u00e8 un processo semplice. Per intraprendere questo difficile percorso, abbiamo bisogno di una nuova forma di governance per l\u2019azione di contrasto alla crisi climatica. Sebbene la governance possa essere definita come la capacit\u00e0 delle istituzioni di governo di rispondere in modo efficace a condizioni variabili e relativi effetti, essa non \u00e8 un processo di esclusivo interesse di tali istituzioni. Al fine di raggiungere un\u2019unit\u00e0 di intenti nel contrasto alla crisi climatica, le citt\u00e0 e le regioni necessitano di un ampio sostegno da parte del maggior numero possibile di portatori di interesse. Pertanto, tale governance richiede che tutte le parti interessate che agiscono come attori chiave nella societ\u00e0 a livello locale e regionale siano coinvolte nel processo di adattamento. La definizione di un governance efficace \u00e8 un processo a lungo termine: la costruzione di fiducia, relazioni e sostegno da parte delle comunit\u00e0 ne \u00e8 alla base. Nuove forme di accordi multi-laterali tra i portatori d\u2019interesse coinvolti possono giocare un ruolo cruciale per una governance efficace nel contrasto alla crisi climatica.<\/p>\n\n\n\n<p>AdriAdapt ha sviluppato un approccio semplice e graduale, che pu\u00f2 guidarci lungo il processo di preparazione di un piano di adattamento a livello locale o regionale. Tale approccio \u00e8 ulteriormente dettagliato nelle &#8220;linee guida per l\u2019adattamento ai cambiamenti climatici\u201d.<\/p>\n","protected":false},"excerpt":{"rendered":"<p>Introduzione Il momento migliore per iniziare a pianificare un processo di adattamento ai cambiamenti climatici \u00e8 gi\u00e0 passato. La seconda possibilit\u00e0 \u00e8 iniziare a pianificare l\u2019adattamento ora. Gli impatti degli eventi estremi che gi\u00e0<\/p>\n","protected":false},"author":3,"featured_media":0,"parent":0,"menu_order":0,"comment_status":"closed","ping_status":"closed","template":"","meta":[],"acf":[],"yoast_head":"<!-- This site is optimized with the Yoast SEO plugin v19.14 - https:\/\/yoast.com\/wordpress\/plugins\/seo\/ -->\n<title>Strumento di supporto alla pianificazione integrata dell\u2019adattamento - ADRIADAPT<\/title>\n<meta name=\"description\" content=\"https:\/\/www.youtube.com\/watch?v=2j4-Xb2LFwU&amp;t=2s Introduzione Il momento migliore per iniziare a pianificare un processo di adattamento ai cambiamenti\" \/>\n<meta name=\"robots\" content=\"index, follow, max-snippet:-1, max-image-preview:large, max-video-preview:-1\" \/>\n<link rel=\"canonical\" href=\"https:\/\/adriadapt.eu\/it\/strumento-di-supporto-alla-pianificazione-integrata-delladattamento\/\" \/>\n<meta property=\"og:locale\" content=\"it_IT\" \/>\n<meta property=\"og:type\" content=\"article\" \/>\n<meta property=\"og:title\" content=\"Strumento di supporto alla pianificazione integrata dell\u2019adattamento - ADRIADAPT\" \/>\n<meta property=\"og:description\" content=\"https:\/\/www.youtube.com\/watch?v=2j4-Xb2LFwU&amp;t=2s Introduzione Il momento migliore per iniziare a pianificare un processo di adattamento ai cambiamenti\" \/>\n<meta property=\"og:url\" content=\"https:\/\/adriadapt.eu\/it\/strumento-di-supporto-alla-pianificazione-integrata-delladattamento\/\" \/>\n<meta property=\"og:site_name\" content=\"ADRIADAPT\" \/>\n<meta property=\"article:modified_time\" content=\"2021-04-22T14:51:25+00:00\" \/>\n<meta name=\"twitter:card\" content=\"summary_large_image\" \/>\n<meta name=\"twitter:label1\" content=\"Tempo di lettura stimato\" \/>\n\t<meta name=\"twitter:data1\" content=\"3 minuti\" \/>\n<script type=\"application\/ld+json\" class=\"yoast-schema-graph\">{\"@context\":\"https:\/\/schema.org\",\"@graph\":[{\"@type\":\"WebPage\",\"@id\":\"https:\/\/adriadapt.eu\/it\/strumento-di-supporto-alla-pianificazione-integrata-delladattamento\/\",\"url\":\"https:\/\/adriadapt.eu\/it\/strumento-di-supporto-alla-pianificazione-integrata-delladattamento\/\",\"name\":\"Strumento di supporto alla pianificazione integrata dell\u2019adattamento - ADRIADAPT\",\"isPartOf\":{\"@id\":\"http:\/\/adriadapt.eu\/hr\/#website\"},\"datePublished\":\"2020-04-23T06:48:55+00:00\",\"dateModified\":\"2021-04-22T14:51:25+00:00\",\"description\":\"https:\/\/www.youtube.com\/watch?v=2j4-Xb2LFwU&amp;t=2s Introduzione Il momento migliore per iniziare a pianificare un processo di adattamento ai cambiamenti\",\"breadcrumb\":{\"@id\":\"https:\/\/adriadapt.eu\/it\/strumento-di-supporto-alla-pianificazione-integrata-delladattamento\/#breadcrumb\"},\"inLanguage\":\"it-IT\",\"potentialAction\":[{\"@type\":\"ReadAction\",\"target\":[\"https:\/\/adriadapt.eu\/it\/strumento-di-supporto-alla-pianificazione-integrata-delladattamento\/\"]}]},{\"@type\":\"BreadcrumbList\",\"@id\":\"https:\/\/adriadapt.eu\/it\/strumento-di-supporto-alla-pianificazione-integrata-delladattamento\/#breadcrumb\",\"itemListElement\":[{\"@type\":\"ListItem\",\"position\":1,\"name\":\"Home\",\"item\":\"http:\/\/www.adriadapt.eu\/it\/\"},{\"@type\":\"ListItem\",\"position\":2,\"name\":\"Strumento di supporto alla pianificazione integrata dell\u2019adattamento\"}]},{\"@type\":\"WebSite\",\"@id\":\"http:\/\/adriadapt.eu\/hr\/#website\",\"url\":\"http:\/\/adriadapt.eu\/hr\/\",\"name\":\"ADRIADAPT\",\"description\":\"a Resilience information platform for Adriatic cities and towns\",\"potentialAction\":[{\"@type\":\"SearchAction\",\"target\":{\"@type\":\"EntryPoint\",\"urlTemplate\":\"http:\/\/adriadapt.eu\/hr\/?s={search_term_string}\"},\"query-input\":\"required name=search_term_string\"}],\"inLanguage\":\"it-IT\"}]}<\/script>\n<!-- \/ Yoast SEO plugin. -->","yoast_head_json":{"title":"Strumento di supporto alla pianificazione integrata dell\u2019adattamento - ADRIADAPT","description":"https:\/\/www.youtube.com\/watch?v=2j4-Xb2LFwU&amp;t=2s Introduzione Il momento migliore per iniziare a pianificare un processo di adattamento ai cambiamenti","robots":{"index":"index","follow":"follow","max-snippet":"max-snippet:-1","max-image-preview":"max-image-preview:large","max-video-preview":"max-video-preview:-1"},"canonical":"https:\/\/adriadapt.eu\/it\/strumento-di-supporto-alla-pianificazione-integrata-delladattamento\/","og_locale":"it_IT","og_type":"article","og_title":"Strumento di supporto alla pianificazione integrata dell\u2019adattamento - ADRIADAPT","og_description":"https:\/\/www.youtube.com\/watch?v=2j4-Xb2LFwU&amp;t=2s Introduzione Il momento migliore per iniziare a pianificare un processo di adattamento ai cambiamenti","og_url":"https:\/\/adriadapt.eu\/it\/strumento-di-supporto-alla-pianificazione-integrata-delladattamento\/","og_site_name":"ADRIADAPT","article_modified_time":"2021-04-22T14:51:25+00:00","twitter_card":"summary_large_image","twitter_misc":{"Tempo di lettura stimato":"3 minuti"},"schema":{"@context":"https:\/\/schema.org","@graph":[{"@type":"WebPage","@id":"https:\/\/adriadapt.eu\/it\/strumento-di-supporto-alla-pianificazione-integrata-delladattamento\/","url":"https:\/\/adriadapt.eu\/it\/strumento-di-supporto-alla-pianificazione-integrata-delladattamento\/","name":"Strumento di supporto alla pianificazione integrata dell\u2019adattamento - ADRIADAPT","isPartOf":{"@id":"http:\/\/adriadapt.eu\/hr\/#website"},"datePublished":"2020-04-23T06:48:55+00:00","dateModified":"2021-04-22T14:51:25+00:00","description":"https:\/\/www.youtube.com\/watch?v=2j4-Xb2LFwU&amp;t=2s Introduzione Il momento migliore per iniziare a pianificare un processo di adattamento ai cambiamenti","breadcrumb":{"@id":"https:\/\/adriadapt.eu\/it\/strumento-di-supporto-alla-pianificazione-integrata-delladattamento\/#breadcrumb"},"inLanguage":"it-IT","potentialAction":[{"@type":"ReadAction","target":["https:\/\/adriadapt.eu\/it\/strumento-di-supporto-alla-pianificazione-integrata-delladattamento\/"]}]},{"@type":"BreadcrumbList","@id":"https:\/\/adriadapt.eu\/it\/strumento-di-supporto-alla-pianificazione-integrata-delladattamento\/#breadcrumb","itemListElement":[{"@type":"ListItem","position":1,"name":"Home","item":"http:\/\/www.adriadapt.eu\/it\/"},{"@type":"ListItem","position":2,"name":"Strumento di supporto alla pianificazione integrata dell\u2019adattamento"}]},{"@type":"WebSite","@id":"http:\/\/adriadapt.eu\/hr\/#website","url":"http:\/\/adriadapt.eu\/hr\/","name":"ADRIADAPT","description":"a Resilience information platform for Adriatic cities and towns","potentialAction":[{"@type":"SearchAction","target":{"@type":"EntryPoint","urlTemplate":"http:\/\/adriadapt.eu\/hr\/?s={search_term_string}"},"query-input":"required name=search_term_string"}],"inLanguage":"it-IT"}]}},"_links":{"self":[{"href":"https:\/\/adriadapt.eu\/it\/wp-json\/wp\/v2\/pages\/573"}],"collection":[{"href":"https:\/\/adriadapt.eu\/it\/wp-json\/wp\/v2\/pages"}],"about":[{"href":"https:\/\/adriadapt.eu\/it\/wp-json\/wp\/v2\/types\/page"}],"author":[{"embeddable":true,"href":"https:\/\/adriadapt.eu\/it\/wp-json\/wp\/v2\/users\/3"}],"replies":[{"embeddable":true,"href":"https:\/\/adriadapt.eu\/it\/wp-json\/wp\/v2\/comments?post=573"}],"version-history":[{"count":5,"href":"https:\/\/adriadapt.eu\/it\/wp-json\/wp\/v2\/pages\/573\/revisions"}],"predecessor-version":[{"id":1212,"href":"https:\/\/adriadapt.eu\/it\/wp-json\/wp\/v2\/pages\/573\/revisions\/1212"}],"wp:attachment":[{"href":"https:\/\/adriadapt.eu\/it\/wp-json\/wp\/v2\/media?parent=573"}],"curies":[{"name":"wp","href":"https:\/\/api.w.org\/{rel}","templated":true}]}}