{"id":574,"date":"2020-04-23T07:49:08","date_gmt":"2020-04-23T06:49:08","guid":{"rendered":"https:\/\/adriadapt.eu\/?page_id=574"},"modified":"2021-05-07T16:07:40","modified_gmt":"2021-05-07T15:07:40","slug":"coinvolgere-i-portatori-di-interesse","status":"publish","type":"page","link":"https:\/\/adriadapt.eu\/it\/strumento-di-supporto-alla-pianificazione-integrata-delladattamento\/coinvolgere-i-portatori-di-interesse\/","title":{"rendered":"Coinvolgere i portatori di interesse"},"content":{"rendered":"\n<p><strong>Fase trasversale: Coinvolgere i portatori di interesse<\/strong><\/p>\n\n\n\n<p>Coinvolgere i portatori di interesse \u00e8 una componente essenziale della maggior parte dei processi politici<em> <\/em>o di pianificazione. Sicuramente \u00e8 un aspetto imprescindibile per l&#8217;adattamento, considerata la sua natura orizzontale e intersettoriale. Coinvolgere i portatori di interesse nel processo di adattamento costituisce un&#8217;ottima occasione per fare formazione sui cambiamenti climatici e sulla necessit\u00e0 di adottare azioni per il clima. Partecipare all&#8217;elaborazione di piani di adattamento, o di piani e progetti legati all&#8217;azione per il clima, aiuta a creare comunit\u00e0 climaticamente alfabetizzate, pronte ad affrontare le sfide impegnative che i cambiamenti climatici pongono alla societ\u00e0 nella sua interezza. L&#8217;adattamento \u00e8 un argomento di interesse per un ampio spettro di portatori di interesse dai quali ci si attende che partecipino alla co-creazione delle conoscenze necessarie e alle decisioni che dovranno essere assunte nel corso di tutto il processo. Il coinvolgimento dei portatori di interesse gioca un ruolo fondamentale in tutte le fasi dell&#8217;adattamento (come \u00e8 gi\u00e0 stato ricordato nella descrizione di ogni fase). Tuttavia, c&#8217;\u00e8 la chiara esigenza di razionalizzare il loro contributo, specialmente nell&#8217;ottica di ottenere il maggior beneficio dal processo di coinvolgimento. La partecipazione dei portatori di interesse deve essere organizzata sin dall&#8217;inizio (fase 1), e tale processo dovrebbe essere affidato agli esperti di comunicazione e mediazione. Ci si aspetta che un processo di coinvolgimento ben organizzato presti attenzione alla trasparenza, alla comunicazione aperta, alla fiducia e alle relazioni, ad una chiara definizione dei ruoli, delle responsabilit\u00e0 e degli impegni di tutti i partecipanti.&nbsp;<\/p>\n\n\n\n<ul><li>Perch\u00e9 e quando \u00e8 importante coinvolgere i portatori di interesse?<\/li><\/ul>\n\n\n\n<p>Il processo di adattamento deve essere aperto al contributo dei portatori di interesse in ogni singola fase. Tuttavia, coinvolgere i portatori di interesse in tutte le attivit\u00e0 \u00e8 difficilmente fattibile. Si possono ottenere maggiori benefici con una chiara definizione degli obiettivi legati al coinvolgimento dei portatori di interesse, e con l&#8217;identificazione dei passaggi in cui il loro contributo \u00e8 pi\u00f9 utile per tutto il processo. La decisione su quando coinvolgere i portatori di interesse, dipender\u00e0 dal contesto, anche se ci possiamo aspettare che il coinvolgimento sia particolarmente rilevante nelle seguenti attivit\u00e0: condivisione di dati e informazioni sui pericoli e sui rischi legati ai cambiamenti climatici, identificazione degli impatti prioritari dei cambiamenti climatici, co-creazione della visione, impostazione degli obiettivi derivanti dalla visione, condivisione di esperienze sulle opzioni di adattamento, proposta di specifiche misure di adattamento, elaborazione del piano di monitoraggio, comunicazione e valutazione (MRE) ed elaborazione della struttura di <em>governance<\/em> per l&#8217;adattamento ai cambiamenti climatici. Il coinvolgimento dei portatori di interesse non cessa con l&#8217;approvazione del piano di adattamento, risulta anzi cruciale per il successo della fase di attuazione e per il monitoraggio.<\/p>\n\n\n\n<ul><li>Chi dovrebbe essere coinvolto?<\/li><\/ul>\n\n\n\n<p>La mappatura e l&#8217;analisi dei portatori di interesse hanno lo scopo di individuare coloro che dovrebbero essere poi coinvolti nel processo di adattamento. Ci\u00f2 \u00e8 utile poich\u00e9 in tal modo vengono presentati a tutti i partecipanti gli interessi e le posizioni dei portatori di interesse e le loro reciproche relazioni. La selezione dei portatori di interesse deve essere basata su criteri trasparenti e ha lo scopo di assicurare una partecipazione equa alle differenti categorie di portatori di interesse, comprese le amministrazioni incaricate dell&#8217;adattamento a differenti livelli (dal livello locale a quello nazionale, secondo le necessit\u00e0), differenti dipartimenti dell&#8217;organizzazione responsabile, organi di settore, la comunit\u00e0 accademica e gli istituti di ricerca, le ONG, altri gruppi di interesse e i rappresentanti dell&#8217;imprenditoria. Non esiste un numero ideale di portatori di interesse da coinvolgere; si consiglia &nbsp;di dare voce a tutte le differenti categorie, purch\u00e8 venga mantenuto &nbsp;un numero sufficienemente piccolo da assicurare l&#8217;efficienza del processo e l&#8217;impegno dei portatori di interesse nel corso di tutta la sua durata. Una volta identificati i portatori di interesse, dovr\u00e0 essere chiarito il loro livello di coinvolgimento, che pu\u00f2 spaziare da attivit\u00e0 di informazione, comunicazione bidirezionale, consultazione, co-creazione, fino alla co-decisione, ecc. Il livello di coinvolgimento dei vari portatori di interesse sar\u00e0 differente e potrebbe anche cambiare nel corso del processo. Tuttavia, definire i ruoli e le responsabilit\u00e0 di ciascun portatore di interesse sin dall&#8217;inizio \u00e8 fondamentale per assicurare un loro ottimo coinvolgimento. Infine, si consiglia di utilizzare le piattaforme esistenti dei portatori di interesse (p. es., alcune citt\u00e0 potrebbero gi\u00e0 avere avviato un processo di sviluppo sostenibile, o di pianificazione urbana, basato sui portatori di interesse).&nbsp;<\/p>\n\n\n\n<ul><li>Documentare l&#8217;utilizzo del contributo dato dai portatori di interesse<\/li><\/ul>\n\n\n\n<p>Per aumentare il livello di fiducia, i portatori di interesse devono essere informati regolarmente sull&#8217;utilizzo dei risultati frutto della loro partecipazione. L&#8217;adattamento \u00e8 un processo che deve essere co-progettato, e la strategia o il piano risultanti da tale processo devono essere il frutto della collaborazione di tutti i portatori di interesse coinvolti. Per documentare la discussione possono essere utilizzati vari metodi e strumenti (quali verbali degli incontri, linee guida, poster o infografiche) che mostrino sommariamente i principali risultati conseguiti (siti web dedicati, ecc.). \u00c8 altrettanto importante definire il livello necessario di formalizzazione dei contributi dati dai portatori di interesse. Quando la partecipazione dei portatori di interesse riguarda la condivisione di conoscenze ed esperienze, non \u00e8 necessario insistere sulla formalizzazione. Tuttavia, quando ci si attende che i partecipanti espongano i loro interessi strategici ed esprimano i relativi obiettivi, \u00e8 possibile che sia necessario un livello di formalizzazione superiore. La decisione finale sul livello di formalizzazione dipende comunque dal caso concreto. In alcuni contesti, possono essere preferiti processi informali per evitare che gli stessi vengano bloccati e che i portatori di interesse si rifiutino di partecipare attivamente.&nbsp;<\/p>\n\n\n\n<ul><li>Elaborare un piano di comunicazione e di sensibilizzazione delle coscienze<\/li><\/ul>\n\n\n\n<p>Una campagna comunicativa di successo sull&#8217;adattamento ai cambiamenti climatici spesso \u00e8 la chiave di volta per assicurarsi il sostegno della societ\u00e0 civile, per rafforzare ulteriormente la partecipazione del pubblico e aumentare il livello di consapevolezza sulle sfide poste dai cambiamenti climatici e le possibili soluzioni. \u00c8 necessario un piano di comunicazione stabile per convogliare i risultati principali del processo di adattamento verso i differenti gruppi di obiettivi. Affinch\u00e9 ci\u00f2 avvenga \u00e8 necessario:<\/p>\n\n\n\n<ul><li>chiarificare la terminologia; il significato di termini quali vulnerabilit\u00e0, rischio, mitigazione, adattamento, che potrebbero non essere chiari a tutti a prima vista<\/li><li>formulare i messaggi trasmessi in modo comprensibile all&#8217;utente (in termini di lessico, contenuto e formato), tenendo in considerazione che target di pubblico differenti necessitano approcci differenziati<\/li><li>comunicare, insieme ai risultati, anche le ipotesi e le incertezze (p. es. sui futuri scenari e proiezioni dei cambiamenti climatici)<\/li><li>focalizzarsi anche sugli esempi di buone pratiche piuttosto che esclusivamente su aspetti metodologici e teorici<\/li><li>sfruttare nel miglior modo possibile una combinazione di approcci comunicativi (partecipazione diretta, mass media, internet, social network) e mezzi (testi brevi, infografiche, materiali audio e video, racconti di esperienze durante gli incontri, ecc.) in modo da raggiungere il maggior numero di persone<\/li><\/ul>\n\n\n\n<p><strong><em>Risultati del coinvolgimento dei portatori di interesse:<\/em><\/strong><\/p>\n\n\n\n<ul><li>Documento con i risultati della mappatura ed analisi dei portatori di interesse\u00a0<\/li><li>Documento con il piano delle attivit\u00e0 per coinvolgere i portatori di interesse<\/li><li>Documento di riepilogo dei risultati del processo di coinvolgimento dei portatori di interesse<\/li><li>Piano di comunicazione e sensibilizzazione sull&#8217;adattamento<\/li><\/ul>\n\n\n\n<p><strong><em>CASI STUDIO:<\/em><\/strong> Workshop &#8220;Climagine&#8221; del Piano costiero per la Regione di Sebenico &#8211; Tenin<\/p>\n","protected":false},"excerpt":{"rendered":"<p>Fase trasversale: Coinvolgere i portatori di interesse Coinvolgere i portatori di interesse \u00e8 una componente essenziale della maggior parte dei processi politici o di pianificazione. Sicuramente \u00e8 un aspetto imprescindibile per l&#8217;adattamento, considerata la<\/p>\n","protected":false},"author":1,"featured_media":0,"parent":573,"menu_order":6,"comment_status":"closed","ping_status":"closed","template":"","meta":[],"acf":[],"yoast_head":"<!-- This site is optimized with the Yoast SEO plugin v19.14 - https:\/\/yoast.com\/wordpress\/plugins\/seo\/ -->\n<title>Coinvolgere i portatori di interesse - ADRIADAPT<\/title>\n<meta name=\"description\" content=\"Fase trasversale: Coinvolgere i portatori di interesse Coinvolgere i portatori di interesse \u00e8 una componente essenziale della maggior parte dei processi\" \/>\n<meta name=\"robots\" content=\"index, follow, max-snippet:-1, max-image-preview:large, max-video-preview:-1\" \/>\n<link rel=\"canonical\" href=\"http:\/\/www.adriadapt.eu\/it\/strumento-di-supporto-alla-pianificazione-integrata-delladattamento\/coinvolgere-i-portatori-di-interesse\/\" \/>\n<meta property=\"og:locale\" content=\"it_IT\" \/>\n<meta property=\"og:type\" content=\"article\" \/>\n<meta property=\"og:title\" content=\"Coinvolgere i portatori di interesse - ADRIADAPT\" \/>\n<meta property=\"og:description\" content=\"Fase trasversale: Coinvolgere i portatori di interesse Coinvolgere i portatori di interesse \u00e8 una componente essenziale della maggior parte dei processi\" \/>\n<meta property=\"og:url\" content=\"http:\/\/www.adriadapt.eu\/it\/strumento-di-supporto-alla-pianificazione-integrata-delladattamento\/coinvolgere-i-portatori-di-interesse\/\" \/>\n<meta property=\"og:site_name\" content=\"ADRIADAPT\" \/>\n<meta property=\"article:modified_time\" content=\"2021-05-07T15:07:40+00:00\" \/>\n<meta name=\"twitter:card\" content=\"summary_large_image\" \/>\n<meta name=\"twitter:label1\" content=\"Tempo di lettura stimato\" \/>\n\t<meta name=\"twitter:data1\" content=\"6 minuti\" \/>\n<script type=\"application\/ld+json\" class=\"yoast-schema-graph\">{\"@context\":\"https:\/\/schema.org\",\"@graph\":[{\"@type\":\"WebPage\",\"@id\":\"http:\/\/www.adriadapt.eu\/it\/strumento-di-supporto-alla-pianificazione-integrata-delladattamento\/coinvolgere-i-portatori-di-interesse\/\",\"url\":\"http:\/\/www.adriadapt.eu\/it\/strumento-di-supporto-alla-pianificazione-integrata-delladattamento\/coinvolgere-i-portatori-di-interesse\/\",\"name\":\"Coinvolgere i portatori di interesse - ADRIADAPT\",\"isPartOf\":{\"@id\":\"https:\/\/adriadapt.eu\/#website\"},\"datePublished\":\"2020-04-23T06:49:08+00:00\",\"dateModified\":\"2021-05-07T15:07:40+00:00\",\"description\":\"Fase trasversale: Coinvolgere i portatori di interesse Coinvolgere i portatori di interesse \u00e8 una componente essenziale della maggior parte dei processi\",\"breadcrumb\":{\"@id\":\"http:\/\/www.adriadapt.eu\/it\/strumento-di-supporto-alla-pianificazione-integrata-delladattamento\/coinvolgere-i-portatori-di-interesse\/#breadcrumb\"},\"inLanguage\":\"it-IT\",\"potentialAction\":[{\"@type\":\"ReadAction\",\"target\":[\"http:\/\/www.adriadapt.eu\/it\/strumento-di-supporto-alla-pianificazione-integrata-delladattamento\/coinvolgere-i-portatori-di-interesse\/\"]}]},{\"@type\":\"BreadcrumbList\",\"@id\":\"http:\/\/www.adriadapt.eu\/it\/strumento-di-supporto-alla-pianificazione-integrata-delladattamento\/coinvolgere-i-portatori-di-interesse\/#breadcrumb\",\"itemListElement\":[{\"@type\":\"ListItem\",\"position\":1,\"name\":\"Home\",\"item\":\"http:\/\/adriadapt.eu\/it\/\"},{\"@type\":\"ListItem\",\"position\":2,\"name\":\"Strumento di supporto alla pianificazione integrata dell\u2019adattamento\",\"item\":\"http:\/\/www.adriadapt.eu\/it\/strumento-di-supporto-alla-pianificazione-integrata-delladattamento\/\"},{\"@type\":\"ListItem\",\"position\":3,\"name\":\"Coinvolgere i portatori di interesse\"}]},{\"@type\":\"WebSite\",\"@id\":\"https:\/\/adriadapt.eu\/#website\",\"url\":\"https:\/\/adriadapt.eu\/\",\"name\":\"ADRIADAPT\",\"description\":\"a Resilience information platform for Adriatic cities and towns\",\"potentialAction\":[{\"@type\":\"SearchAction\",\"target\":{\"@type\":\"EntryPoint\",\"urlTemplate\":\"https:\/\/adriadapt.eu\/?s={search_term_string}\"},\"query-input\":\"required name=search_term_string\"}],\"inLanguage\":\"it-IT\"}]}<\/script>\n<!-- \/ Yoast SEO plugin. -->","yoast_head_json":{"title":"Coinvolgere i portatori di interesse - ADRIADAPT","description":"Fase trasversale: Coinvolgere i portatori di interesse Coinvolgere i portatori di interesse \u00e8 una componente essenziale della maggior parte dei processi","robots":{"index":"index","follow":"follow","max-snippet":"max-snippet:-1","max-image-preview":"max-image-preview:large","max-video-preview":"max-video-preview:-1"},"canonical":"http:\/\/www.adriadapt.eu\/it\/strumento-di-supporto-alla-pianificazione-integrata-delladattamento\/coinvolgere-i-portatori-di-interesse\/","og_locale":"it_IT","og_type":"article","og_title":"Coinvolgere i portatori di interesse - ADRIADAPT","og_description":"Fase trasversale: Coinvolgere i portatori di interesse Coinvolgere i portatori di interesse \u00e8 una componente essenziale della maggior parte dei processi","og_url":"http:\/\/www.adriadapt.eu\/it\/strumento-di-supporto-alla-pianificazione-integrata-delladattamento\/coinvolgere-i-portatori-di-interesse\/","og_site_name":"ADRIADAPT","article_modified_time":"2021-05-07T15:07:40+00:00","twitter_card":"summary_large_image","twitter_misc":{"Tempo di lettura stimato":"6 minuti"},"schema":{"@context":"https:\/\/schema.org","@graph":[{"@type":"WebPage","@id":"http:\/\/www.adriadapt.eu\/it\/strumento-di-supporto-alla-pianificazione-integrata-delladattamento\/coinvolgere-i-portatori-di-interesse\/","url":"http:\/\/www.adriadapt.eu\/it\/strumento-di-supporto-alla-pianificazione-integrata-delladattamento\/coinvolgere-i-portatori-di-interesse\/","name":"Coinvolgere i portatori di interesse - ADRIADAPT","isPartOf":{"@id":"https:\/\/adriadapt.eu\/#website"},"datePublished":"2020-04-23T06:49:08+00:00","dateModified":"2021-05-07T15:07:40+00:00","description":"Fase trasversale: Coinvolgere i portatori di interesse Coinvolgere i portatori di interesse \u00e8 una componente essenziale della maggior parte dei processi","breadcrumb":{"@id":"http:\/\/www.adriadapt.eu\/it\/strumento-di-supporto-alla-pianificazione-integrata-delladattamento\/coinvolgere-i-portatori-di-interesse\/#breadcrumb"},"inLanguage":"it-IT","potentialAction":[{"@type":"ReadAction","target":["http:\/\/www.adriadapt.eu\/it\/strumento-di-supporto-alla-pianificazione-integrata-delladattamento\/coinvolgere-i-portatori-di-interesse\/"]}]},{"@type":"BreadcrumbList","@id":"http:\/\/www.adriadapt.eu\/it\/strumento-di-supporto-alla-pianificazione-integrata-delladattamento\/coinvolgere-i-portatori-di-interesse\/#breadcrumb","itemListElement":[{"@type":"ListItem","position":1,"name":"Home","item":"http:\/\/adriadapt.eu\/it\/"},{"@type":"ListItem","position":2,"name":"Strumento di supporto alla pianificazione integrata dell\u2019adattamento","item":"http:\/\/www.adriadapt.eu\/it\/strumento-di-supporto-alla-pianificazione-integrata-delladattamento\/"},{"@type":"ListItem","position":3,"name":"Coinvolgere i portatori di interesse"}]},{"@type":"WebSite","@id":"https:\/\/adriadapt.eu\/#website","url":"https:\/\/adriadapt.eu\/","name":"ADRIADAPT","description":"a Resilience information platform for Adriatic cities and towns","potentialAction":[{"@type":"SearchAction","target":{"@type":"EntryPoint","urlTemplate":"https:\/\/adriadapt.eu\/?s={search_term_string}"},"query-input":"required name=search_term_string"}],"inLanguage":"it-IT"}]}},"_links":{"self":[{"href":"https:\/\/adriadapt.eu\/it\/wp-json\/wp\/v2\/pages\/574"}],"collection":[{"href":"https:\/\/adriadapt.eu\/it\/wp-json\/wp\/v2\/pages"}],"about":[{"href":"https:\/\/adriadapt.eu\/it\/wp-json\/wp\/v2\/types\/page"}],"author":[{"embeddable":true,"href":"https:\/\/adriadapt.eu\/it\/wp-json\/wp\/v2\/users\/1"}],"replies":[{"embeddable":true,"href":"https:\/\/adriadapt.eu\/it\/wp-json\/wp\/v2\/comments?post=574"}],"version-history":[{"count":3,"href":"https:\/\/adriadapt.eu\/it\/wp-json\/wp\/v2\/pages\/574\/revisions"}],"predecessor-version":[{"id":1263,"href":"https:\/\/adriadapt.eu\/it\/wp-json\/wp\/v2\/pages\/574\/revisions\/1263"}],"up":[{"embeddable":true,"href":"https:\/\/adriadapt.eu\/it\/wp-json\/wp\/v2\/pages\/573"}],"wp:attachment":[{"href":"https:\/\/adriadapt.eu\/it\/wp-json\/wp\/v2\/media?parent=574"}],"curies":[{"name":"wp","href":"https:\/\/api.w.org\/{rel}","templated":true}]}}