{"id":575,"date":"2020-04-23T07:49:19","date_gmt":"2020-04-23T06:49:19","guid":{"rendered":"https:\/\/adriadapt.eu\/?page_id=575"},"modified":"2021-07-21T07:54:47","modified_gmt":"2021-07-21T06:54:47","slug":"valutare-la-vulnerabilita","status":"publish","type":"page","link":"https:\/\/adriadapt.eu\/it\/strumento-di-supporto-alla-pianificazione-integrata-delladattamento\/valutare-la-vulnerabilita\/","title":{"rendered":"Valutare la vulnerabilit\u00e0"},"content":{"rendered":"\n<p><strong>Fase 2. Valutare la vulnerabilit\u00e0 e i rischi legati ai cambiamenti climatici<\/strong><\/p>\n\n\n\n<p>I cambiamenti climatici avranno numerosi impatti sulle comunit\u00e0 adriatiche. Non solo gli eventi estremi (per es. ondate di calore, precipitazioni estreme, inondazioni, incendi boschivi) aumenteranno di intensit\u00e0 e frequenza, ma si stanno gi\u00e0 verificando cambiamenti a insorgenza lenta (per es. aumento della temperatura, variazione dei pattern di precipitazione, innalzamento del livello del mare), tutto ci\u00f2 porter\u00e0 in generale a condizioni climatiche sfavorevoli con conseguenti perdite e danni. Comprendere la vulnerabilit\u00e0 ai cambiamenti climatici, attuale e futura, \u00e8 essenziale per formulare risposte e azioni volte a rafforzare la resilienza e la capacit\u00e0 di adattamento della societ\u00e0. Una comunit\u00e0 non \u00e8 isolata dal resto del territorio: i rischi legati ai cambiamenti climatici, pur in assenza di evidenze di impatto diretto sul territorio considerato, possono comunque manifestare ripercussioni gravi su aree che offrono servizi essenziali per tale territorio. Viceversa, gli effetti climatici che si manifestano in una determinata comunit\u00e0 possono influenzare anche il territorio circostante. Quindi, la valutazione della vulnerabilit\u00e0 e del rischio richiede un approccio integrale che valuti anche i legami con i territori contigui.<\/p>\n\n\n\n<ul><li>Identificazione e valutazione dei pericoli attuali e futuri legati al clima<\/li><\/ul>\n\n\n\n<p>Nessuna valutazione pu\u00f2 prendere in considerazione tutti i pericoli climatici con lo stesso dettaglio di analisi. La selezione e l&#8217;assegnazione di priorit\u00e0 a quelli maggiormente rilevanti per il contesto locale considerato possono aiutare a far convergere gli sforzi di valutazione mirando agli obiettivi complessivi di adattamento esplicitati nella fase 1. Una volta individuati, i principali pericoli legati ai cambiamenti climatici devono essere analizzati in termini di evoluzione storica, stato attuale e cambiamenti attesi nel futuro. Sebbene sia chiara la direzione in cui agiscono i cambiamenti climatici globali, non abbiamo certezze circa l&#8217;estensione e le peculiarit\u00e0 dei cambiamenti, specialmente a livello locale. Gli scenari climatici aiutano a descrivere le possibili condizioni climatiche future, in base a differenti tassi di incremento delle emissioni di gas serra globali. Tali scenari climatici vengono elaborati prendendo in considerazione le condizioni globali e possono essere &#8220;adattati&#8221; (downscaling) sulla base delle specifiche condizioni locali o regionali. L&#8217;analisi dei pericoli climatici attuali e futuri, rilevanti per il contesto locale, \u00e8 un&#8217;attivit\u00e0 che richiede un alto livello di conoscenza scientifica. Spesso questa manca alle amministrazioni deputate a occuparsi delle strategie di adattamento. La cooperazione con universit\u00e0 e centri di ricerca, cos\u00ec come la sinergia con iniziative di analisi dei cambiamenti climatici che vengono intraprese a un livello pi\u00f9 alto (per es. scenari e proiezioni dei cambiamenti climatici sviluppati nell&#8217;ambito di strategie o piani di adattamento regionali o nazionali) possono essere utili in tal senso. Gli scenari non offrono previsioni dei cambiamenti climatici; piuttosto rappresentano i possibili sviluppi del sistema climatico. Per questo, a prescindere da chi \u00e8 incaricato della loro valutazione, \u00e8 di eccezionale importanza che gli scenari climatici siano corredati da informazioni ausiliari per la loro comprensione e il loro corretto utilizzo (risoluzione spaziale, periodo di riferimento, quadro temporale delle proiezioni, evidenza degli scenari di emissione dei gas serra, incertezze, ecc.).&nbsp;<\/p>\n\n\n\n<ul><li>Selezione degli impatti prioritari dei cambiamenti climatici<\/li><\/ul>\n\n\n\n<p>Dopo aver individuato i pericoli rilevanti legati ai cambiamenti climatici, si raccomanda di concentrare la successiva valutazione della vulnerabilit\u00e0 e del rischio sui loro principali impatti diretti e indiretti. Sono impatti prioritari quelli che ci si attende incidano in modo significativo sul territorio considerato nella sua interezza (per es. inondazioni che incidono sugli insediamenti e sui loro residenti, sui servizi e sulle infrastrutture) o su alcuni dei suoi elementi naturali e artificiali e sulle attivit\u00e0 umane (per es. agricoltura, gestione forestale, biodiversit\u00e0, edifici e infrastrutture, sistemi energetici, trasporti, turismo, habitat marini, pesca e altre attivit\u00e0 marine, gestione delle risorse idriche, ecc. ). Come nel caso del precedente step, la collaborazione con universit\u00e0 e centri di ricerca, cos\u00ec come un&#8217;ampia discussione con tutti i portatori di interesse (si veda l&#8217;opzione di adattamento Governance per ulteriori dettagli), pu\u00f2 contribuire all&#8217;individuazione delle priorit\u00e0.<\/p>\n\n\n\n<ul><li>Valutare la vulnerabilit\u00e0 e i rischi legati ai cambiamenti climatici<\/li><\/ul>\n\n\n\n<p>Per ogni impatto rilevante dei cambiamenti climatici vengono valutati la vulnerabilit\u00e0 e il rischio, al fine di ottenere informazioni utili all&#8217;individuazione di azioni e risposte di adattamento a lungo termine ai cambiamenti climatici. Nell&#8217;ambito dei cambiamenti climatici, secondo l&#8217;IPCC, la vulnerabilit\u00e0 pu\u00f2 essere definita come il grado in cui un territorio, la sua comunit\u00e0 e le sue attivit\u00e0 sono suscettibili o incapaci di far fronte, agli effetti avversi del cambiamento climatico, inclusi la variabilit\u00e0 climatica e gli estremi. Per valutare la vulnerabilit\u00e0 di un sistema \u00e8 necessario esaminare la sua esposizione e sensibilit\u00e0 a un dato pericolo dei cambiamenti climatici e le capacit\u00e0 di adattamento gi\u00e0 acquisite. La valutazione combinata di vulnerabilit\u00e0, magnitudine del rischio climatico e valore dei recettori pi\u00f9 esposti offre una stima del rischio climatico associata ai pericoli e al territorio considerati. Diversi sono i metodi disponibili per la valutazione della vulnerabilit\u00e0 e il rischio associati ai cambiamenti climatici. Possono essere approssimativamente categorizzati in approcci <em>top-down e bottom-up.<\/em> Le valutazioni <em>top-down<\/em> si basano generalmente su dati, utilizzano mappe e altri strumenti quantitativi per esaminare i dati socioeconomici e i dati ambientali. Possono fornire ad esempio stime dei danni attesi su tutto il territorio o in alcune sue parti. Le valutazioni <em>bottom-up<\/em> normalmente fanno affidamento sulla conoscenza locale e sono di natura qualitativa. Spesso contano sulla collaborazione degli attori locali. E\u2019 auspicabile combinare i due approcci ogni qual volta sia possibile.<\/p>\n\n\n\n<ul><li>Trasferimento dei risultati alle fasi pertinenti alla creazione della visione e dei piani<\/li><\/ul>\n\n\n\n<p>Valutare la vulnerabilit\u00e0 e i rischi legati ai cambiamenti climatici richiede l&#8217;analisi di una ricca e ampia variet\u00e0 di dati e informazioni. L&#8217;adattamento ha successo solamente quando l&#8217;ambiente \u00e8 in grado di offrire servizi ecosistemici; per questo dovrebbe essere eseguita anche una valutazione dei principali rischi per uno sviluppo sostenibile. \u00c8 particolarmente importante che i risultati di tale analisi possano essere facilmente trasferiti alla fase in cui si crea la visione (fase 3) e si elabora il piano (fase 4) del processo di adattamento. A tal fine, i dati e le informazioni devono essere elaborati in modo sintetico affinch\u00e9 possano essere prontamente e propriamente utilizzati per l&#8217;identificazione, elaborazione e attuazione di misure di adattamento. Questa fase prevede l&#8217;adozione di un approccio semplice per presentare i risultati della fase 2 ad un ampio pubblico, in cui \u00e8 necessario anche evidenziare le relative ipotesi e incertezze.<\/p>\n\n\n\n<p><strong><em>Risultati della fase 2:<\/em><\/strong><\/p>\n\n\n\n<ul><li>Rapporti estesi e sintesi concise sui trend passati, sullo stato attuale e sulle proiezioni future dei principali pericoli derivanti dai cambiamenti climatici<\/li><li>Rapporto esteso e sintesi concisa sulla valutazione della vulnerabilit\u00e0 e dei rischi legati ai principali impatti dei cambiamenti climatici<\/li><li>Messaggi chiave per la fase di pianificazione: principali rischi climatici ,&nbsp; relative vulnerabilit\u00e0 e rischi<\/li><\/ul>\n\n\n\n<p><\/p>\n","protected":false},"excerpt":{"rendered":"<p>Fase 2. Valutare la vulnerabilit\u00e0 e i rischi legati ai cambiamenti climatici I cambiamenti climatici avranno numerosi impatti sulle comunit\u00e0 adriatiche. Non solo gli eventi estremi (per es. ondate di calore, precipitazioni estreme, inondazioni,<\/p>\n","protected":false},"author":1,"featured_media":0,"parent":573,"menu_order":2,"comment_status":"closed","ping_status":"closed","template":"","meta":[],"acf":[],"yoast_head":"<!-- This site is optimized with the Yoast SEO plugin v19.14 - https:\/\/yoast.com\/wordpress\/plugins\/seo\/ -->\n<title>Valutare la vulnerabilit\u00e0 - ADRIADAPT<\/title>\n<meta name=\"description\" content=\"Fase 2. Valutare la vulnerabilit\u00e0 e i rischi legati ai cambiamenti climatici I cambiamenti climatici avranno numerosi impatti sulle comunit\u00e0 adriatiche.\" \/>\n<meta name=\"robots\" content=\"index, follow, max-snippet:-1, max-image-preview:large, max-video-preview:-1\" \/>\n<link rel=\"canonical\" href=\"http:\/\/www.adriadapt.eu\/it\/strumento-di-supporto-alla-pianificazione-integrata-delladattamento\/valutare-la-vulnerabilita\/\" \/>\n<meta property=\"og:locale\" content=\"it_IT\" \/>\n<meta property=\"og:type\" content=\"article\" \/>\n<meta property=\"og:title\" content=\"Valutare la vulnerabilit\u00e0 - ADRIADAPT\" \/>\n<meta property=\"og:description\" content=\"Fase 2. Valutare la vulnerabilit\u00e0 e i rischi legati ai cambiamenti climatici I cambiamenti climatici avranno numerosi impatti sulle comunit\u00e0 adriatiche.\" \/>\n<meta property=\"og:url\" content=\"http:\/\/www.adriadapt.eu\/it\/strumento-di-supporto-alla-pianificazione-integrata-delladattamento\/valutare-la-vulnerabilita\/\" \/>\n<meta property=\"og:site_name\" content=\"ADRIADAPT\" \/>\n<meta property=\"article:modified_time\" content=\"2021-07-21T06:54:47+00:00\" \/>\n<meta name=\"twitter:card\" content=\"summary_large_image\" \/>\n<meta name=\"twitter:label1\" content=\"Tempo di lettura stimato\" \/>\n\t<meta name=\"twitter:data1\" content=\"5 minuti\" \/>\n<script type=\"application\/ld+json\" class=\"yoast-schema-graph\">{\"@context\":\"https:\/\/schema.org\",\"@graph\":[{\"@type\":\"WebPage\",\"@id\":\"http:\/\/www.adriadapt.eu\/it\/strumento-di-supporto-alla-pianificazione-integrata-delladattamento\/valutare-la-vulnerabilita\/\",\"url\":\"http:\/\/www.adriadapt.eu\/it\/strumento-di-supporto-alla-pianificazione-integrata-delladattamento\/valutare-la-vulnerabilita\/\",\"name\":\"Valutare la vulnerabilit\u00e0 - ADRIADAPT\",\"isPartOf\":{\"@id\":\"http:\/\/www.adriadapt.eu\/it\/#website\"},\"datePublished\":\"2020-04-23T06:49:19+00:00\",\"dateModified\":\"2021-07-21T06:54:47+00:00\",\"description\":\"Fase 2. Valutare la vulnerabilit\u00e0 e i rischi legati ai cambiamenti climatici I cambiamenti climatici avranno numerosi impatti sulle comunit\u00e0 adriatiche.\",\"breadcrumb\":{\"@id\":\"http:\/\/www.adriadapt.eu\/it\/strumento-di-supporto-alla-pianificazione-integrata-delladattamento\/valutare-la-vulnerabilita\/#breadcrumb\"},\"inLanguage\":\"it-IT\",\"potentialAction\":[{\"@type\":\"ReadAction\",\"target\":[\"http:\/\/www.adriadapt.eu\/it\/strumento-di-supporto-alla-pianificazione-integrata-delladattamento\/valutare-la-vulnerabilita\/\"]}]},{\"@type\":\"BreadcrumbList\",\"@id\":\"http:\/\/www.adriadapt.eu\/it\/strumento-di-supporto-alla-pianificazione-integrata-delladattamento\/valutare-la-vulnerabilita\/#breadcrumb\",\"itemListElement\":[{\"@type\":\"ListItem\",\"position\":1,\"name\":\"Home\",\"item\":\"http:\/\/www.adriadapt.eu\/it\/\"},{\"@type\":\"ListItem\",\"position\":2,\"name\":\"Strumento di supporto alla pianificazione integrata dell\u2019adattamento\",\"item\":\"https:\/\/adriadapt.eu\/it\/strumento-di-supporto-alla-pianificazione-integrata-delladattamento\/\"},{\"@type\":\"ListItem\",\"position\":3,\"name\":\"Valutare la vulnerabilit\u00e0\"}]},{\"@type\":\"WebSite\",\"@id\":\"http:\/\/www.adriadapt.eu\/it\/#website\",\"url\":\"http:\/\/www.adriadapt.eu\/it\/\",\"name\":\"ADRIADAPT\",\"description\":\"a Resilience information platform for Adriatic cities and towns\",\"potentialAction\":[{\"@type\":\"SearchAction\",\"target\":{\"@type\":\"EntryPoint\",\"urlTemplate\":\"http:\/\/www.adriadapt.eu\/it\/?s={search_term_string}\"},\"query-input\":\"required name=search_term_string\"}],\"inLanguage\":\"it-IT\"}]}<\/script>\n<!-- \/ Yoast SEO plugin. -->","yoast_head_json":{"title":"Valutare la vulnerabilit\u00e0 - ADRIADAPT","description":"Fase 2. Valutare la vulnerabilit\u00e0 e i rischi legati ai cambiamenti climatici I cambiamenti climatici avranno numerosi impatti sulle comunit\u00e0 adriatiche.","robots":{"index":"index","follow":"follow","max-snippet":"max-snippet:-1","max-image-preview":"max-image-preview:large","max-video-preview":"max-video-preview:-1"},"canonical":"http:\/\/www.adriadapt.eu\/it\/strumento-di-supporto-alla-pianificazione-integrata-delladattamento\/valutare-la-vulnerabilita\/","og_locale":"it_IT","og_type":"article","og_title":"Valutare la vulnerabilit\u00e0 - ADRIADAPT","og_description":"Fase 2. Valutare la vulnerabilit\u00e0 e i rischi legati ai cambiamenti climatici I cambiamenti climatici avranno numerosi impatti sulle comunit\u00e0 adriatiche.","og_url":"http:\/\/www.adriadapt.eu\/it\/strumento-di-supporto-alla-pianificazione-integrata-delladattamento\/valutare-la-vulnerabilita\/","og_site_name":"ADRIADAPT","article_modified_time":"2021-07-21T06:54:47+00:00","twitter_card":"summary_large_image","twitter_misc":{"Tempo di lettura stimato":"5 minuti"},"schema":{"@context":"https:\/\/schema.org","@graph":[{"@type":"WebPage","@id":"http:\/\/www.adriadapt.eu\/it\/strumento-di-supporto-alla-pianificazione-integrata-delladattamento\/valutare-la-vulnerabilita\/","url":"http:\/\/www.adriadapt.eu\/it\/strumento-di-supporto-alla-pianificazione-integrata-delladattamento\/valutare-la-vulnerabilita\/","name":"Valutare la vulnerabilit\u00e0 - ADRIADAPT","isPartOf":{"@id":"http:\/\/www.adriadapt.eu\/it\/#website"},"datePublished":"2020-04-23T06:49:19+00:00","dateModified":"2021-07-21T06:54:47+00:00","description":"Fase 2. Valutare la vulnerabilit\u00e0 e i rischi legati ai cambiamenti climatici I cambiamenti climatici avranno numerosi impatti sulle comunit\u00e0 adriatiche.","breadcrumb":{"@id":"http:\/\/www.adriadapt.eu\/it\/strumento-di-supporto-alla-pianificazione-integrata-delladattamento\/valutare-la-vulnerabilita\/#breadcrumb"},"inLanguage":"it-IT","potentialAction":[{"@type":"ReadAction","target":["http:\/\/www.adriadapt.eu\/it\/strumento-di-supporto-alla-pianificazione-integrata-delladattamento\/valutare-la-vulnerabilita\/"]}]},{"@type":"BreadcrumbList","@id":"http:\/\/www.adriadapt.eu\/it\/strumento-di-supporto-alla-pianificazione-integrata-delladattamento\/valutare-la-vulnerabilita\/#breadcrumb","itemListElement":[{"@type":"ListItem","position":1,"name":"Home","item":"http:\/\/www.adriadapt.eu\/it\/"},{"@type":"ListItem","position":2,"name":"Strumento di supporto alla pianificazione integrata dell\u2019adattamento","item":"https:\/\/adriadapt.eu\/it\/strumento-di-supporto-alla-pianificazione-integrata-delladattamento\/"},{"@type":"ListItem","position":3,"name":"Valutare la vulnerabilit\u00e0"}]},{"@type":"WebSite","@id":"http:\/\/www.adriadapt.eu\/it\/#website","url":"http:\/\/www.adriadapt.eu\/it\/","name":"ADRIADAPT","description":"a Resilience information platform for Adriatic cities and towns","potentialAction":[{"@type":"SearchAction","target":{"@type":"EntryPoint","urlTemplate":"http:\/\/www.adriadapt.eu\/it\/?s={search_term_string}"},"query-input":"required name=search_term_string"}],"inLanguage":"it-IT"}]}},"_links":{"self":[{"href":"https:\/\/adriadapt.eu\/it\/wp-json\/wp\/v2\/pages\/575"}],"collection":[{"href":"https:\/\/adriadapt.eu\/it\/wp-json\/wp\/v2\/pages"}],"about":[{"href":"https:\/\/adriadapt.eu\/it\/wp-json\/wp\/v2\/types\/page"}],"author":[{"embeddable":true,"href":"https:\/\/adriadapt.eu\/it\/wp-json\/wp\/v2\/users\/1"}],"replies":[{"embeddable":true,"href":"https:\/\/adriadapt.eu\/it\/wp-json\/wp\/v2\/comments?post=575"}],"version-history":[{"count":5,"href":"https:\/\/adriadapt.eu\/it\/wp-json\/wp\/v2\/pages\/575\/revisions"}],"predecessor-version":[{"id":1626,"href":"https:\/\/adriadapt.eu\/it\/wp-json\/wp\/v2\/pages\/575\/revisions\/1626"}],"up":[{"embeddable":true,"href":"https:\/\/adriadapt.eu\/it\/wp-json\/wp\/v2\/pages\/573"}],"wp:attachment":[{"href":"https:\/\/adriadapt.eu\/it\/wp-json\/wp\/v2\/media?parent=575"}],"curies":[{"name":"wp","href":"https:\/\/api.w.org\/{rel}","templated":true}]}}