{"id":576,"date":"2020-04-23T07:49:31","date_gmt":"2020-04-23T06:49:31","guid":{"rendered":"https:\/\/adriadapt.eu\/?page_id=576"},"modified":"2021-07-21T07:55:27","modified_gmt":"2021-07-21T06:55:27","slug":"creare-la-visione","status":"publish","type":"page","link":"https:\/\/adriadapt.eu\/it\/strumento-di-supporto-alla-pianificazione-integrata-delladattamento\/creare-la-visione\/","title":{"rendered":"Creare la visione"},"content":{"rendered":"\n<p><strong>Fase 3. Impostare la visione di adattamento<\/strong><\/p>\n\n\n\n<p>L&#8217;adattamento ai cambiamenti climatici \u00e8 un processo a lungo termine che per sua natura richiede l&#8217;integrazione fra differenti livelli e settori di governance. Non pu\u00f2 essere realizzato indipendentemente da altri processi di pianificazione e gestione. \u00c8 di fondamentale importanza che l&#8217;adattamento ai cambiamenti climatici contribuisca ad una visione complessiva e ampia che si rapporti al territorio e alla sua comunit\u00e0, e che vada oltre lo scopo dell&#8217;adattamento stesso.&nbsp;<\/p>\n\n\n\n<ul><li>Contribuire allo sviluppo sostenibile della societ\u00e0<\/li><\/ul>\n\n\n\n<p>Da una strategia o da un piano di adattamento ai cambiamenti climatici ci si attende innanzitutto che questo contribuisca ad incrementare la resilienza e ridurre la vulnerabilit\u00e0 di un determinato territorio o comunit\u00e0 agli impatti dei cambiamenti climatici. Tuttavia questo obiettivo deve essere perseguito assicurando nel contempo lo sviluppo sostenibile a lungo termine della societ\u00e0 nella sua interezza. Per questo \u00e8 necessario garantire che le scelte fatte in funzione dell&#8217;adattamento non incidano su aspetti chiave della sostenibilit\u00e0 (per es. ambiente, benessere sociale ed economico ed equit\u00e0 intergenerazionale). Allo stesso modo, gli investimenti effettuati per l&#8217;adattamento di una comunit\u00e0 e per renderla pi\u00f9 resiliente dovrebbero massimizzare le sinergie e i co-benefici con altri obiettivi (per es. aumento o tutela della biodiversit\u00e0 e conservazione degli habitat, riduzione dell&#8217;inquinamento dell&#8217;aria, miglioramento delle condizioni di salute, creazione di nuovi posti di lavoro, miglioramento della qualit\u00e0 della vita). Affinch\u00e9 ci\u00f2 si realizzi, l&#8217;adattamento deve promuovere un approccio trasformativo a lungo termine e modificare radicalmente le condizioni che causano le vulnerabilit\u00e0 pi\u00f9 gravi. Ad esempio, per le comunit\u00e0 costiere l&#8217;adozione di un approccio trasformativo richiede la tempestiva analisi degli effetti a lungo termine legati all&#8217;innalzamento del livello del mare e delle variazioni di intensit\u00e0 e frequenza di mareggiate estreme, al fine di disporre di sufficiente tempo per soluzioni che potrebbero comportare lunghi tempi di attuazione. Tali soluzioni dovrebbero prendere anche in considerazione fino a che punto la reale protezione del territorio costiero \u00e8 possibile e quando questa diventi troppo costosa, e in tal caso suggerire il passaggio a un arretramento pianificato delle infrastrutture e delle attivit\u00e0 umane maggiormente esposte all&#8217;innalzamento del livello del mare e agli effetti dei cambiamenti climatici. In questo passaggio della fase 3 devono venir esplicitati i legami tra gli obiettivi di adattamento e quelli di sviluppo sostenibile, e portati all&#8217;attenzione di chi \u00e8 coinvolto nell&#8217;elaborazione ed attuazione della strategia o del piano. Dovranno anche essere evidenziate le interconnessioni con gli obiettivi di mitigazione e le misure volte a ridurre le emissioni di gas serra.<\/p>\n\n\n\n<ul><li>Avviare il processo di elaborazione della visione<\/li><\/ul>\n\n\n\n<p>Una visione pu\u00f2 essere definita come un\u2019idea di futuro ottimale desiderato, essa illustra ci\u00f2 che vorremmo realizzare con la gestione di un certo territorio e della sua comunit\u00e0 nel medio e nel lungo periodo. Per la visione \u00e8 necessario ragionare in una prospettiva a lungo termine. Pu\u00f2 accadere che una visione ampia, sostenibile e a lungo termine gi\u00e0 esista. In tal caso, il processo di adattamento \u00e8 guidato dalla visione esistente. \u00c8 necessario inoltre assicurare che gli obiettivi di adattamento non siano in antitesi con la visione pi\u00f9 ampia. In questa fase del processo possono essere formulate raccomandazioni per migliorare la coerenza tra i differenti processi e assicurare che la visione possa essere realizzata anche con condizioni climatiche mutevoli (visione resiliente ai cambiamenti climatici). Nella maggior parte dei casi la visione non esiste ed \u00e8 necessario svilupparla nell&#8217;ambito del processo di adattamento. Nella fase iniziale del processo che porta alla creazione della visione ci si aspetta che siano raccolte e sistematizzate le informazioni sui piani e sulle politiche rilevanti esistenti, cos\u00ec come su quelli che sono in corso di sviluppo e che determinano la direzione futura.<\/p>\n\n\n\n<ul><li>Co-creazione della visione<\/li><\/ul>\n\n\n\n<p>Diversi sono gli approcci (predittivi, normativi, esplorativi, ecc.) cos\u00ec come gli strumenti disponibili per creare la visione, a partire da quelli che si basano fortemente sui dati e sulla valutazione quantitativa (per es. analisi dei trend e previsioni) fino a quelli di natura pi\u00f9 qualitativa (per es. elaborazione di scenari, programmi strategici). Indipendentemente dal metodo utilizzato, l&#8217;elaborazione di una visione non pu\u00f2 assolutamente prescindere dal coinvolgimento di un ampio spettro di portatori di interesse (si veda qui per maggiori informazioni su come organizzare il coinvolgimento dei portatori di interesse nel processo di adattamento); nello specifico, la visione \u00e8 il risultato di un processo di co-creazione. Considerato che la visione ha uno scopo ampio, il coinvolgimento dei portatori di interesse non pu\u00f2 essere limitato solo a coloro che sono strettamente interessati dal processo di adattamento, ma deve essere esteso a tutti i soggetti che si occupano di pianificazione e gestione. Il confronto tra diverse possibili opzioni, la valutazione dei relativi compromessi e benefici che ciascuna opzione comporta e la convergenza verso un&#8217;opzione il pi\u00f9 possibile concordata incrementano la robustezza della visione. I risultati del processo di co-creazione sono la descrizione del futuro sostenibile desiderato (visione), come pure l&#8217;identificazione del contesto geografico, del quadro temporale, dei benefici e co-benefici attesi e delle implicazioni previste per le aree circostanti. Per convogliare in modo ottimale le informazioni nella successiva fase del processo si raccomanda di suddividere la visione in obiettivi specifici e chiari di adattamento, in accordo con le finalit\u00e0 strategiche poste nella fase 1.<\/p>\n\n\n\n<p><strong><em>Risultati della fase 3:<\/em><\/strong><\/p>\n\n\n\n<ul><li>Visione per un futuro sostenibile e di maggiore adattamento<\/li><li>Obiettivi specifici del processo di adattamento<\/li><\/ul>\n","protected":false},"excerpt":{"rendered":"<p>Fase 3. Impostare la visione di adattamento L&#8217;adattamento ai cambiamenti climatici \u00e8 un processo a lungo termine che per sua natura richiede l&#8217;integrazione fra differenti livelli e settori di governance. Non pu\u00f2 essere realizzato<\/p>\n","protected":false},"author":1,"featured_media":0,"parent":573,"menu_order":3,"comment_status":"closed","ping_status":"closed","template":"","meta":[],"acf":[],"yoast_head":"<!-- This site is optimized with the Yoast SEO plugin v19.14 - https:\/\/yoast.com\/wordpress\/plugins\/seo\/ -->\n<title>Creare la visione - ADRIADAPT<\/title>\n<meta name=\"description\" content=\"Fase 3. Impostare la visione di adattamento L&#039;adattamento ai cambiamenti climatici \u00e8 un processo a lungo termine che per sua natura richiede\" \/>\n<meta name=\"robots\" content=\"index, follow, max-snippet:-1, max-image-preview:large, max-video-preview:-1\" \/>\n<link rel=\"canonical\" href=\"http:\/\/adriadapt.eu\/it\/strumento-di-supporto-alla-pianificazione-integrata-delladattamento\/creare-la-visione\/\" \/>\n<meta property=\"og:locale\" content=\"it_IT\" \/>\n<meta property=\"og:type\" content=\"article\" \/>\n<meta property=\"og:title\" content=\"Creare la visione - ADRIADAPT\" \/>\n<meta property=\"og:description\" content=\"Fase 3. Impostare la visione di adattamento L&#039;adattamento ai cambiamenti climatici \u00e8 un processo a lungo termine che per sua natura richiede\" \/>\n<meta property=\"og:url\" content=\"http:\/\/adriadapt.eu\/it\/strumento-di-supporto-alla-pianificazione-integrata-delladattamento\/creare-la-visione\/\" \/>\n<meta property=\"og:site_name\" content=\"ADRIADAPT\" \/>\n<meta property=\"article:modified_time\" content=\"2021-07-21T06:55:27+00:00\" \/>\n<meta name=\"twitter:card\" content=\"summary_large_image\" \/>\n<meta name=\"twitter:label1\" content=\"Tempo di lettura stimato\" \/>\n\t<meta name=\"twitter:data1\" content=\"4 minuti\" \/>\n<script type=\"application\/ld+json\" class=\"yoast-schema-graph\">{\"@context\":\"https:\/\/schema.org\",\"@graph\":[{\"@type\":\"WebPage\",\"@id\":\"http:\/\/adriadapt.eu\/it\/strumento-di-supporto-alla-pianificazione-integrata-delladattamento\/creare-la-visione\/\",\"url\":\"http:\/\/adriadapt.eu\/it\/strumento-di-supporto-alla-pianificazione-integrata-delladattamento\/creare-la-visione\/\",\"name\":\"Creare la visione - ADRIADAPT\",\"isPartOf\":{\"@id\":\"https:\/\/adriadapt.eu\/#website\"},\"datePublished\":\"2020-04-23T06:49:31+00:00\",\"dateModified\":\"2021-07-21T06:55:27+00:00\",\"description\":\"Fase 3. Impostare la visione di adattamento L'adattamento ai cambiamenti climatici \u00e8 un processo a lungo termine che per sua natura richiede\",\"breadcrumb\":{\"@id\":\"http:\/\/adriadapt.eu\/it\/strumento-di-supporto-alla-pianificazione-integrata-delladattamento\/creare-la-visione\/#breadcrumb\"},\"inLanguage\":\"it-IT\",\"potentialAction\":[{\"@type\":\"ReadAction\",\"target\":[\"http:\/\/adriadapt.eu\/it\/strumento-di-supporto-alla-pianificazione-integrata-delladattamento\/creare-la-visione\/\"]}]},{\"@type\":\"BreadcrumbList\",\"@id\":\"http:\/\/adriadapt.eu\/it\/strumento-di-supporto-alla-pianificazione-integrata-delladattamento\/creare-la-visione\/#breadcrumb\",\"itemListElement\":[{\"@type\":\"ListItem\",\"position\":1,\"name\":\"Home\",\"item\":\"https:\/\/adriadapt.eu\/it\/\"},{\"@type\":\"ListItem\",\"position\":2,\"name\":\"Strumento di supporto alla pianificazione integrata dell\u2019adattamento\",\"item\":\"https:\/\/www.adriadapt.eu\/it\/strumento-di-supporto-alla-pianificazione-integrata-delladattamento\/\"},{\"@type\":\"ListItem\",\"position\":3,\"name\":\"Creare la visione\"}]},{\"@type\":\"WebSite\",\"@id\":\"https:\/\/adriadapt.eu\/#website\",\"url\":\"https:\/\/adriadapt.eu\/\",\"name\":\"ADRIADAPT\",\"description\":\"a Resilience information platform for Adriatic cities and towns\",\"potentialAction\":[{\"@type\":\"SearchAction\",\"target\":{\"@type\":\"EntryPoint\",\"urlTemplate\":\"https:\/\/adriadapt.eu\/?s={search_term_string}\"},\"query-input\":\"required name=search_term_string\"}],\"inLanguage\":\"it-IT\"}]}<\/script>\n<!-- \/ Yoast SEO plugin. -->","yoast_head_json":{"title":"Creare la visione - ADRIADAPT","description":"Fase 3. Impostare la visione di adattamento L'adattamento ai cambiamenti climatici \u00e8 un processo a lungo termine che per sua natura richiede","robots":{"index":"index","follow":"follow","max-snippet":"max-snippet:-1","max-image-preview":"max-image-preview:large","max-video-preview":"max-video-preview:-1"},"canonical":"http:\/\/adriadapt.eu\/it\/strumento-di-supporto-alla-pianificazione-integrata-delladattamento\/creare-la-visione\/","og_locale":"it_IT","og_type":"article","og_title":"Creare la visione - ADRIADAPT","og_description":"Fase 3. Impostare la visione di adattamento L'adattamento ai cambiamenti climatici \u00e8 un processo a lungo termine che per sua natura richiede","og_url":"http:\/\/adriadapt.eu\/it\/strumento-di-supporto-alla-pianificazione-integrata-delladattamento\/creare-la-visione\/","og_site_name":"ADRIADAPT","article_modified_time":"2021-07-21T06:55:27+00:00","twitter_card":"summary_large_image","twitter_misc":{"Tempo di lettura stimato":"4 minuti"},"schema":{"@context":"https:\/\/schema.org","@graph":[{"@type":"WebPage","@id":"http:\/\/adriadapt.eu\/it\/strumento-di-supporto-alla-pianificazione-integrata-delladattamento\/creare-la-visione\/","url":"http:\/\/adriadapt.eu\/it\/strumento-di-supporto-alla-pianificazione-integrata-delladattamento\/creare-la-visione\/","name":"Creare la visione - ADRIADAPT","isPartOf":{"@id":"https:\/\/adriadapt.eu\/#website"},"datePublished":"2020-04-23T06:49:31+00:00","dateModified":"2021-07-21T06:55:27+00:00","description":"Fase 3. Impostare la visione di adattamento L'adattamento ai cambiamenti climatici \u00e8 un processo a lungo termine che per sua natura richiede","breadcrumb":{"@id":"http:\/\/adriadapt.eu\/it\/strumento-di-supporto-alla-pianificazione-integrata-delladattamento\/creare-la-visione\/#breadcrumb"},"inLanguage":"it-IT","potentialAction":[{"@type":"ReadAction","target":["http:\/\/adriadapt.eu\/it\/strumento-di-supporto-alla-pianificazione-integrata-delladattamento\/creare-la-visione\/"]}]},{"@type":"BreadcrumbList","@id":"http:\/\/adriadapt.eu\/it\/strumento-di-supporto-alla-pianificazione-integrata-delladattamento\/creare-la-visione\/#breadcrumb","itemListElement":[{"@type":"ListItem","position":1,"name":"Home","item":"https:\/\/adriadapt.eu\/it\/"},{"@type":"ListItem","position":2,"name":"Strumento di supporto alla pianificazione integrata dell\u2019adattamento","item":"https:\/\/www.adriadapt.eu\/it\/strumento-di-supporto-alla-pianificazione-integrata-delladattamento\/"},{"@type":"ListItem","position":3,"name":"Creare la visione"}]},{"@type":"WebSite","@id":"https:\/\/adriadapt.eu\/#website","url":"https:\/\/adriadapt.eu\/","name":"ADRIADAPT","description":"a Resilience information platform for Adriatic cities and towns","potentialAction":[{"@type":"SearchAction","target":{"@type":"EntryPoint","urlTemplate":"https:\/\/adriadapt.eu\/?s={search_term_string}"},"query-input":"required name=search_term_string"}],"inLanguage":"it-IT"}]}},"_links":{"self":[{"href":"https:\/\/adriadapt.eu\/it\/wp-json\/wp\/v2\/pages\/576"}],"collection":[{"href":"https:\/\/adriadapt.eu\/it\/wp-json\/wp\/v2\/pages"}],"about":[{"href":"https:\/\/adriadapt.eu\/it\/wp-json\/wp\/v2\/types\/page"}],"author":[{"embeddable":true,"href":"https:\/\/adriadapt.eu\/it\/wp-json\/wp\/v2\/users\/1"}],"replies":[{"embeddable":true,"href":"https:\/\/adriadapt.eu\/it\/wp-json\/wp\/v2\/comments?post=576"}],"version-history":[{"count":5,"href":"https:\/\/adriadapt.eu\/it\/wp-json\/wp\/v2\/pages\/576\/revisions"}],"predecessor-version":[{"id":1627,"href":"https:\/\/adriadapt.eu\/it\/wp-json\/wp\/v2\/pages\/576\/revisions\/1627"}],"up":[{"embeddable":true,"href":"https:\/\/adriadapt.eu\/it\/wp-json\/wp\/v2\/pages\/573"}],"wp:attachment":[{"href":"https:\/\/adriadapt.eu\/it\/wp-json\/wp\/v2\/media?parent=576"}],"curies":[{"name":"wp","href":"https:\/\/api.w.org\/{rel}","templated":true}]}}