{"id":577,"date":"2020-04-23T07:49:42","date_gmt":"2020-04-23T06:49:42","guid":{"rendered":"https:\/\/adriadapt.eu\/?page_id=577"},"modified":"2021-05-10T16:53:28","modified_gmt":"2021-05-10T15:53:28","slug":"attuare-il-piano","status":"publish","type":"page","link":"https:\/\/adriadapt.eu\/it\/strumento-di-supporto-alla-pianificazione-integrata-delladattamento\/attuare-il-piano\/","title":{"rendered":"Attuare il piano"},"content":{"rendered":"\n<p><strong>Fase 5. Attuazione, monitoraggio e valutazione del piano<\/strong><\/p>\n\n\n\n<p>Dopo l&#8217;elaborazione del piano, inizia la parte principale del lavoro verso l&#8217;adattamento. L&#8217;attuazione rappresenta sempre una sfida in cui possono presentarsi diversi ostacoli e limitazioni. \u00c8 importante prepararsi bene per evitare il rischio di strategie e piani che spesso rimangono solo lettera morta, fermi sulla carta. L&#8217;approvazione o l&#8217;adozione del piano di adattamento \u00e8 il primo passo fondamentale verso la sua attuazione. A prescindere dalla sua importanza, tale passo non \u00e8 di per s\u00e9 sufficiente e il gruppo ristretto di lavoro, incaricato dell&#8217;elaborazione del piano, dovrebbe anche gettare le basi per la sua implementazione, ed elaborare un concreto programma di monitoraggio, comunicazione e valutazione (MRE).<\/p>\n\n\n\n<ul><li>Definire gli elementi fondamentali per l&#8217;attuazione del piano<\/li><\/ul>\n\n\n\n<p>L&#8217;adattamento ai cambiamenti climatici \u00e8 un processo intersettoriale, multilivello e multidimensionale che riguarda tutte le sfere della societ\u00e0 e richiede un&#8217;azione su pi\u00f9 livelli. In quanto tale, l&#8217;attuazione del piano di adattamento richiede adeguate premesse istituzionali e strutture di <em>governance<\/em> per assicurare un&#8217;implementazione efficace, coerente e continuata. Il coordinamento e la collaborazione tra livelli orizzontali e verticali di <em>governance <\/em>sono necessari per integrare l&#8217;adattamento in tutte le aree politiche rilevanti e a tutti i livelli. Per un\u2019efficace implementazione del piano \u00e8 di cruciale importanza la costituzione di un gruppo di lavoro dedicato, formato da leader locali e subnazionali e supportato da scienziati e rappresentanti dell&#8217;imprenditoria locale nonch\u00e9 della societ\u00e0 civile. La costituzione di questo gruppo (sotto forma di organo amministrativo, commissione o altro organo pertinente) \u00e8 uno dei primi compiti da assolvere dopo l&#8217;adozione del piano. Il gruppo responsabile dell&#8217;implementazione pu\u00f2 essere lo stesso incaricato del coordinamento del processo di elaborazione del piano (vedi fase 1), o uno differente. Questo gruppo \u00e8 chiamato ad interagire con un ampio spettro di soggetti che sono direttamente coinvolti nella trasformazione delle misure di adattamento desiderate in azioni concrete. Mandati chiari fondati sulle politiche rafforzano il gruppo che coordina la fase di attuazione, definisce i suoi obiettivi, imposta il processo decisionale e le regole per il suo funzionamento.<\/p>\n\n\n\n<ul><li>Integrare il piano con altri strumenti esistenti o futuri<\/li><\/ul>\n\n\n\n<p>L&#8217;adattamento non pu\u00f2 essere conseguito senza prendere in considerazione le politiche esistenti e il quadro di pianificazione, coprendo sia questioni intersettoriali (per es. strategie e piani di sviluppo sostenibile, piani urbanistici, piani di gestione integrata delle zone costiere, pianificazioni dello spazio marittimo, ecc.), sia questioni settoriali (per es. regolamenti edilizi, piani di gestione idrica, piani per la tutela della salute, piani di gestione dei trasporti, ecc.). Alcune misure specifiche possono essere implementate come diretta conseguenza del piano di adattamento, con fondi appositamente dedicati. L&#8217;integrazione (<em>mainstreaming<\/em>) di alcune altre misure di adattamento negli strumenti esistenti delle politiche pu\u00f2 aumentare la visibilit\u00e0 dell&#8217;intero processo di adattamento, sviluppare sinergie e mitigare i conflitti tra politiche, assicurare un uso pi\u00f9 efficiente delle risorse e massimizzare i co-benefici. Oltre ai piani, \u00e8 disponibile un ampio portfolio di strumenti per integrare l&#8217;adattamento ai cambiamenti climatici nei piani e nei programmi, compresi strumenti giuridici (per es. leggi, disposizioni, misure indicative come gli standard), economici (per es. finanziamenti, tasse, indennit\u00e0, sovvenzioni, prestiti), partenariati (per es. partenariato pubblico-privato, accordi volontari) e altri strumenti strategici (per es. strategie, programmi). Per colmare il divario tra pianificazione e attuazione \u00e8 necessario identificare gli strumenti esistenti che possono meglio includere l&#8217;adattamento, cos\u00ec come \u00e8 necessario specificare il modo in cui questi strumenti saranno adattati, se necessario. Questa fase del processo \u00e8 anche utile per valutare se saranno messi in campo nuovi strumenti per favorire l&#8217;attuazione delle misure di adattamento. L&#8217;analisi degli strumenti esistenti e di quelli nuovi viene eseguita all&#8217;inizio del processo (fase 1); questa fase l&#8217;obiettivo di offrire indicazioni chiare e operative su come questi strumenti saranno usati per implementare le misure di adattamento pianificate.&nbsp;<\/p>\n\n\n\n<ul><li>Monitorare l&#8217;attuazione del piano e il processo di adattamento<\/li><\/ul>\n\n\n\n<p>Il monitoraggio e la valutazione sono componenti intrinseche di ogni processo di pianificazione. Ci\u00f2 \u00e8 particolarmente importante per l&#8217;adattamento, considerata la sua prospettiva a lungo termine e la grande incertezza che caratterizza l&#8217;evoluzione del sistema climatico e i relativi impatti. Monitorare \u00e8 essenziale per valutare l&#8217;avanzamento delle azioni pianificate e confrontare i risultati realmente raggiunti rispetto agli obiettivi prefissi, per assicurare che il processo di adattamento sia efficace e sostenibile nel corso del tempo. Il piano di monitoraggio e valutazione comprende elementi importanti quali gli obiettivi, l&#8217;approccio metodologico, una selezione di indicatori idonei e una chiara indicazione circa come utilizzare i risultati della valutazione per migliorare le attivit\u00e0 future. Tre sono le categorie principali di indicatori che possono essere prese in considerazione:<\/p>\n\n\n\n<ul><li><em>Indicatori del processo<\/em>, che hanno lo scopo di valutare come si sviluppa il piano, se sono stati compiuti tutti i passi fondamentali e coinvolti tutti i portatori di interesse necessari.<\/li><li><em>Indicatori della prestazione<\/em>, attraverso i quali si valuta se e come le misure di adattamento sono applicate e se sono in linea con gli obiettivi del piano e del suo programma attuativo.<\/li><li><em>Indicatori dell&#8217;impatto<\/em>, mediante i quali si valutano gli effetti delle misure di adattamento implementate, in termini di riduzione della vulnerabilit\u00e0 e aumento della resilienza ai cambiamenti climatici, come pure in termini di co-benefici raggiunti.<\/li><\/ul>\n\n\n\n<p>Affinch\u00e9 gli indicatori siano davvero utili, devono corrispondere a i relativi obiettivi.<\/p>\n\n\n\n<ul><li>Revisionare il piano<\/li><\/ul>\n\n\n\n<p>Un buon programma di monitoraggio e valutazione d\u00e0 risultati utili per rispondere a numerose domande: Ci stiamo occupando delle questioni giuste? Stiamo facendo tutto come dovremmo? L\u2019attuazione procede come previsto? La struttura di monitoraggio predisposta \u00e8 efficace? Infine, i risultati del monitoraggio e della valutazione possono guidare la revisione e la modifica del piano di adattamento, che dovrebbe essere veramente un documento vivo e in continua evoluzione.&nbsp;<\/p>\n\n\n\n<p><strong><em>Risultati della fase 5:<\/em><\/strong><\/p>\n\n\n\n<ul><li>Approvazione o sostegno del piano di adattamento<\/li><li>Predisposizione di una struttura di <em>governance<\/em> per l&#8217;attuazione del piano<\/li><li>Strumenti politici per l&#8217;integrazione dell&#8217;adattamento ai cambiamenti climatici<\/li><li>Sistema di monitoraggio, comunicazione e valutazione (MRE) dell&#8217;adattamento, compresi gli indicatori di adattamento<\/li><\/ul>\n\n\n\n<p><\/p>\n\n\n\n<p><em><strong>Un esempio di monitoraggio e valutazione:<\/strong><\/em><\/p>\n\n\n\n<p>Sviluppando il Piano costiero per la regione di Sebenico-Tenin nel 2015, una delle misure adottate per introdurre un sistema di gestione \u00e8 stata la creazione di una Commissione regionale per la gestione integrata delle zone costiere. Tale Commissione \u00e8 costituita dai vertici di differenti istituzioni regionali e altri importanti portatori di interesse. Compito della stessa \u00e8 offrire sostegno all&#8217;implementazione e monitorare e valutare i progressi fatti nell&#8217;attuazione del Piano costiero. La Commissione regionale si riunisce almeno una volta all&#8217;anno per discutere lo stato di avanzamento dell&#8217;implementazione, lo stato ambientale del territorio costiero, le nuove sfide e opportunit\u00e0, come pure per valutare il successo di attuazione delle misure suggerite.<\/p>\n","protected":false},"excerpt":{"rendered":"<p>Fase 5. Attuazione, monitoraggio e valutazione del piano Dopo l&#8217;elaborazione del piano, inizia la parte principale del lavoro verso l&#8217;adattamento. L&#8217;attuazione rappresenta sempre una sfida in cui possono presentarsi diversi ostacoli e limitazioni. \u00c8<\/p>\n","protected":false},"author":1,"featured_media":0,"parent":573,"menu_order":5,"comment_status":"closed","ping_status":"closed","template":"","meta":[],"acf":[],"yoast_head":"<!-- This site is optimized with the Yoast SEO plugin v19.14 - https:\/\/yoast.com\/wordpress\/plugins\/seo\/ -->\n<title>Attuare il piano - ADRIADAPT<\/title>\n<meta name=\"description\" content=\"Fase 5. Attuazione, monitoraggio e valutazione del piano Dopo l&#039;elaborazione del piano, inizia la parte principale del lavoro verso l&#039;adattamento.\" \/>\n<meta name=\"robots\" content=\"index, follow, max-snippet:-1, max-image-preview:large, max-video-preview:-1\" \/>\n<link rel=\"canonical\" href=\"http:\/\/adriadapt.eu\/it\/strumento-di-supporto-alla-pianificazione-integrata-delladattamento\/attuare-il-piano\/\" \/>\n<meta property=\"og:locale\" content=\"it_IT\" \/>\n<meta property=\"og:type\" content=\"article\" \/>\n<meta property=\"og:title\" content=\"Attuare il piano - ADRIADAPT\" \/>\n<meta property=\"og:description\" content=\"Fase 5. Attuazione, monitoraggio e valutazione del piano Dopo l&#039;elaborazione del piano, inizia la parte principale del lavoro verso l&#039;adattamento.\" \/>\n<meta property=\"og:url\" content=\"http:\/\/adriadapt.eu\/it\/strumento-di-supporto-alla-pianificazione-integrata-delladattamento\/attuare-il-piano\/\" \/>\n<meta property=\"og:site_name\" content=\"ADRIADAPT\" \/>\n<meta property=\"article:modified_time\" content=\"2021-05-10T15:53:28+00:00\" \/>\n<meta name=\"twitter:card\" content=\"summary_large_image\" \/>\n<meta name=\"twitter:label1\" content=\"Tempo di lettura stimato\" \/>\n\t<meta name=\"twitter:data1\" content=\"5 minuti\" \/>\n<script type=\"application\/ld+json\" class=\"yoast-schema-graph\">{\"@context\":\"https:\/\/schema.org\",\"@graph\":[{\"@type\":\"WebPage\",\"@id\":\"http:\/\/adriadapt.eu\/it\/strumento-di-supporto-alla-pianificazione-integrata-delladattamento\/attuare-il-piano\/\",\"url\":\"http:\/\/adriadapt.eu\/it\/strumento-di-supporto-alla-pianificazione-integrata-delladattamento\/attuare-il-piano\/\",\"name\":\"Attuare il piano - ADRIADAPT\",\"isPartOf\":{\"@id\":\"http:\/\/www.adriadapt.eu\/it\/#website\"},\"datePublished\":\"2020-04-23T06:49:42+00:00\",\"dateModified\":\"2021-05-10T15:53:28+00:00\",\"description\":\"Fase 5. Attuazione, monitoraggio e valutazione del piano Dopo l'elaborazione del piano, inizia la parte principale del lavoro verso l'adattamento.\",\"breadcrumb\":{\"@id\":\"http:\/\/adriadapt.eu\/it\/strumento-di-supporto-alla-pianificazione-integrata-delladattamento\/attuare-il-piano\/#breadcrumb\"},\"inLanguage\":\"it-IT\",\"potentialAction\":[{\"@type\":\"ReadAction\",\"target\":[\"http:\/\/adriadapt.eu\/it\/strumento-di-supporto-alla-pianificazione-integrata-delladattamento\/attuare-il-piano\/\"]}]},{\"@type\":\"BreadcrumbList\",\"@id\":\"http:\/\/adriadapt.eu\/it\/strumento-di-supporto-alla-pianificazione-integrata-delladattamento\/attuare-il-piano\/#breadcrumb\",\"itemListElement\":[{\"@type\":\"ListItem\",\"position\":1,\"name\":\"Home\",\"item\":\"http:\/\/www.adriadapt.eu\/it\/\"},{\"@type\":\"ListItem\",\"position\":2,\"name\":\"Strumento di supporto alla pianificazione integrata dell\u2019adattamento\",\"item\":\"https:\/\/adriadapt.eu\/it\/strumento-di-supporto-alla-pianificazione-integrata-delladattamento\/\"},{\"@type\":\"ListItem\",\"position\":3,\"name\":\"Attuare il piano\"}]},{\"@type\":\"WebSite\",\"@id\":\"http:\/\/www.adriadapt.eu\/it\/#website\",\"url\":\"http:\/\/www.adriadapt.eu\/it\/\",\"name\":\"ADRIADAPT\",\"description\":\"a Resilience information platform for Adriatic cities and towns\",\"potentialAction\":[{\"@type\":\"SearchAction\",\"target\":{\"@type\":\"EntryPoint\",\"urlTemplate\":\"http:\/\/www.adriadapt.eu\/it\/?s={search_term_string}\"},\"query-input\":\"required name=search_term_string\"}],\"inLanguage\":\"it-IT\"}]}<\/script>\n<!-- \/ Yoast SEO plugin. -->","yoast_head_json":{"title":"Attuare il piano - ADRIADAPT","description":"Fase 5. Attuazione, monitoraggio e valutazione del piano Dopo l'elaborazione del piano, inizia la parte principale del lavoro verso l'adattamento.","robots":{"index":"index","follow":"follow","max-snippet":"max-snippet:-1","max-image-preview":"max-image-preview:large","max-video-preview":"max-video-preview:-1"},"canonical":"http:\/\/adriadapt.eu\/it\/strumento-di-supporto-alla-pianificazione-integrata-delladattamento\/attuare-il-piano\/","og_locale":"it_IT","og_type":"article","og_title":"Attuare il piano - ADRIADAPT","og_description":"Fase 5. Attuazione, monitoraggio e valutazione del piano Dopo l'elaborazione del piano, inizia la parte principale del lavoro verso l'adattamento.","og_url":"http:\/\/adriadapt.eu\/it\/strumento-di-supporto-alla-pianificazione-integrata-delladattamento\/attuare-il-piano\/","og_site_name":"ADRIADAPT","article_modified_time":"2021-05-10T15:53:28+00:00","twitter_card":"summary_large_image","twitter_misc":{"Tempo di lettura stimato":"5 minuti"},"schema":{"@context":"https:\/\/schema.org","@graph":[{"@type":"WebPage","@id":"http:\/\/adriadapt.eu\/it\/strumento-di-supporto-alla-pianificazione-integrata-delladattamento\/attuare-il-piano\/","url":"http:\/\/adriadapt.eu\/it\/strumento-di-supporto-alla-pianificazione-integrata-delladattamento\/attuare-il-piano\/","name":"Attuare il piano - ADRIADAPT","isPartOf":{"@id":"http:\/\/www.adriadapt.eu\/it\/#website"},"datePublished":"2020-04-23T06:49:42+00:00","dateModified":"2021-05-10T15:53:28+00:00","description":"Fase 5. Attuazione, monitoraggio e valutazione del piano Dopo l'elaborazione del piano, inizia la parte principale del lavoro verso l'adattamento.","breadcrumb":{"@id":"http:\/\/adriadapt.eu\/it\/strumento-di-supporto-alla-pianificazione-integrata-delladattamento\/attuare-il-piano\/#breadcrumb"},"inLanguage":"it-IT","potentialAction":[{"@type":"ReadAction","target":["http:\/\/adriadapt.eu\/it\/strumento-di-supporto-alla-pianificazione-integrata-delladattamento\/attuare-il-piano\/"]}]},{"@type":"BreadcrumbList","@id":"http:\/\/adriadapt.eu\/it\/strumento-di-supporto-alla-pianificazione-integrata-delladattamento\/attuare-il-piano\/#breadcrumb","itemListElement":[{"@type":"ListItem","position":1,"name":"Home","item":"http:\/\/www.adriadapt.eu\/it\/"},{"@type":"ListItem","position":2,"name":"Strumento di supporto alla pianificazione integrata dell\u2019adattamento","item":"https:\/\/adriadapt.eu\/it\/strumento-di-supporto-alla-pianificazione-integrata-delladattamento\/"},{"@type":"ListItem","position":3,"name":"Attuare il piano"}]},{"@type":"WebSite","@id":"http:\/\/www.adriadapt.eu\/it\/#website","url":"http:\/\/www.adriadapt.eu\/it\/","name":"ADRIADAPT","description":"a Resilience information platform for Adriatic cities and towns","potentialAction":[{"@type":"SearchAction","target":{"@type":"EntryPoint","urlTemplate":"http:\/\/www.adriadapt.eu\/it\/?s={search_term_string}"},"query-input":"required name=search_term_string"}],"inLanguage":"it-IT"}]}},"_links":{"self":[{"href":"https:\/\/adriadapt.eu\/it\/wp-json\/wp\/v2\/pages\/577"}],"collection":[{"href":"https:\/\/adriadapt.eu\/it\/wp-json\/wp\/v2\/pages"}],"about":[{"href":"https:\/\/adriadapt.eu\/it\/wp-json\/wp\/v2\/types\/page"}],"author":[{"embeddable":true,"href":"https:\/\/adriadapt.eu\/it\/wp-json\/wp\/v2\/users\/1"}],"replies":[{"embeddable":true,"href":"https:\/\/adriadapt.eu\/it\/wp-json\/wp\/v2\/comments?post=577"}],"version-history":[{"count":7,"href":"https:\/\/adriadapt.eu\/it\/wp-json\/wp\/v2\/pages\/577\/revisions"}],"predecessor-version":[{"id":1366,"href":"https:\/\/adriadapt.eu\/it\/wp-json\/wp\/v2\/pages\/577\/revisions\/1366"}],"up":[{"embeddable":true,"href":"https:\/\/adriadapt.eu\/it\/wp-json\/wp\/v2\/pages\/573"}],"wp:attachment":[{"href":"https:\/\/adriadapt.eu\/it\/wp-json\/wp\/v2\/media?parent=577"}],"curies":[{"name":"wp","href":"https:\/\/api.w.org\/{rel}","templated":true}]}}