{"id":578,"date":"2020-04-23T07:50:25","date_gmt":"2020-04-23T06:50:25","guid":{"rendered":"https:\/\/adriadapt.eu\/?page_id=578"},"modified":"2021-07-21T08:02:30","modified_gmt":"2021-07-21T07:02:30","slug":"disegnare-il-piano","status":"publish","type":"page","link":"https:\/\/adriadapt.eu\/it\/strumento-di-supporto-alla-pianificazione-integrata-delladattamento\/disegnare-il-piano\/","title":{"rendered":"Disegnare il piano"},"content":{"rendered":"\n<p><strong>Fase 4. Valutare le opzioni ed elaborare il piano di adattamento<\/strong><\/p>\n\n\n\n<p>Le precedenti fasi di questo percorso forniscono elementi di input per la formulazione del piano vero e proprio, nel quale dovrebbero essere evidenziate e prioritizzate le opzioni di adattamento. Per opzioni di adattamento si intendono le misure volte a ridurre la vulnerabilit\u00e0 alle principali sfide poste dal cambiamento climatico e sfruttare al contempo le nuove opportunit\u00e0 che possono derivare dalle mutate condizioni climatiche. Le opzioni di adattamento possono spaziare da misure che hanno lo scopo sviluppare e rafforzare la capacit\u00e0 di adattamento e istituire meccanismi di governance e supporto, fino a misure che sono attuate concretamente sul campo per affrontare vulnerabilit\u00e0 intersettoriali o specifiche di un dato settore. Perseguire l&#8217;adattamento senza tener conto degli aspetti di sostenibilit\u00e0 sarebbe per\u00f2 illusorio. Per questo, quando si elabora un piano di adattamento e si identificano le misure di adattamento, \u00e8 necessario tenere a mente il contesto pi\u00f9 ampio della sostenibilit\u00e0.&nbsp;<\/p>\n\n\n\n<ul><li>Scegliere le opzioni di adattamento<\/li><\/ul>\n\n\n\n<p>Lo sviluppo di un insieme di opzioni di adattamento pu\u00f2 contribuire a sistematizzare le potenziali misure volte a ridurre la vulnerabilit\u00e0 e aumentare la resilienza di un determinato territorio e comunit\u00e0. La piattaforma AdriAdapt offre un proprio catalogo di opzioni di adattamento, suddivise in tre categorie: misure gestionali, verdi e grigie. Le opzioni sono accompagnate da esempi di buone prassi nella loro applicazione. Le opzioni gestionali comprendono misure politiche, giuridiche, sociali, amministrative e finanziarie che implicano modifiche comportamentali e degli stili di governance, contribuendo a migliorare la capacit\u00e0 di adattamento e lo sviluppo sostenibile. Le opzioni verdi utilizzano i processi naturali e tipici degli ecosistemi per aumentare la resilienza e la capacit\u00e0 di adattamento. Le opzioni grigie comportano soluzioni tecnologiche e ingegneristiche per migliorare l&#8217;adattamento di un territorio, delle infrastrutture e delle persone. Il catalogo AdriAdapt pu\u00f2 servire come ispirazione per elaborare specifiche soluzioni di adattamento.&nbsp;<\/p>\n\n\n\n<ul><li>Valutare le opzioni di adattamento<\/li><\/ul>\n\n\n\n<p>Sulla base degli obiettivi strategici e specifici posti nelle fasi 1 e 3, le potenziali opzioni di adattamento devono essere valutate in base alla loro idoneit\u00e0 al contesto locale, alla loro fattibilit\u00e0, all&#8217;efficacia nel ridurre la vulnerabilit\u00e0 o aumentare la resilienza e al loro generale impatto sulla sostenibilit\u00e0. \u00c8 molto importante che la valutazione dell&#8217;opzione di adattamento si basi su criteri comuni e trasparenti, che possono includere: propensione per misure <em>no-regret<\/em> (ossia misure comunque vantaggiose anche in assenza di cambiamenti) o <em>low-regret<\/em> (ossia misure con costi relativamente bassi e benefici significativi), propensione per soluzioni basate sulla natura (misure verdi), semplicit\u00e0 di attuazione, rapporto costi-benefici vantaggioso, minimizzazione dei conflitti e di possibili compromessi, ecc. La valutazione pu\u00f2 essere supportata da differenti approcci metodologici, come un\u2019analisi costi e benefici (<em>cost-benefit analysis<\/em> <em>&#8211; CBA<\/em>), l&#8217;analisi costi-efficacia (<em>cost-effectiveness analysis &#8211; CEA<\/em>) e l&#8217;analisi multicriterio (<em>multi-criteria analysis &#8211; MCA<\/em>). Il risultato di questa fase \u00e8 la chiara identificazione delle prioritarie opzioni di adattamento.<\/p>\n\n\n\n<ul><li>Elaborare il piano<\/li><\/ul>\n\n\n\n<p>Dopo aver valutato il rischio e la vulnerabilit\u00e0 ai cambiamenti climatici (fase 2), aver impostato una visione del futuro desiderato (fase 3) e dopo aver stabilito obiettivi e politiche specifici (fase 1 e 3), si possono stabilire in modo concordato le singole misure di adattamento (fase 4), e pu\u00f2 essere sviluppato, in forma di piano, un quadro per l&#8217;implementazione dell&#8217;adattamento. Il piano di adattamento dovrebbe stabilire i passi che devono essere intrapresi affinch\u00e9 le opzioni di adattamento prioritarie siano trasformate in azioni concrete. Il piano pu\u00f2 essere guidato da una strategia di adattamento precedentemente sviluppata (a livello locale, subnazionale o anche nazionale), mettendo in evidenza l&#8217;orientamento delle azioni e i risultati attesi. Tuttavia, non \u00e8 sempre questo il caso, e gli obiettivi strategici di adattamento possono essere sviluppati insieme al piano, ossia contestualmente ad esso. Il contenuto del piano di adattamento dovr\u00e0 essere concordato tra tutti gli esperti che hanno contribuito al suo sviluppo. Un piano di adattamento non \u00e8 semplicemente un elenco di misure di adattamento ideali, si tratta piuttosto di un documento chiaramente articolato che deve contenere:<\/p>\n\n\n\n<ol><li>una sintesi delle principali sfide climatiche affrontate dal<\/li><li>la visione e gli obiettivi specifici e strategici del processo di adattamento\u00a0<\/li><li>i dettagli di ciascuna misura di adattamento selezionata, compreso il progetto preliminare delle misure se necessario<\/li><li>i costi, i benefici dell&#8217;adattamento e i possibili compromessi legati all\u2019implementazione delle misure di adattamento<\/li><li>i ruoli e le responsabilit\u00e0 nell&#8217;implementazione del piano, compresi quelli pertinenti al coordinamento<\/li><li>i collegamenti con altri documenti strategici e piani non strettamente legati al tema dell\u2019adattamento<\/li><li>l\u2019orizzonte temporale per la realizzazione delle misure di adattamento<\/li><li>le spese complessive per l&#8217;esecuzione del piano<\/li><li>le opzioni di finanziamento disponibili<\/li><li>il sistema di monitoraggio, comunicazione e valutazione (MRE &#8211; Monitoring, reporting and evaluation) (si veda la fase 5)<\/li><\/ol>\n\n\n\n<ul><li>Finanziare il piano<\/li><\/ul>\n\n\n\n<p>Nell&#8217;ambito del piano si raccomanda di individuare i possibili fondi disponibili per l&#8217;attuazione delle misure di adattamento prioritarie. Alcune misure possono essere attuate nell&#8217;ambito di disposizioni previste in altri strumenti di pianificazione intersettoriale o settoriale (si veda la fase 5 in merito all&#8217;integrazione dell&#8217;adattamento nei piani e nei programmi). Per altre misure \u00e8 necessario assicurare risorse dedicate. I programmi di finanziamento UE, in particolare <a href=\"https:\/\/ec.europa.eu\/easme\/en\/life\">LIFE<\/a>, <a href=\"https:\/\/www.interregeurope.eu\/about-us\/2021-2027\/\">INTERREG<\/a> e <a href=\"https:\/\/ec.europa.eu\/info\/horizon-europe_en\">Horizon Europe <\/a>possono sicuramente contribuire al supporto finanziario per l&#8217;attuazione dell&#8217;adattamento a livello locale. <a href=\"https:\/\/ec.europa.eu\/info\/strategy\/priorities-2019-2024\/european-green-deal_en\">Il Green Deal europeo<\/a> aprir\u00e0 ulteriori canali di finanziamento europeo. Altre occasioni possono nascere a livello di programmi di finanziamento nazionali e subnazionali, fondi comunali dedicati, iniziative promosse dal settore privato (comprese le organizzazioni di donatori), prestiti da istituzioni finanziarie (come la Banca europea per gli investimenti), <em>crowdfunding<\/em>, fondi propri individuali (ossia iniziative private con l&#8217;obiettivo di aumentare la propria resilienza) e meccanismi di finanziamento settoriali (nei quali i fondi disponibili non devono necessariamente essere classificati secondo la voce &#8220;adattamento&#8221;, ma possono comunque contribuire ad esso). Si raccomandano flessibilit\u00e0 e una combinazione di diverse fonti di finanziamento, specialmente nei casi in cui \u00e8 difficile assicurare voci di bilancio dedicate a livello locale. Per sapere di pi\u00f9 su tale argomento si consiglia di consultare la Guida alle opzioni di finanziamento per l&#8217;adattamento.\u00a0\u00a0<\/p>\n\n\n\n<p><strong><em>Risultati della fase 4:<\/em><\/strong><\/p>\n\n\n\n<ul><li>Catalogo delle opzioni di adattamento<\/li><li>Opzioni di adattamento prioritarie<\/li><li>Piano di adattamento<\/li><li>Programma di attuazione del piano<\/li><\/ul>\n","protected":false},"excerpt":{"rendered":"<p>Fase 4. Valutare le opzioni ed elaborare il piano di adattamento Le precedenti fasi di questo percorso forniscono elementi di input per la formulazione del piano vero e proprio, nel quale dovrebbero essere evidenziate<\/p>\n","protected":false},"author":1,"featured_media":0,"parent":573,"menu_order":4,"comment_status":"closed","ping_status":"closed","template":"","meta":[],"acf":[],"yoast_head":"<!-- This site is optimized with the Yoast SEO plugin v19.14 - https:\/\/yoast.com\/wordpress\/plugins\/seo\/ -->\n<title>Disegnare il piano - ADRIADAPT<\/title>\n<meta name=\"description\" content=\"Fase 4. Valutare le opzioni ed elaborare il piano di adattamento Le precedenti fasi di questo percorso forniscono elementi di input per la formulazione\" \/>\n<meta name=\"robots\" content=\"index, follow, max-snippet:-1, max-image-preview:large, max-video-preview:-1\" \/>\n<link rel=\"canonical\" href=\"http:\/\/www.adriadapt.eu\/it\/strumento-di-supporto-alla-pianificazione-integrata-delladattamento\/disegnare-il-piano\/\" \/>\n<meta property=\"og:locale\" content=\"it_IT\" \/>\n<meta property=\"og:type\" content=\"article\" \/>\n<meta property=\"og:title\" content=\"Disegnare il piano - ADRIADAPT\" \/>\n<meta property=\"og:description\" content=\"Fase 4. Valutare le opzioni ed elaborare il piano di adattamento Le precedenti fasi di questo percorso forniscono elementi di input per la formulazione\" \/>\n<meta property=\"og:url\" content=\"http:\/\/www.adriadapt.eu\/it\/strumento-di-supporto-alla-pianificazione-integrata-delladattamento\/disegnare-il-piano\/\" \/>\n<meta property=\"og:site_name\" content=\"ADRIADAPT\" \/>\n<meta property=\"article:modified_time\" content=\"2021-07-21T07:02:30+00:00\" \/>\n<meta name=\"twitter:card\" content=\"summary_large_image\" \/>\n<meta name=\"twitter:label1\" content=\"Tempo di lettura stimato\" \/>\n\t<meta name=\"twitter:data1\" content=\"5 minuti\" \/>\n<script type=\"application\/ld+json\" class=\"yoast-schema-graph\">{\"@context\":\"https:\/\/schema.org\",\"@graph\":[{\"@type\":\"WebPage\",\"@id\":\"http:\/\/www.adriadapt.eu\/it\/strumento-di-supporto-alla-pianificazione-integrata-delladattamento\/disegnare-il-piano\/\",\"url\":\"http:\/\/www.adriadapt.eu\/it\/strumento-di-supporto-alla-pianificazione-integrata-delladattamento\/disegnare-il-piano\/\",\"name\":\"Disegnare il piano - ADRIADAPT\",\"isPartOf\":{\"@id\":\"https:\/\/adriadapt.eu\/#website\"},\"datePublished\":\"2020-04-23T06:50:25+00:00\",\"dateModified\":\"2021-07-21T07:02:30+00:00\",\"description\":\"Fase 4. Valutare le opzioni ed elaborare il piano di adattamento Le precedenti fasi di questo percorso forniscono elementi di input per la formulazione\",\"breadcrumb\":{\"@id\":\"http:\/\/www.adriadapt.eu\/it\/strumento-di-supporto-alla-pianificazione-integrata-delladattamento\/disegnare-il-piano\/#breadcrumb\"},\"inLanguage\":\"it-IT\",\"potentialAction\":[{\"@type\":\"ReadAction\",\"target\":[\"http:\/\/www.adriadapt.eu\/it\/strumento-di-supporto-alla-pianificazione-integrata-delladattamento\/disegnare-il-piano\/\"]}]},{\"@type\":\"BreadcrumbList\",\"@id\":\"http:\/\/www.adriadapt.eu\/it\/strumento-di-supporto-alla-pianificazione-integrata-delladattamento\/disegnare-il-piano\/#breadcrumb\",\"itemListElement\":[{\"@type\":\"ListItem\",\"position\":1,\"name\":\"Home\",\"item\":\"http:\/\/adriadapt.eu\/it\/\"},{\"@type\":\"ListItem\",\"position\":2,\"name\":\"Strumento di supporto alla pianificazione integrata dell\u2019adattamento\",\"item\":\"http:\/\/www.adriadapt.eu\/it\/strumento-di-supporto-alla-pianificazione-integrata-delladattamento\/\"},{\"@type\":\"ListItem\",\"position\":3,\"name\":\"Disegnare il piano\"}]},{\"@type\":\"WebSite\",\"@id\":\"https:\/\/adriadapt.eu\/#website\",\"url\":\"https:\/\/adriadapt.eu\/\",\"name\":\"ADRIADAPT\",\"description\":\"a Resilience information platform for Adriatic cities and towns\",\"potentialAction\":[{\"@type\":\"SearchAction\",\"target\":{\"@type\":\"EntryPoint\",\"urlTemplate\":\"https:\/\/adriadapt.eu\/?s={search_term_string}\"},\"query-input\":\"required name=search_term_string\"}],\"inLanguage\":\"it-IT\"}]}<\/script>\n<!-- \/ Yoast SEO plugin. -->","yoast_head_json":{"title":"Disegnare il piano - ADRIADAPT","description":"Fase 4. Valutare le opzioni ed elaborare il piano di adattamento Le precedenti fasi di questo percorso forniscono elementi di input per la formulazione","robots":{"index":"index","follow":"follow","max-snippet":"max-snippet:-1","max-image-preview":"max-image-preview:large","max-video-preview":"max-video-preview:-1"},"canonical":"http:\/\/www.adriadapt.eu\/it\/strumento-di-supporto-alla-pianificazione-integrata-delladattamento\/disegnare-il-piano\/","og_locale":"it_IT","og_type":"article","og_title":"Disegnare il piano - ADRIADAPT","og_description":"Fase 4. Valutare le opzioni ed elaborare il piano di adattamento Le precedenti fasi di questo percorso forniscono elementi di input per la formulazione","og_url":"http:\/\/www.adriadapt.eu\/it\/strumento-di-supporto-alla-pianificazione-integrata-delladattamento\/disegnare-il-piano\/","og_site_name":"ADRIADAPT","article_modified_time":"2021-07-21T07:02:30+00:00","twitter_card":"summary_large_image","twitter_misc":{"Tempo di lettura stimato":"5 minuti"},"schema":{"@context":"https:\/\/schema.org","@graph":[{"@type":"WebPage","@id":"http:\/\/www.adriadapt.eu\/it\/strumento-di-supporto-alla-pianificazione-integrata-delladattamento\/disegnare-il-piano\/","url":"http:\/\/www.adriadapt.eu\/it\/strumento-di-supporto-alla-pianificazione-integrata-delladattamento\/disegnare-il-piano\/","name":"Disegnare il piano - ADRIADAPT","isPartOf":{"@id":"https:\/\/adriadapt.eu\/#website"},"datePublished":"2020-04-23T06:50:25+00:00","dateModified":"2021-07-21T07:02:30+00:00","description":"Fase 4. Valutare le opzioni ed elaborare il piano di adattamento Le precedenti fasi di questo percorso forniscono elementi di input per la formulazione","breadcrumb":{"@id":"http:\/\/www.adriadapt.eu\/it\/strumento-di-supporto-alla-pianificazione-integrata-delladattamento\/disegnare-il-piano\/#breadcrumb"},"inLanguage":"it-IT","potentialAction":[{"@type":"ReadAction","target":["http:\/\/www.adriadapt.eu\/it\/strumento-di-supporto-alla-pianificazione-integrata-delladattamento\/disegnare-il-piano\/"]}]},{"@type":"BreadcrumbList","@id":"http:\/\/www.adriadapt.eu\/it\/strumento-di-supporto-alla-pianificazione-integrata-delladattamento\/disegnare-il-piano\/#breadcrumb","itemListElement":[{"@type":"ListItem","position":1,"name":"Home","item":"http:\/\/adriadapt.eu\/it\/"},{"@type":"ListItem","position":2,"name":"Strumento di supporto alla pianificazione integrata dell\u2019adattamento","item":"http:\/\/www.adriadapt.eu\/it\/strumento-di-supporto-alla-pianificazione-integrata-delladattamento\/"},{"@type":"ListItem","position":3,"name":"Disegnare il piano"}]},{"@type":"WebSite","@id":"https:\/\/adriadapt.eu\/#website","url":"https:\/\/adriadapt.eu\/","name":"ADRIADAPT","description":"a Resilience information platform for Adriatic cities and towns","potentialAction":[{"@type":"SearchAction","target":{"@type":"EntryPoint","urlTemplate":"https:\/\/adriadapt.eu\/?s={search_term_string}"},"query-input":"required name=search_term_string"}],"inLanguage":"it-IT"}]}},"_links":{"self":[{"href":"https:\/\/adriadapt.eu\/it\/wp-json\/wp\/v2\/pages\/578"}],"collection":[{"href":"https:\/\/adriadapt.eu\/it\/wp-json\/wp\/v2\/pages"}],"about":[{"href":"https:\/\/adriadapt.eu\/it\/wp-json\/wp\/v2\/types\/page"}],"author":[{"embeddable":true,"href":"https:\/\/adriadapt.eu\/it\/wp-json\/wp\/v2\/users\/1"}],"replies":[{"embeddable":true,"href":"https:\/\/adriadapt.eu\/it\/wp-json\/wp\/v2\/comments?post=578"}],"version-history":[{"count":4,"href":"https:\/\/adriadapt.eu\/it\/wp-json\/wp\/v2\/pages\/578\/revisions"}],"predecessor-version":[{"id":1629,"href":"https:\/\/adriadapt.eu\/it\/wp-json\/wp\/v2\/pages\/578\/revisions\/1629"}],"up":[{"embeddable":true,"href":"https:\/\/adriadapt.eu\/it\/wp-json\/wp\/v2\/pages\/573"}],"wp:attachment":[{"href":"https:\/\/adriadapt.eu\/it\/wp-json\/wp\/v2\/media?parent=578"}],"curies":[{"name":"wp","href":"https:\/\/api.w.org\/{rel}","templated":true}]}}